{"id":700814,"date":"2025-08-27T15:02:19","date_gmt":"2025-08-27T12:02:19","guid":{"rendered":"https:\/\/roveyayinevi.com.tr\/index.php\/urun\/orta-asyaya-seyahat\/"},"modified":"2026-04-16T02:10:04","modified_gmt":"2026-04-15T23:10:04","slug":"orta-asyaya-seyahat","status":"publish","type":"product","link":"https:\/\/roveyayinevi.com.tr\/index.php\/urun\/orta-asyaya-seyahat\/","title":{"rendered":"Orta Asya\u2019ya Seyahat"},"content":{"rendered":"<p>1853 y\u0131l\u0131nda do\u011fup 1933\u2019te \u00f6len Frans\u0131z as\u0131ll\u0131 Gabriel Bonvalot, arkada\u015f\u0131 Capus ile 1886-1887 y\u0131llar\u0131nda T\u00fcrkistan\u2019a bir gezi yapm\u0131\u015ft\u0131r. Kendi deyimiyle, \u201cilm\u00ee misyonerler\u201d olarak Orta Asya\u2019ya gitmi\u015f, bir yandan b\u00f6lgeye has bitki, hayvan ve ta\u015f \u00f6rnekleri toplarken di\u011fer yandan Orta Asya\u2019daki T\u00fcrklerin ya\u015fay\u0131\u015flar\u0131n\u0131, \u00e7al\u0131\u015fmalar\u0131n\u0131, e\u011flencelerini ve d\u00fc\u015f\u00fcncelerini ara\u015ft\u0131rm\u0131\u015ft\u0131r. <\/p>\n","protected":false},"excerpt":{"rendered":"<p>1853 y\u0131l\u0131nda do\u011fup 1933\u2019te \u00f6len Frans\u0131z as\u0131ll\u0131 Gabriel Bonvalot, arkada\u015f\u0131 Capus ile 1886-1887 y\u0131llar\u0131nda T\u00fcrkistan\u2019a bir gezi yapm\u0131\u015ft\u0131r. Kendi deyimiyle, \u201cilm\u00ee misyonerler\u201d olarak Orta Asya\u2019ya gitmi\u015f,<span class=\"excerpt-hellip\"> [\u2026]<\/span><\/p>\n","protected":false},"featured_media":0,"template":"","meta":{"_monsterinsights_skip_tracking":false,"_monsterinsights_sitenote_active":false,"_monsterinsights_sitenote_note":"","_monsterinsights_sitenote_category":0},"product_brand":[],"product_cat":[13055,13054],"product_tag":[],"class_list":{"0":"post-700814","1":"product","2":"type-product","3":"status-publish","5":"product_cat-gezi-rehberi","6":"product_cat-gezi-ve-rehber-kitaplari","7":"pa_tur-kitap","8":"pa_yayinevi-bilge-kultur-sanat","9":"pa_yazar-gabriel-bonvalot","11":"first","12":"instock","13":"sale","14":"shipping-taxable","15":"purchasable","16":"product-type-simple"},"_links":{"self":[{"href":"https:\/\/roveyayinevi.com.tr\/index.php\/wp-json\/wp\/v2\/product\/700814","targetHints":{"allow":["GET"]}}],"collection":[{"href":"https:\/\/roveyayinevi.com.tr\/index.php\/wp-json\/wp\/v2\/product"}],"about":[{"href":"https:\/\/roveyayinevi.com.tr\/index.php\/wp-json\/wp\/v2\/types\/product"}],"wp:attachment":[{"href":"https:\/\/roveyayinevi.com.tr\/index.php\/wp-json\/wp\/v2\/media?parent=700814"}],"wp:term":[{"taxonomy":"product_brand","embeddable":true,"href":"https:\/\/roveyayinevi.com.tr\/index.php\/wp-json\/wp\/v2\/product_brand?post=700814"},{"taxonomy":"product_cat","embeddable":true,"href":"https:\/\/roveyayinevi.com.tr\/index.php\/wp-json\/wp\/v2\/product_cat?post=700814"},{"taxonomy":"product_tag","embeddable":true,"href":"https:\/\/roveyayinevi.com.tr\/index.php\/wp-json\/wp\/v2\/product_tag?post=700814"}],"curies":[{"name":"wp","href":"https:\/\/api.w.org\/{rel}","templated":true}]}}