{"id":700812,"date":"2025-08-27T15:02:19","date_gmt":"2025-08-27T12:02:19","guid":{"rendered":"https:\/\/roveyayinevi.com.tr\/index.php\/urun\/27-mayistan-12-marta-turk-dis-politikasi\/"},"modified":"2026-04-16T02:10:04","modified_gmt":"2026-04-15T23:10:04","slug":"27-mayistan-12-marta-turk-dis-politikasi","status":"publish","type":"product","link":"https:\/\/roveyayinevi.com.tr\/index.php\/urun\/27-mayistan-12-marta-turk-dis-politikasi\/","title":{"rendered":"27 May\u0131s\u2019tan 12 Mart\u2019a T\u00fcrk D\u0131\u015f Politikas\u0131"},"content":{"rendered":"<p>\u202227 May\u0131s H\u00fck\u00fcmeti\u2019nin Balkanlar, Ortado\u011fu, Afrika, Uzakdo\u011fu ve Latin Amerika ili\u015fkilerine verdi\u011fi \u00f6nem.\u2022Birle\u015fik Arap Cumhuriyeti ve Irak gibi devrimci y\u00f6netimlerle iyi ili\u015fkiler kurma karar\u0131.\u2022Bat\u0131l\u0131 m\u00fcttefiklerle \u201ce\u015fitlik\u201d temelinde ili\u015fkiler.\u2022Sovyetler Birli\u011fi ile dostluk ili\u015fkilerinin yeniden geli\u015ftirilmesi. \u2022\u201cBa\u011flant\u0131s\u0131z \u00dclkeler\u201dle ili\u015fkiye ge\u00e7ilmesi.\u2022Koalisyon H\u00fck\u00fcmetleri\u2019nin, Amerikan yard\u0131mlar\u0131n\u0131n kesilebilece\u011fi kayg\u0131s\u0131yla \u015fekillenmi\u015f NATO politikas\u0131.\u2022T\u00fcrkiye\u2019yi sarsan \u00fcnl\u00fc \u201cJohnson Mektubu\u201d.\u2022K\u00fcba f\u00fcze buhran\u0131n\u0131n y\u00fcz\u00fcm\u00fcze \u00e7arpt\u0131\u011f\u0131 ger\u00e7ek: Buyurgan ABD, buyrulan T\u00fcrkiye.\u2022Sovyetler\u2019in, Bat\u0131\u2019dan daha iyi ko\u015fullarlaT\u00fcrkiye\u2019ye yard\u0131m etme \u00f6nerisi.\u2022T\u00fcrkiye-AET ortakl\u0131\u011f\u0131nda \u201cYeni T\u00fcrk Tezi\u201d. <\/p>\n","protected":false},"excerpt":{"rendered":"<p>\u202227 May\u0131s H\u00fck\u00fcmeti\u2019nin Balkanlar, Ortado\u011fu, Afrika, Uzakdo\u011fu ve Latin Amerika ili\u015fkilerine verdi\u011fi \u00f6nem.\u2022Birle\u015fik Arap Cumhuriyeti ve Irak gibi devrimci y\u00f6netimlerle iyi ili\u015fkiler kurma karar\u0131.\u2022Bat\u0131l\u0131 m\u00fcttefiklerle \u201ce\u015fitlik\u201d<span class=\"excerpt-hellip\"> [\u2026]<\/span><\/p>\n","protected":false},"featured_media":0,"template":"","meta":{"_monsterinsights_skip_tracking":false,"_monsterinsights_sitenote_active":false,"_monsterinsights_sitenote_note":"","_monsterinsights_sitenote_category":0},"product_brand":[],"product_cat":[13059,12337],"product_tag":[],"class_list":{"0":"post-700812","1":"product","2":"type-product","3":"status-publish","5":"product_cat-diger-politika-siyaset","6":"product_cat-politika-siyaset","7":"pa_tur-kitap","8":"pa_yayinevi-kaynak-yayinlari","9":"pa_yazar-huner-tuncer","11":"first","12":"instock","13":"sale","14":"shipping-taxable","15":"purchasable","16":"product-type-simple"},"_links":{"self":[{"href":"https:\/\/roveyayinevi.com.tr\/index.php\/wp-json\/wp\/v2\/product\/700812","targetHints":{"allow":["GET"]}}],"collection":[{"href":"https:\/\/roveyayinevi.com.tr\/index.php\/wp-json\/wp\/v2\/product"}],"about":[{"href":"https:\/\/roveyayinevi.com.tr\/index.php\/wp-json\/wp\/v2\/types\/product"}],"wp:attachment":[{"href":"https:\/\/roveyayinevi.com.tr\/index.php\/wp-json\/wp\/v2\/media?parent=700812"}],"wp:term":[{"taxonomy":"product_brand","embeddable":true,"href":"https:\/\/roveyayinevi.com.tr\/index.php\/wp-json\/wp\/v2\/product_brand?post=700812"},{"taxonomy":"product_cat","embeddable":true,"href":"https:\/\/roveyayinevi.com.tr\/index.php\/wp-json\/wp\/v2\/product_cat?post=700812"},{"taxonomy":"product_tag","embeddable":true,"href":"https:\/\/roveyayinevi.com.tr\/index.php\/wp-json\/wp\/v2\/product_tag?post=700812"}],"curies":[{"name":"wp","href":"https:\/\/api.w.org\/{rel}","templated":true}]}}