{"id":700808,"date":"2025-08-27T15:02:18","date_gmt":"2025-08-27T12:02:18","guid":{"rendered":"https:\/\/roveyayinevi.com.tr\/index.php\/urun\/citir-citir-felsefe-serisi-26-ahlaki-olan-ve-olmayan\/"},"modified":"2026-04-16T02:10:04","modified_gmt":"2026-04-15T23:10:04","slug":"citir-citir-felsefe-serisi-26-ahlaki-olan-ve-olmayan","status":"publish","type":"product","link":"https:\/\/roveyayinevi.com.tr\/index.php\/urun\/citir-citir-felsefe-serisi-26-ahlaki-olan-ve-olmayan\/","title":{"rendered":"\u00c7\u0131t\u0131r \u00c7\u0131t\u0131r Felsefe Serisi 26 &#8211; Ahlaki Olan ve Olmayan"},"content":{"rendered":"<p>Vicdan olmadan ahlak olur mu?Bir \u015feyin as\u0131rlard\u0131r yap\u0131lagelmesi, o \u015feyin iyi oldu\u011fu anlam\u0131na gelmez. T\u00f6reler, gelenekler, inan\u0131\u015flar, al\u0131\u015fkanl\u0131klar hi\u00e7bir \u015feyi kan\u0131tlamaz. Hatta kimi zaman akl\u0131 uyutabilirler. Bug\u00fcne kadar hep yap\u0131lagelen \u015feyleri, hi\u00e7 sorgulamadan tekrarlama tehlikesiyle kar\u015f\u0131 kar\u015f\u0131ya kal\u0131r\u0131z\u2026 \u0130\u015fte bu y\u00fczden, birlikte ve \u00f6zg\u00fcrce ya\u015famak i\u00e7in hepimizin, i\u00e7selle\u015ftirilmi\u015f ahlaki kurallara ihtiyac\u0131 var. <\/p>\n","protected":false},"excerpt":{"rendered":"<p>Vicdan olmadan ahlak olur mu?Bir \u015feyin as\u0131rlard\u0131r yap\u0131lagelmesi, o \u015feyin iyi oldu\u011fu anlam\u0131na gelmez. T\u00f6reler, gelenekler, inan\u0131\u015flar, al\u0131\u015fkanl\u0131klar hi\u00e7bir \u015feyi kan\u0131tlamaz. Hatta kimi zaman akl\u0131 uyutabilirler.<span class=\"excerpt-hellip\"> [\u2026]<\/span><\/p>\n","protected":false},"featured_media":0,"template":"","meta":{"_monsterinsights_skip_tracking":false,"_monsterinsights_sitenote_active":false,"_monsterinsights_sitenote_note":"","_monsterinsights_sitenote_category":0},"product_brand":[],"product_cat":[12274,12631],"product_tag":[],"class_list":{"0":"post-700808","1":"product","2":"type-product","3":"status-publish","5":"product_cat-cocuk-ve-genclik-kitaplari","6":"product_cat-diger-cocuk-ve-genclik-kitaplari","7":"pa_cilt-ciltsiz","8":"pa_tur-kitap","9":"pa_yayinevi-gunisigi-kitapligi","10":"pa_yazar-brigitte-labbe","12":"first","13":"instock","14":"sale","15":"shipping-taxable","16":"purchasable","17":"product-type-simple"},"_links":{"self":[{"href":"https:\/\/roveyayinevi.com.tr\/index.php\/wp-json\/wp\/v2\/product\/700808","targetHints":{"allow":["GET"]}}],"collection":[{"href":"https:\/\/roveyayinevi.com.tr\/index.php\/wp-json\/wp\/v2\/product"}],"about":[{"href":"https:\/\/roveyayinevi.com.tr\/index.php\/wp-json\/wp\/v2\/types\/product"}],"wp:attachment":[{"href":"https:\/\/roveyayinevi.com.tr\/index.php\/wp-json\/wp\/v2\/media?parent=700808"}],"wp:term":[{"taxonomy":"product_brand","embeddable":true,"href":"https:\/\/roveyayinevi.com.tr\/index.php\/wp-json\/wp\/v2\/product_brand?post=700808"},{"taxonomy":"product_cat","embeddable":true,"href":"https:\/\/roveyayinevi.com.tr\/index.php\/wp-json\/wp\/v2\/product_cat?post=700808"},{"taxonomy":"product_tag","embeddable":true,"href":"https:\/\/roveyayinevi.com.tr\/index.php\/wp-json\/wp\/v2\/product_tag?post=700808"}],"curies":[{"name":"wp","href":"https:\/\/api.w.org\/{rel}","templated":true}]}}