{"id":700806,"date":"2025-08-27T15:02:17","date_gmt":"2025-08-27T12:02:17","guid":{"rendered":"https:\/\/roveyayinevi.com.tr\/index.php\/urun\/baris-zinciri\/"},"modified":"2026-04-16T02:10:04","modified_gmt":"2026-04-15T23:10:04","slug":"baris-zinciri","status":"publish","type":"product","link":"https:\/\/roveyayinevi.com.tr\/index.php\/urun\/baris-zinciri\/","title":{"rendered":"Bar\u0131\u015f Zinciri"},"content":{"rendered":"<p>\u201cD\u00fcnyada \u2018sava\u015f su\u00e7lular\u0131\u2019 g\u00f6r\u00fclm\u00fc\u015ft\u00fcr ama \u2018bar\u0131\u015f su\u00e7lular\u0131\u2019 g\u00f6r\u00fclmemi\u015ftir!\u201d \u201cSu\u00e7umuz bar\u0131\u015f istemek! \u2018\u0130nsanlar sava\u015flarda \u00f6lmesinler\u2019 demek! D\u00fcnyan\u0131n her yerinden y\u00fckselen, insanca \u2018bar\u0131\u015f\u2019 seslerine yurdumuzdan \u2018biz de var\u0131z\u2019 diye kat\u0131lmak!\u201d \u201cArt\u0131k bilinmektedir ki bu davada, i\u015flenmi\u015f\/somut su\u00e7lar de\u011fil, d\u00fcnyan\u0131n b\u00fcy\u00fck \u00e7o\u011funlu\u011funun payla\u015ft\u0131\u011f\u0131 ve birle\u015fti\u011fi bar\u0131\u015f\u00e7\u0131 bir d\u00fc\u015f\u00fcnce yarg\u0131lanmaktad\u0131r!\u201d \u201cBar\u0131\u015f bir zorunluluktur; varl\u0131k-yokluk sorunudur\u2026 Bar\u0131\u015f\u0131 kurmak, s\u00fcreklili\u011fini sa\u011flamak da emek ister, \u00e7aba ister\u2026\u201d 1977\u2019de ve 2002\u2019de CHP\u2019den Denizli Milletvekili se\u00e7ilen, 12 Eyl\u00fcl 1980\u2019de Dil \u0130stihbarat Okulunda g\u00f6zalt\u0131nda tutulan, E\u011fitimciler Derne\u011fi (E\u011e\u0130T-DER) Genel Ba\u015fkanl\u0131\u011f\u0131 (1990), SHP Genel Sekreter Yard\u0131mc\u0131l\u0131\u011f\u0131 (1992) yapan Mustafa Gazalc\u0131, bir y\u0131la yak\u0131n tutuklu kald\u0131\u011f\u0131 \u201cBar\u0131\u015f Derne\u011fi Davas\u0131\u201dn\u0131 t\u00fcm y\u00f6nleriyle, belge ve foto\u011fraflarla anlat\u0131yor. <\/p>\n","protected":false},"excerpt":{"rendered":"<p>\u201cD\u00fcnyada \u2018sava\u015f su\u00e7lular\u0131\u2019 g\u00f6r\u00fclm\u00fc\u015ft\u00fcr ama \u2018bar\u0131\u015f su\u00e7lular\u0131\u2019 g\u00f6r\u00fclmemi\u015ftir!\u201d \u201cSu\u00e7umuz bar\u0131\u015f istemek! \u2018\u0130nsanlar sava\u015flarda \u00f6lmesinler\u2019 demek! D\u00fcnyan\u0131n her yerinden y\u00fckselen, insanca \u2018bar\u0131\u015f\u2019 seslerine yurdumuzdan \u2018biz de var\u0131z\u2019<span class=\"excerpt-hellip\"> [\u2026]<\/span><\/p>\n","protected":false},"featured_media":0,"template":"","meta":{"_monsterinsights_skip_tracking":false,"_monsterinsights_sitenote_active":false,"_monsterinsights_sitenote_note":"","_monsterinsights_sitenote_category":0},"product_brand":[],"product_cat":[12337,14543],"product_tag":[],"class_list":{"0":"post-700806","1":"product","2":"type-product","3":"status-publish","5":"product_cat-politika-siyaset","6":"product_cat-turkiye-siyaseti-ve-politikasi","7":"pa_tur-kitap","8":"pa_yayinevi-bilgi-yayinevi","9":"pa_yazar-mustafa-gazalci","11":"first","12":"instock","13":"sale","14":"shipping-taxable","15":"purchasable","16":"product-type-simple"},"_links":{"self":[{"href":"https:\/\/roveyayinevi.com.tr\/index.php\/wp-json\/wp\/v2\/product\/700806","targetHints":{"allow":["GET"]}}],"collection":[{"href":"https:\/\/roveyayinevi.com.tr\/index.php\/wp-json\/wp\/v2\/product"}],"about":[{"href":"https:\/\/roveyayinevi.com.tr\/index.php\/wp-json\/wp\/v2\/types\/product"}],"wp:attachment":[{"href":"https:\/\/roveyayinevi.com.tr\/index.php\/wp-json\/wp\/v2\/media?parent=700806"}],"wp:term":[{"taxonomy":"product_brand","embeddable":true,"href":"https:\/\/roveyayinevi.com.tr\/index.php\/wp-json\/wp\/v2\/product_brand?post=700806"},{"taxonomy":"product_cat","embeddable":true,"href":"https:\/\/roveyayinevi.com.tr\/index.php\/wp-json\/wp\/v2\/product_cat?post=700806"},{"taxonomy":"product_tag","embeddable":true,"href":"https:\/\/roveyayinevi.com.tr\/index.php\/wp-json\/wp\/v2\/product_tag?post=700806"}],"curies":[{"name":"wp","href":"https:\/\/api.w.org\/{rel}","templated":true}]}}