{"id":700805,"date":"2025-08-27T15:02:17","date_gmt":"2025-08-27T12:02:17","guid":{"rendered":"https:\/\/roveyayinevi.com.tr\/index.php\/urun\/turquerie-ve-temsil-politikasi-1728-1876\/"},"modified":"2026-04-16T02:10:04","modified_gmt":"2026-04-15T23:10:04","slug":"turquerie-ve-temsil-politikasi-1728-1876","status":"publish","type":"product","link":"https:\/\/roveyayinevi.com.tr\/index.php\/urun\/turquerie-ve-temsil-politikasi-1728-1876\/","title":{"rendered":"Turquerie ve Temsil Politikas\u0131, 1728-1876"},"content":{"rendered":"<p>On sekizinci ve on dokuzuncu y\u00fczy\u0131llarda Bat\u0131 Avrupa\u2019daki Osmanl\u0131\/T\u00fcrk esinli mimarinin incelenmesine adanm\u0131\u015f ilk kitap boyutundaki bu \u00e7al\u0131\u015fmada Nebahat Avc\u0131o\u011flu, k\u00fclt\u00fcrel s\u0131n\u0131rlar meselesinde ayr\u0131mlar\u0131 de\u011fil, \u00e7e\u015fitlili\u011fin uyumunu vurguluyor. Egzotizmin s\u0131n\u0131rlar\u0131na indirgenen turquerie&#8217;yi, k\u00fclt\u00fcrleraras\u0131 bir sanat formu olarak de\u011ferlendiriyor. Yazar, bug\u00fcne kadar ihmal edilmi\u015f resimlere, tasar\u0131mlara ve binalara bakarak Bat\u0131\u2019n\u0131n Osmanl\u0131 \u0130mparatorlu\u011fu ilgisini \u00f6ztemsil ve milli politika mefhumlar\u0131na ba\u011fl\u0131yor. Turquerie ve Temsil Politikas\u0131, 1728-1876, Avrupal\u0131lar\u0131n ilham i\u00e7in, ne gibi etkiler alt\u0131nda, neden T\u00fcrklere d\u00f6nd\u00fc\u011f\u00fcn\u00fc ara\u015ft\u0131r\u0131rken, bu d\u00f6nemdeki sanat ve mimarinin kapsaml\u0131 bir k\u00fclt\u00fcrel yorumlamas\u0131n\u0131 sunuyor. <\/p>\n","protected":false},"excerpt":{"rendered":"<p>On sekizinci ve on dokuzuncu y\u00fczy\u0131llarda Bat\u0131 Avrupa\u2019daki Osmanl\u0131\/T\u00fcrk esinli mimarinin incelenmesine adanm\u0131\u015f ilk kitap boyutundaki bu \u00e7al\u0131\u015fmada Nebahat Avc\u0131o\u011flu, k\u00fclt\u00fcrel s\u0131n\u0131rlar meselesinde ayr\u0131mlar\u0131 de\u011fil, \u00e7e\u015fitlili\u011fin<span class=\"excerpt-hellip\"> [\u2026]<\/span><\/p>\n","protected":false},"featured_media":0,"template":"","meta":{"_monsterinsights_skip_tracking":false,"_monsterinsights_sitenote_active":false,"_monsterinsights_sitenote_note":"","_monsterinsights_sitenote_category":0},"product_brand":[],"product_cat":[19373,12408],"product_tag":[],"class_list":{"0":"post-700805","1":"product","2":"type-product","3":"status-publish","5":"product_cat-grafik-sanatlar","6":"product_cat-sanat","7":"pa_tur-kitap","8":"pa_yayinevi-koc-universitesi-yayinlari","9":"pa_yazar-nebahat-avcioglu","11":"first","12":"instock","13":"sale","14":"shipping-taxable","15":"purchasable","16":"product-type-simple"},"_links":{"self":[{"href":"https:\/\/roveyayinevi.com.tr\/index.php\/wp-json\/wp\/v2\/product\/700805","targetHints":{"allow":["GET"]}}],"collection":[{"href":"https:\/\/roveyayinevi.com.tr\/index.php\/wp-json\/wp\/v2\/product"}],"about":[{"href":"https:\/\/roveyayinevi.com.tr\/index.php\/wp-json\/wp\/v2\/types\/product"}],"wp:attachment":[{"href":"https:\/\/roveyayinevi.com.tr\/index.php\/wp-json\/wp\/v2\/media?parent=700805"}],"wp:term":[{"taxonomy":"product_brand","embeddable":true,"href":"https:\/\/roveyayinevi.com.tr\/index.php\/wp-json\/wp\/v2\/product_brand?post=700805"},{"taxonomy":"product_cat","embeddable":true,"href":"https:\/\/roveyayinevi.com.tr\/index.php\/wp-json\/wp\/v2\/product_cat?post=700805"},{"taxonomy":"product_tag","embeddable":true,"href":"https:\/\/roveyayinevi.com.tr\/index.php\/wp-json\/wp\/v2\/product_tag?post=700805"}],"curies":[{"name":"wp","href":"https:\/\/api.w.org\/{rel}","templated":true}]}}