{"id":700804,"date":"2025-08-27T15:02:17","date_gmt":"2025-08-27T12:02:17","guid":{"rendered":"https:\/\/roveyayinevi.com.tr\/index.php\/urun\/unutulmus-krallik-antik-alalahta-arkeoloji-ve-fotograf\/"},"modified":"2026-04-16T02:10:04","modified_gmt":"2026-04-15T23:10:04","slug":"unutulmus-krallik-antik-alalahta-arkeoloji-ve-fotograf","status":"publish","type":"product","link":"https:\/\/roveyayinevi.com.tr\/index.php\/urun\/unutulmus-krallik-antik-alalahta-arkeoloji-ve-fotograf\/","title":{"rendered":"Unutulmu\u015f Krall\u0131k: Antik Alalah&#8217;ta Arkeoloji ve Foto\u011fraf"},"content":{"rendered":"<p>Unutulmu\u015f Krall\u0131k, A\u00e7\u00e7ana H\u00f6y\u00fck, antik Alalah kentinde hem 1930 ve 40\u2019larda hem gu\u0308nu\u0308mu\u0308zde yap\u0131lan kaz\u0131larda \u00e7ekilmi\u015f foto\u011fraflardan bir derleme sunarak, erken yirminci yu\u0308zy\u0131ldan yirmi birinci yu\u0308zy\u0131la arkeoloji tarihi, foto\u011fraf\u00e7\u0131l\u0131\u011f\u0131 ve toplum peyzaj\u0131na kar\u015f\u0131la\u015ft\u0131rmal\u0131 bir bak\u0131\u015f sa\u011flamaktad\u0131r. Antik yerle\u015fim, Tu\u0308rkiye\u2019nin gu\u0308neyinde yer alan gu\u0308nu\u0308mu\u0308z Antakya\u2019s\u0131 yak\u0131nlar\u0131ndaki Amik Ovas\u0131\u2019nda Asi Nehri\u2019nin kenar\u0131nda yer almaktad\u0131r. H\u00f6yu\u0308k, b\u00f6lgedeki en bu\u0308yu\u0308k orta ve ge\u00e7 tun\u00e7 \u00e7a\u011f\u0131 yerle\u015fimi olup \u0130\u00d6 ikinci biny\u0131lda Muki\u015f Krall\u0131\u011f\u0131\u2019n\u0131n ba\u015fkentli\u011fini yapm\u0131\u015ft\u0131r. <\/p>\n","protected":false},"excerpt":{"rendered":"<p>Unutulmu\u015f Krall\u0131k, A\u00e7\u00e7ana H\u00f6y\u00fck, antik Alalah kentinde hem 1930 ve 40\u2019larda hem gu\u0308nu\u0308mu\u0308zde yap\u0131lan kaz\u0131larda \u00e7ekilmi\u015f foto\u011fraflardan bir derleme sunarak, erken yirminci yu\u0308zy\u0131ldan yirmi birinci yu\u0308zy\u0131la<span class=\"excerpt-hellip\"> [\u2026]<\/span><\/p>\n","protected":false},"featured_media":0,"template":"","meta":{"_monsterinsights_skip_tracking":false,"_monsterinsights_sitenote_active":false,"_monsterinsights_sitenote_note":"","_monsterinsights_sitenote_category":0},"product_brand":[],"product_cat":[12312,12304],"product_tag":[],"class_list":{"0":"post-700804","1":"product","2":"type-product","3":"status-publish","5":"product_cat-diger","6":"product_cat-tarih","7":"pa_tur-kitap","8":"pa_yayinevi-koc-universitesi-yayinlari","9":"pa_yazar-k-aslihan-yener","11":"first","12":"instock","13":"sale","14":"shipping-taxable","15":"purchasable","16":"product-type-simple"},"_links":{"self":[{"href":"https:\/\/roveyayinevi.com.tr\/index.php\/wp-json\/wp\/v2\/product\/700804","targetHints":{"allow":["GET"]}}],"collection":[{"href":"https:\/\/roveyayinevi.com.tr\/index.php\/wp-json\/wp\/v2\/product"}],"about":[{"href":"https:\/\/roveyayinevi.com.tr\/index.php\/wp-json\/wp\/v2\/types\/product"}],"wp:attachment":[{"href":"https:\/\/roveyayinevi.com.tr\/index.php\/wp-json\/wp\/v2\/media?parent=700804"}],"wp:term":[{"taxonomy":"product_brand","embeddable":true,"href":"https:\/\/roveyayinevi.com.tr\/index.php\/wp-json\/wp\/v2\/product_brand?post=700804"},{"taxonomy":"product_cat","embeddable":true,"href":"https:\/\/roveyayinevi.com.tr\/index.php\/wp-json\/wp\/v2\/product_cat?post=700804"},{"taxonomy":"product_tag","embeddable":true,"href":"https:\/\/roveyayinevi.com.tr\/index.php\/wp-json\/wp\/v2\/product_tag?post=700804"}],"curies":[{"name":"wp","href":"https:\/\/api.w.org\/{rel}","templated":true}]}}