{"id":700801,"date":"2025-08-27T15:02:16","date_gmt":"2025-08-27T12:02:16","guid":{"rendered":"https:\/\/roveyayinevi.com.tr\/index.php\/urun\/dunyada-gida-teroru\/"},"modified":"2026-04-16T02:10:03","modified_gmt":"2026-04-15T23:10:03","slug":"dunyada-gida-teroru","status":"publish","type":"product","link":"https:\/\/roveyayinevi.com.tr\/index.php\/urun\/dunyada-gida-teroru\/","title":{"rendered":"D\u00fcnyada G\u0131da Ter\u00f6r\u00fc"},"content":{"rendered":"<p>G\u0131da sekt\u00f6r\u00fc taraf\u0131ndan \u00fcretilen ve aldat\u0131c\u0131 reklamlarla dezenformasyonlarla insanlar i\u00e7in elzem g\u0131da maddesi olarak sunulan i\u015flenmi\u015f ve binlerce katk\u0131 maddesi kullan\u0131lm\u0131\u015f g\u0131dalar insanlar\u0131n sa\u011fl\u0131\u011f\u0131na de\u011fil y\u00fcz milyarlarlarca dolarl\u0131k piyasas\u0131 olan g\u0131da sekt\u00f6r\u00fcn\u00fcn yarar\u0131na \u00e7al\u0131\u015f\u0131r. Bu g\u0131dalarla insanlar sa\u011fl\u0131\u011f\u0131n\u0131 kaybederken g\u0131da sekt\u00f6rleri kasalar\u0131n\u0131 doldururlar. Y\u00fcksek oranda zararl\u0131 ya\u011f, \u015feker, tuz ve katk\u0131 maddeleri ihtiva eden i\u015flenmi\u015f g\u0131dalar sahte g\u0131dalara d\u00f6n\u00fc\u015fm\u00fc\u015ft\u00fcr ve insanlar\u0131 beslemez. Bunlar\u0131n raf \u00f6mr\u00fcn\u00fc uzatmak i\u00e7in i\u00e7ine konulan kimyasallar, d\u00fc\u015f\u00fck besin de\u011ferleri t\u00fcketenlerdeki toksinleri artt\u0131r hastal\u0131klar\u0131 tetikler.Biz topraktan sofram\u0131za kadar gelen g\u0131dalar\u0131n art\u0131k yeteri kadar besin mineral de\u011ferleri bulunmad\u0131\u011f\u0131n\u0131, aksine daha \u00e7ok zararl\u0131 maddeler bulundu\u011funu bilsek de alternatif yollar gittik\u00e7e azalt\u0131ld\u0131\u011f\u0131 i\u00e7in istemeyerek de olsa bunlar\u0131 t\u00fcketmek zorunda kal\u0131yoruz. Bu suni hale gelmi\u015f s\u00f6zde g\u0131dalar bizi yaln\u0131z fiziken de\u011fil ruhen de hasta ediyor. \u0130nsano\u011flunun bu g\u0131da ter\u00f6r\u00fcnden bir an \u00f6nce bilin\u00e7lenerek kurtulmas\u0131 gerekmektedir. <\/p>\n","protected":false},"excerpt":{"rendered":"<p>G\u0131da sekt\u00f6r\u00fc taraf\u0131ndan \u00fcretilen ve aldat\u0131c\u0131 reklamlarla dezenformasyonlarla insanlar i\u00e7in elzem g\u0131da maddesi olarak sunulan i\u015flenmi\u015f ve binlerce katk\u0131 maddesi kullan\u0131lm\u0131\u015f g\u0131dalar insanlar\u0131n sa\u011fl\u0131\u011f\u0131na de\u011fil y\u00fcz<span class=\"excerpt-hellip\"> [\u2026]<\/span><\/p>\n","protected":false},"featured_media":0,"template":"","meta":{"_monsterinsights_skip_tracking":false,"_monsterinsights_sitenote_active":false,"_monsterinsights_sitenote_note":"","_monsterinsights_sitenote_category":0},"product_brand":[],"product_cat":[13633,12324],"product_tag":[],"class_list":{"0":"post-700801","1":"product","2":"type-product","3":"status-publish","5":"product_cat-kultur-ve-bilim","6":"product_cat-sosyoloji","7":"pa_cilt-ciltsiz","8":"pa_tur-kitap","9":"pa_yayinevi-atac-yayinlari","10":"pa_yazar-ismail-tokalak","12":"first","13":"instock","14":"sale","15":"shipping-taxable","16":"purchasable","17":"product-type-simple"},"_links":{"self":[{"href":"https:\/\/roveyayinevi.com.tr\/index.php\/wp-json\/wp\/v2\/product\/700801","targetHints":{"allow":["GET"]}}],"collection":[{"href":"https:\/\/roveyayinevi.com.tr\/index.php\/wp-json\/wp\/v2\/product"}],"about":[{"href":"https:\/\/roveyayinevi.com.tr\/index.php\/wp-json\/wp\/v2\/types\/product"}],"wp:attachment":[{"href":"https:\/\/roveyayinevi.com.tr\/index.php\/wp-json\/wp\/v2\/media?parent=700801"}],"wp:term":[{"taxonomy":"product_brand","embeddable":true,"href":"https:\/\/roveyayinevi.com.tr\/index.php\/wp-json\/wp\/v2\/product_brand?post=700801"},{"taxonomy":"product_cat","embeddable":true,"href":"https:\/\/roveyayinevi.com.tr\/index.php\/wp-json\/wp\/v2\/product_cat?post=700801"},{"taxonomy":"product_tag","embeddable":true,"href":"https:\/\/roveyayinevi.com.tr\/index.php\/wp-json\/wp\/v2\/product_tag?post=700801"}],"curies":[{"name":"wp","href":"https:\/\/api.w.org\/{rel}","templated":true}]}}