{"id":700800,"date":"2025-08-27T15:02:15","date_gmt":"2025-08-27T12:02:15","guid":{"rendered":"https:\/\/roveyayinevi.com.tr\/index.php\/urun\/robinson-crusoe-13\/"},"modified":"2026-04-16T02:10:03","modified_gmt":"2026-04-15T23:10:03","slug":"robinson-crusoe-13","status":"publish","type":"product","link":"https:\/\/roveyayinevi.com.tr\/index.php\/urun\/robinson-crusoe-13\/","title":{"rendered":"Robinson Crusoe"},"content":{"rendered":"<p>Gemisi f\u0131rt\u0131nada batan ve \u0131ss\u0131z bir adaya d\u00fc\u015fen Robinson Crusoe tam otuz be\u015f y\u0131l boyunca bu adada mahsur kal\u0131r. Bu onun ola\u011fan\u00fcst\u00fc hayatta kal\u0131\u015f \u00f6yk\u00fcs\u00fcd\u00fcr. \ufffcTan\u0131t\u0131m Metni<\/p>\n","protected":false},"excerpt":{"rendered":"<p>Gemisi f\u0131rt\u0131nada batan ve \u0131ss\u0131z bir adaya d\u00fc\u015fen Robinson Crusoe tam otuz be\u015f y\u0131l boyunca bu adada mahsur kal\u0131r. Bu onun ola\u011fan\u00fcst\u00fc hayatta kal\u0131\u015f \u00f6yk\u00fcs\u00fcd\u00fcr. \ufffcTan\u0131t\u0131m<span class=\"excerpt-hellip\"> [\u2026]<\/span><\/p>\n","protected":false},"featured_media":0,"template":"","meta":{"_monsterinsights_skip_tracking":false,"_monsterinsights_sitenote_active":false,"_monsterinsights_sitenote_note":"","_monsterinsights_sitenote_category":0},"product_brand":[],"product_cat":[12274,12467],"product_tag":[],"class_list":{"0":"post-700800","1":"product","2":"type-product","3":"status-publish","5":"product_cat-cocuk-ve-genclik-kitaplari","6":"product_cat-dunya-klasikleri","7":"pa_cilt-ciltsiz","8":"pa_tur-kitap","9":"pa_yayinevi-bilge-kultur-sanat","10":"pa_yazar-daniel-defoe","12":"first","13":"instock","14":"sale","15":"shipping-taxable","16":"purchasable","17":"product-type-simple"},"_links":{"self":[{"href":"https:\/\/roveyayinevi.com.tr\/index.php\/wp-json\/wp\/v2\/product\/700800","targetHints":{"allow":["GET"]}}],"collection":[{"href":"https:\/\/roveyayinevi.com.tr\/index.php\/wp-json\/wp\/v2\/product"}],"about":[{"href":"https:\/\/roveyayinevi.com.tr\/index.php\/wp-json\/wp\/v2\/types\/product"}],"wp:attachment":[{"href":"https:\/\/roveyayinevi.com.tr\/index.php\/wp-json\/wp\/v2\/media?parent=700800"}],"wp:term":[{"taxonomy":"product_brand","embeddable":true,"href":"https:\/\/roveyayinevi.com.tr\/index.php\/wp-json\/wp\/v2\/product_brand?post=700800"},{"taxonomy":"product_cat","embeddable":true,"href":"https:\/\/roveyayinevi.com.tr\/index.php\/wp-json\/wp\/v2\/product_cat?post=700800"},{"taxonomy":"product_tag","embeddable":true,"href":"https:\/\/roveyayinevi.com.tr\/index.php\/wp-json\/wp\/v2\/product_tag?post=700800"}],"curies":[{"name":"wp","href":"https:\/\/api.w.org\/{rel}","templated":true}]}}