{"id":700798,"date":"2025-08-27T15:02:15","date_gmt":"2025-08-27T12:02:15","guid":{"rendered":"https:\/\/roveyayinevi.com.tr\/index.php\/urun\/mucizeleri-cagirmak\/"},"modified":"2026-04-13T02:12:33","modified_gmt":"2026-04-12T23:12:33","slug":"mucizeleri-cagirmak","status":"publish","type":"product","link":"https:\/\/roveyayinevi.com.tr\/index.php\/urun\/mucizeleri-cagirmak\/","title":{"rendered":"Mucizeleri \u00c7a\u011f\u0131rmak"},"content":{"rendered":"<p>Herkes bir Mucize bekler ama Mucizeler sadece onlara inananlara gelir.Allah sana kendi ruhundan \u00fcfledi (Secde Suresi, 9. Ayet),Sen do\u011fu\u015ftan Mucizenin ta kendisisin. Ya\u015fad\u0131klar\u0131n sana bunu unutturdu, bu kitap yeniden hat\u0131rlatacak\u2026\u201cMucizeleri \u00c7a\u011f\u0131rmak \u201d ile ya\u015fad\u0131\u011f\u0131n t\u00fcm sorunlar\u0131n ve \u00e7\u00f6k\u00fc\u015flerin bir f\u0131rsat oldu\u011funu g\u00f6receksin, ger\u00e7ek mucizenin insan\u0131n i\u00e7inde ve dualarda sakl\u0131 oldu\u011funu fark ederek kendi mucizenin kap\u0131s\u0131n\u0131 sen a\u00e7acaks\u0131n\u2026Bir mucize bekliyorsan, bu kitap senin i\u00e7in1- Bilin\u00e7alt\u0131n ile y\u00fczle\u015f, hayata yeniden ba\u015fla2- Dualar\u0131n g\u00fcc\u00fc ile kilitli kap\u0131lar\u0131 a\u00e73- \u0130\u00e7indeki b\u00fcy\u00fck g\u00fc\u00e7 ile i\u015fbirli\u011fi i\u00e7inde ol4- Mucizeleri ya\u015fayanlar\u0131n ger\u00e7ek \u00f6yk\u00fcleri5- Meleklerin \u0131\u015f\u0131\u011f\u0131 ve muhte\u015fem fark\u0131ndal\u0131k6- Bereket m\u0131knat\u0131s\u01317- 21 g\u00fcnl\u00fck mucizevi yolculuk8- Mucizevi enerji \u00e7al\u0131\u015fmalar\u01319- \u0130nand\u0131klar\u0131n senin olur10- B\u00fcy\u00fck s\u0131r senin i\u00e7inde11- Allah senin vekil\u2019in, yaln\u0131z de\u011filsin12- Enerji yasalar\u013113- B\u00fcy\u00fck tekam\u00fcl<\/p>\n","protected":false},"excerpt":{"rendered":"<p>Herkes bir Mucize bekler ama Mucizeler sadece onlara inananlara gelir.Allah sana kendi ruhundan \u00fcfledi (Secde Suresi, 9. Ayet),Sen do\u011fu\u015ftan Mucizenin ta kendisisin. Ya\u015fad\u0131klar\u0131n sana bunu unutturdu,<span class=\"excerpt-hellip\"> [\u2026]<\/span><\/p>\n","protected":false},"featured_media":0,"template":"","meta":{"_monsterinsights_skip_tracking":false,"_monsterinsights_sitenote_active":false,"_monsterinsights_sitenote_note":"","_monsterinsights_sitenote_category":0},"product_brand":[],"product_cat":[12364,12376],"product_tag":[],"class_list":{"0":"post-700798","1":"product","2":"type-product","3":"status-publish","5":"product_cat-genel-konular","6":"product_cat-kisisel-gelisim","7":"pa_cilt-ciltsiz","8":"pa_tur-kitap","9":"pa_yayinevi-feniks-yayinlari","10":"pa_yazar-tugce-isinsu","12":"first","13":"instock","14":"sale","15":"shipping-taxable","16":"purchasable","17":"product-type-simple"},"_links":{"self":[{"href":"https:\/\/roveyayinevi.com.tr\/index.php\/wp-json\/wp\/v2\/product\/700798","targetHints":{"allow":["GET"]}}],"collection":[{"href":"https:\/\/roveyayinevi.com.tr\/index.php\/wp-json\/wp\/v2\/product"}],"about":[{"href":"https:\/\/roveyayinevi.com.tr\/index.php\/wp-json\/wp\/v2\/types\/product"}],"wp:attachment":[{"href":"https:\/\/roveyayinevi.com.tr\/index.php\/wp-json\/wp\/v2\/media?parent=700798"}],"wp:term":[{"taxonomy":"product_brand","embeddable":true,"href":"https:\/\/roveyayinevi.com.tr\/index.php\/wp-json\/wp\/v2\/product_brand?post=700798"},{"taxonomy":"product_cat","embeddable":true,"href":"https:\/\/roveyayinevi.com.tr\/index.php\/wp-json\/wp\/v2\/product_cat?post=700798"},{"taxonomy":"product_tag","embeddable":true,"href":"https:\/\/roveyayinevi.com.tr\/index.php\/wp-json\/wp\/v2\/product_tag?post=700798"}],"curies":[{"name":"wp","href":"https:\/\/api.w.org\/{rel}","templated":true}]}}