{"id":700796,"date":"2025-08-27T15:02:14","date_gmt":"2025-08-27T12:02:14","guid":{"rendered":"https:\/\/roveyayinevi.com.tr\/index.php\/urun\/edepsiz-kitaplar\/"},"modified":"2026-04-16T02:10:03","modified_gmt":"2026-04-15T23:10:03","slug":"edepsiz-kitaplar","status":"publish","type":"product","link":"https:\/\/roveyayinevi.com.tr\/index.php\/urun\/edepsiz-kitaplar\/","title":{"rendered":"Edepsiz Kitaplar"},"content":{"rendered":"<p>Bug\u00fcn halen edebiyat eserlerinin de dahil oldu\u011fu pek \u00e7ok \u00fcr\u00fcn, m\u00fcstehcen oldu\u011fu gerek\u00e7esiyle ceza yarg\u0131lamas\u0131yla kar\u015f\u0131 kar\u015f\u0131ya kal\u0131yor. Bunlardan baz\u0131lar\u0131 bu y\u00fczden sans\u00fcre u\u011fruyor, yarat\u0131c\u0131lar\u0131 cezaland\u0131r\u0131l\u0131yor. Bunun yan\u0131 s\u0131ra her ge\u00e7en g\u00fcn T\u00fcrkiye\u2019de m\u00fcstehcen olduklar\u0131 gerek\u00e7esiyle say\u0131s\u0131 binlere varan \u0130nternet sitesine eri\u015fim engelleniyor. \u00f6yle ki bu yasaklamalar tek tek s\u00f6zc\u00fck d\u00fczeyine inerek Orwell\u2019\u0131n kurgusal B\u00fcy\u00fck Birader\u2019ini ete kemi\u011fe b\u00fcr\u00fcnd\u00fcrm\u00fc\u015f durumda. Devlet, bireylerin neye bak\u0131p bakamayacaklar\u0131n\u0131, neyi okuyup okuyamayacaklar\u0131n\u0131, hazlar\u0131n\u0131 ve cinsel gereksinimlerini neyle sa\u011flayacaklar\u0131n\u0131 veya sa\u011flay\u0131p sa\u011flayamayacaklar\u0131n\u0131 s\u0131k\u0131 denetim alt\u0131na almaya \u00e7al\u0131\u015f\u0131yor.Elinizde tuttu\u011funuz bu kitapta, ceza hukukundaki m\u00fcstehcenlik su\u00e7u ile hukuk ve edebiyat ba\u011flam\u0131ndaki m\u00fcstehcenlik kavram\u0131 incelenmeye \u00e7al\u0131\u015f\u0131lm\u0131\u015ft\u0131r. M\u00fcstehcenlik; kavram, ahlak ve hukuk ba\u011flam\u0131nda de\u011ferlendirilip ve yarg\u0131 kar\u015f\u0131s\u0131na gelmi\u015f edebiyat eserleri a\u00e7\u0131s\u0131ndan ele al\u0131nm\u0131\u015ft\u0131r.Bu \u00e7al\u0131\u015fma, T\u00fcrk Ceza Kanunu\u2019nda yer alan m\u00fcstehcenlik su\u00e7u \u00f6zelinde bir hukuk anlay\u0131\u015f\u0131n\u0131 ele\u015ftirmek i\u00e7in kaleme al\u0131nd\u0131. Bu ama\u00e7la kaleme al\u0131nan bu \u00e7al\u0131\u015fman\u0131n en nihayetinde bir de\u011finme oldu\u011funu belirtmek gerek: devletin ve genel ahlak\u0131n, bedenler, g\u00f6zler ve zihinler \u00fczerindeki tahakk\u00fcm\u00fcne dair, edebiyat eserleri ba\u011flam\u0131nda yap\u0131lm\u0131\u015f bir de\u011finme. Tahakk\u00fcmden kurtulmak i\u00e7inse bir de\u011finmenin tek ba\u015f\u0131na kifayet etmeyece\u011fi unutulmamal\u0131. <\/p>\n","protected":false},"excerpt":{"rendered":"<p>Bug\u00fcn halen edebiyat eserlerinin de dahil oldu\u011fu pek \u00e7ok \u00fcr\u00fcn, m\u00fcstehcen oldu\u011fu gerek\u00e7esiyle ceza yarg\u0131lamas\u0131yla kar\u015f\u0131 kar\u015f\u0131ya kal\u0131yor. Bunlardan baz\u0131lar\u0131 bu y\u00fczden sans\u00fcre u\u011fruyor, yarat\u0131c\u0131lar\u0131 cezaland\u0131r\u0131l\u0131yor.<span class=\"excerpt-hellip\"> [\u2026]<\/span><\/p>\n","protected":false},"featured_media":0,"template":"","meta":{"_monsterinsights_skip_tracking":false,"_monsterinsights_sitenote_active":false,"_monsterinsights_sitenote_note":"","_monsterinsights_sitenote_category":0},"product_brand":[],"product_cat":[12777,12291],"product_tag":[],"class_list":{"0":"post-700796","1":"product","2":"type-product","3":"status-publish","5":"product_cat-deneme","6":"product_cat-edebiyat","7":"pa_cilt-ciltsiz","8":"pa_tur-kitap","9":"pa_yayinevi-liberte-yayinlari","10":"pa_yazar-a-ozan-marakoglu","12":"first","13":"instock","14":"sale","15":"shipping-taxable","16":"purchasable","17":"product-type-simple"},"_links":{"self":[{"href":"https:\/\/roveyayinevi.com.tr\/index.php\/wp-json\/wp\/v2\/product\/700796","targetHints":{"allow":["GET"]}}],"collection":[{"href":"https:\/\/roveyayinevi.com.tr\/index.php\/wp-json\/wp\/v2\/product"}],"about":[{"href":"https:\/\/roveyayinevi.com.tr\/index.php\/wp-json\/wp\/v2\/types\/product"}],"wp:attachment":[{"href":"https:\/\/roveyayinevi.com.tr\/index.php\/wp-json\/wp\/v2\/media?parent=700796"}],"wp:term":[{"taxonomy":"product_brand","embeddable":true,"href":"https:\/\/roveyayinevi.com.tr\/index.php\/wp-json\/wp\/v2\/product_brand?post=700796"},{"taxonomy":"product_cat","embeddable":true,"href":"https:\/\/roveyayinevi.com.tr\/index.php\/wp-json\/wp\/v2\/product_cat?post=700796"},{"taxonomy":"product_tag","embeddable":true,"href":"https:\/\/roveyayinevi.com.tr\/index.php\/wp-json\/wp\/v2\/product_tag?post=700796"}],"curies":[{"name":"wp","href":"https:\/\/api.w.org\/{rel}","templated":true}]}}