{"id":700792,"date":"2025-08-27T15:02:13","date_gmt":"2025-08-27T12:02:13","guid":{"rendered":"https:\/\/roveyayinevi.com.tr\/index.php\/urun\/asker-ve-siyaset\/"},"modified":"2026-04-16T02:10:03","modified_gmt":"2026-04-15T23:10:03","slug":"asker-ve-siyaset","status":"publish","type":"product","link":"https:\/\/roveyayinevi.com.tr\/index.php\/urun\/asker-ve-siyaset\/","title":{"rendered":"Asker ve Siyaset"},"content":{"rendered":"<p>Ordu, milletin ve devletin varl\u0131\u011f\u0131n\u0131n bir ifadesidir\u2026 Ordu varsa millet ve devlet vard\u0131r. Bu temel do\u011fru, g\u00fcn\u00fcm\u00fczde daha da \u00f6nem kazanm\u0131\u015ft\u0131r. Asimetrik psikolojik harek\u00e2t sonucu hapse at\u0131lan ve yarg\u0131lanan E. Korgeneral \u0130smail H. Pekin ve E. T\u00fcmgeneral Ahmet Yavuz, okura, T\u00fcrk ordusuna b\u00fct\u00fcnl\u00fckl\u00fc olarak i\u00e7eriden bakma olana\u011f\u0131 sunuyorlar.Kitapta, T\u00fcrk ordusunun tarihi kuramsal olarak inceleniyor. <\/p>\n","protected":false},"excerpt":{"rendered":"<p>Ordu, milletin ve devletin varl\u0131\u011f\u0131n\u0131n bir ifadesidir\u2026 Ordu varsa millet ve devlet vard\u0131r. Bu temel do\u011fru, g\u00fcn\u00fcm\u00fczde daha da \u00f6nem kazanm\u0131\u015ft\u0131r. Asimetrik psikolojik harek\u00e2t sonucu hapse<span class=\"excerpt-hellip\"> [\u2026]<\/span><\/p>\n","protected":false},"featured_media":0,"template":"","meta":{"_monsterinsights_skip_tracking":false,"_monsterinsights_sitenote_active":false,"_monsterinsights_sitenote_note":"","_monsterinsights_sitenote_category":0},"product_brand":[],"product_cat":[12346,12337],"product_tag":[],"class_list":{"0":"post-700792","1":"product","2":"type-product","3":"status-publish","5":"product_cat-derin-siyaset-komplo-teorileri","6":"product_cat-politika-siyaset","7":"pa_tur-kitap","8":"pa_yayinevi-kaynak-yayinlari","9":"pa_yazar-ismail-hakki-pekin","11":"first","12":"instock","13":"sale","14":"shipping-taxable","15":"purchasable","16":"product-type-simple"},"_links":{"self":[{"href":"https:\/\/roveyayinevi.com.tr\/index.php\/wp-json\/wp\/v2\/product\/700792","targetHints":{"allow":["GET"]}}],"collection":[{"href":"https:\/\/roveyayinevi.com.tr\/index.php\/wp-json\/wp\/v2\/product"}],"about":[{"href":"https:\/\/roveyayinevi.com.tr\/index.php\/wp-json\/wp\/v2\/types\/product"}],"wp:attachment":[{"href":"https:\/\/roveyayinevi.com.tr\/index.php\/wp-json\/wp\/v2\/media?parent=700792"}],"wp:term":[{"taxonomy":"product_brand","embeddable":true,"href":"https:\/\/roveyayinevi.com.tr\/index.php\/wp-json\/wp\/v2\/product_brand?post=700792"},{"taxonomy":"product_cat","embeddable":true,"href":"https:\/\/roveyayinevi.com.tr\/index.php\/wp-json\/wp\/v2\/product_cat?post=700792"},{"taxonomy":"product_tag","embeddable":true,"href":"https:\/\/roveyayinevi.com.tr\/index.php\/wp-json\/wp\/v2\/product_tag?post=700792"}],"curies":[{"name":"wp","href":"https:\/\/api.w.org\/{rel}","templated":true}]}}