{"id":700791,"date":"2025-08-27T15:02:13","date_gmt":"2025-08-27T12:02:13","guid":{"rendered":"https:\/\/roveyayinevi.com.tr\/index.php\/urun\/kiskactaki-insan-ve-isyan\/"},"modified":"2026-04-16T02:10:03","modified_gmt":"2026-04-15T23:10:03","slug":"kiskactaki-insan-ve-isyan","status":"publish","type":"product","link":"https:\/\/roveyayinevi.com.tr\/index.php\/urun\/kiskactaki-insan-ve-isyan\/","title":{"rendered":"K\u0131ska\u00e7taki \u0130nsan ve \u0130syan"},"content":{"rendered":"<p>K\u0131ska\u00e7taki \u0130nsan ve \u0130syan ile \u00d6zlem Y\u00fczak ekonominin toplum hayat\u0131na etkilerine uzan\u0131yor, oradan bireyin ya\u015fayan sorunlar\u0131na giriyor. Y\u00fczak&#8217;\u0131n kitab\u0131 \u00f6nemli bir ayd\u0131nlanma yolunu a\u00e7\u0131yor: Sosyo-ekonomik bilin\u00e7leme. <\/p>\n","protected":false},"excerpt":{"rendered":"<p>K\u0131ska\u00e7taki \u0130nsan ve \u0130syan ile \u00d6zlem Y\u00fczak ekonominin toplum hayat\u0131na etkilerine uzan\u0131yor, oradan bireyin ya\u015fayan sorunlar\u0131na giriyor. Y\u00fczak&#8217;\u0131n kitab\u0131 \u00f6nemli bir ayd\u0131nlanma yolunu a\u00e7\u0131yor: Sosyo-ekonomik bilin\u00e7leme.<\/p>\n","protected":false},"featured_media":0,"template":"","meta":{"_monsterinsights_skip_tracking":false,"_monsterinsights_sitenote_active":false,"_monsterinsights_sitenote_note":"","_monsterinsights_sitenote_category":0},"product_brand":[],"product_cat":[12965,12337],"product_tag":[],"class_list":{"0":"post-700791","1":"product","2":"type-product","3":"status-publish","5":"product_cat-genel-politika","6":"product_cat-politika-siyaset","7":"pa_tur-kitap","8":"pa_yayinevi-kirmizi-kedi-yayinevi","9":"pa_yazar-ozlem-yuzak","11":"first","12":"instock","13":"sale","14":"shipping-taxable","15":"purchasable","16":"product-type-simple"},"_links":{"self":[{"href":"https:\/\/roveyayinevi.com.tr\/index.php\/wp-json\/wp\/v2\/product\/700791","targetHints":{"allow":["GET"]}}],"collection":[{"href":"https:\/\/roveyayinevi.com.tr\/index.php\/wp-json\/wp\/v2\/product"}],"about":[{"href":"https:\/\/roveyayinevi.com.tr\/index.php\/wp-json\/wp\/v2\/types\/product"}],"wp:attachment":[{"href":"https:\/\/roveyayinevi.com.tr\/index.php\/wp-json\/wp\/v2\/media?parent=700791"}],"wp:term":[{"taxonomy":"product_brand","embeddable":true,"href":"https:\/\/roveyayinevi.com.tr\/index.php\/wp-json\/wp\/v2\/product_brand?post=700791"},{"taxonomy":"product_cat","embeddable":true,"href":"https:\/\/roveyayinevi.com.tr\/index.php\/wp-json\/wp\/v2\/product_cat?post=700791"},{"taxonomy":"product_tag","embeddable":true,"href":"https:\/\/roveyayinevi.com.tr\/index.php\/wp-json\/wp\/v2\/product_tag?post=700791"}],"curies":[{"name":"wp","href":"https:\/\/api.w.org\/{rel}","templated":true}]}}