{"id":700783,"date":"2025-08-27T15:02:10","date_gmt":"2025-08-27T12:02:10","guid":{"rendered":"https:\/\/roveyayinevi.com.tr\/index.php\/urun\/cahil-hoca\/"},"modified":"2026-04-16T02:10:03","modified_gmt":"2026-04-15T23:10:03","slug":"cahil-hoca","status":"publish","type":"product","link":"https:\/\/roveyayinevi.com.tr\/index.php\/urun\/cahil-hoca\/","title":{"rendered":"Cahil Hoca"},"content":{"rendered":"<p>Felsefenin elmas\u0131 Joseph Jacotot&#8217;nun ba\u015f\u0131na d\u00fc\u015fm\u00fc\u015ft\u00fcr: 1818&#8217;de s\u00fcrg\u00fcnde bir devrimci olan Jacotot Bel\u00e7ika&#8217;da Frans\u0131z edebiyat\u0131 okutman\u0131 olarak yar\u0131-zamanl\u0131 bir i\u015f bulur. Tek kelime Frans\u0131zca bilmeyen Flamanlara, kendisi de tek kelime Flamanca bilmedi\u011fi halde hocal\u0131k etmek zorundad\u0131r&#8230; \u0130ki dilli bir F\u00e9nelon bask\u0131s\u0131 ko\u015far imdad\u0131na; \u00f6\u011frencileri nin kendi kendilerine Frans\u0131zca ve Telemak&#8217;\u0131 \u00f6\u011frenmelerine k\u0131lavuzluk eder. \u0130nsan\u0131n bilmedi\u011fini de \u00f6\u011fretebilece\u011fini g\u00f6steren bu tuhaf deneyin sezdirdi\u011fi ka\u00e7\u0131n\u0131lmaz sonucu anlamakta hi\u00e7 gecikmez Jacotot: Bilen ile bilmeyenin, \u00f6\u011freten ile \u00f6\u011frenenin, kol emek\u00e7isi ile zihin emek\u00e7isinin, k\u0131sacas\u0131 zek\u00e2lar\u0131n e\u015fitli\u011fi. Bu \u015fa\u015f\u0131rt\u0131c\u0131 hik\u00e2yeyi ve Jacotot&#8217;nun felsefesini anlatan Jacques Ranci\u00e8re hem e\u011fitim \u00fczerine \u00e7ok \u00f6zg\u00fcn bir d\u00fc\u015f\u00fcnce sunuyor hem de zek\u00e2lar\u0131n e\u015fitsizli\u011fini ve bilgi hiyerar\u015fisini bahane eden toplumsal e\u015fitsizlik tasavvurlar\u0131na \u00f6nemli ele\u015ftiriler getiriyor. \u00d6zg\u00fcrle\u015ftirmeksizin e\u011fiten aptalla\u015ft\u0131r\u0131r, diyen Cahil Hoca, e\u011fitimciler ve e\u011fitim sistemi \u00fczerine kafa yoranlar i\u00e7in oldu\u011fu kadar siyaset felsefesiyle ilgilenenler i\u00e7in de ufuk a\u00e7\u0131c\u0131 bir kitap.<\/p>\n","protected":false},"excerpt":{"rendered":"<p>Felsefenin elmas\u0131 Joseph Jacotot&#8217;nun ba\u015f\u0131na d\u00fc\u015fm\u00fc\u015ft\u00fcr: 1818&#8217;de s\u00fcrg\u00fcnde bir devrimci olan Jacotot Bel\u00e7ika&#8217;da Frans\u0131z edebiyat\u0131 okutman\u0131 olarak yar\u0131-zamanl\u0131 bir i\u015f bulur. Tek kelime Frans\u0131zca bilmeyen Flamanlara,<span class=\"excerpt-hellip\"> [\u2026]<\/span><\/p>\n","protected":false},"featured_media":0,"template":"","meta":{"_monsterinsights_skip_tracking":false,"_monsterinsights_sitenote_active":false,"_monsterinsights_sitenote_note":"","_monsterinsights_sitenote_category":0},"product_brand":[],"product_cat":[12389,12388],"product_tag":[],"class_list":{"0":"post-700783","1":"product","2":"type-product","3":"status-publish","5":"product_cat-diger-felsefe","6":"product_cat-felsefe","7":"pa_cilt-ciltsiz","8":"pa_tur-kitap","9":"pa_yayinevi-metis-yayinlari","10":"pa_yazar-jacques-ranciere","12":"first","13":"instock","14":"sale","15":"shipping-taxable","16":"purchasable","17":"product-type-simple"},"_links":{"self":[{"href":"https:\/\/roveyayinevi.com.tr\/index.php\/wp-json\/wp\/v2\/product\/700783","targetHints":{"allow":["GET"]}}],"collection":[{"href":"https:\/\/roveyayinevi.com.tr\/index.php\/wp-json\/wp\/v2\/product"}],"about":[{"href":"https:\/\/roveyayinevi.com.tr\/index.php\/wp-json\/wp\/v2\/types\/product"}],"wp:attachment":[{"href":"https:\/\/roveyayinevi.com.tr\/index.php\/wp-json\/wp\/v2\/media?parent=700783"}],"wp:term":[{"taxonomy":"product_brand","embeddable":true,"href":"https:\/\/roveyayinevi.com.tr\/index.php\/wp-json\/wp\/v2\/product_brand?post=700783"},{"taxonomy":"product_cat","embeddable":true,"href":"https:\/\/roveyayinevi.com.tr\/index.php\/wp-json\/wp\/v2\/product_cat?post=700783"},{"taxonomy":"product_tag","embeddable":true,"href":"https:\/\/roveyayinevi.com.tr\/index.php\/wp-json\/wp\/v2\/product_tag?post=700783"}],"curies":[{"name":"wp","href":"https:\/\/api.w.org\/{rel}","templated":true}]}}