{"id":700779,"date":"2025-08-27T15:02:09","date_gmt":"2025-08-27T12:02:09","guid":{"rendered":"https:\/\/roveyayinevi.com.tr\/index.php\/urun\/odysseia-kralin-donusu\/"},"modified":"2026-04-16T02:10:03","modified_gmt":"2026-04-15T23:10:03","slug":"odysseia-kralin-donusu","status":"publish","type":"product","link":"https:\/\/roveyayinevi.com.tr\/index.php\/urun\/odysseia-kralin-donusu\/","title":{"rendered":"Odysseia &#8211; Kral\u0131n D\u00f6n\u00fc\u015f\u00fc"},"content":{"rendered":"<p>Homeros&#8217;un \u00fcnl\u00fc destanlar\u0131ndan ikincisi olan Odysseia ilk destan \u0130lyada&#8217;n\u0131n devam\u0131 niteli\u011findedir. M\u00d6 800 ila 600 y\u0131llar\u0131 aras\u0131nda manzum olarak kaleme al\u0131nd\u0131\u011f\u0131 d\u00fc\u015f\u00fcn\u00fclen eserin ana kahraman\u0131 Odysseus&#8217;tur. \u0130lk kitapta \u0130lyada&#8217;da anlat\u0131ld\u0131\u011f\u0131 gibi Truva&#8217;n\u0131n d\u00fc\u015f\u00fc\u015f\u00fcnden sonra vatan\u0131 \u0130thaka&#8217;ya d\u00f6nmek isteyen Odysseus&#8217;un macera dolu geri d\u00f6n\u00fc\u015f yolculu\u011fu eserin ana konusudur. Yakla\u015f\u0131k on y\u0131l s\u00fcren Truva Sava\u015f\u0131&#8217;ndan sonra Odysseus&#8217;un \u0130thaka&#8217;ya d\u00f6nmesi yine on y\u0131l\u0131n\u0131 al\u0131r. Bu s\u00fcre zarf\u0131nda binbir t\u00fcrl\u00fc macera ve zorluk ya\u015fayan Odysseus vatan hasreti \u00e7ekerken, o\u011flu Telemachus ve kar\u0131s\u0131 Penelope de \u0130thaka&#8217;da \u00e7ok s\u0131k\u0131nt\u0131 \u00e7ekmektedirler. Odysseus&#8217;un yoklu\u011funda \u00fclkeyi y\u00f6netmede ya\u015fanan zorluklar\u0131n yan\u0131 s\u0131ra \u0130thaka&#8217;n\u0131n h\u00fck\u00fcmdar\u0131 olmak isteyen bir grup soyluyla da m\u00fccadele etmek zorundad\u0131rlar. Bat\u0131 edebiyat\u0131n\u0131n ve k\u00fclt\u00fcr\u00fcn\u00fcn temel eserlerinden say\u0131lan Odysseus, Antik Yunan k\u00fclt\u00fcr\u00fcne \u0131\u015f\u0131k tutan en \u00f6nemli kaynaklardan biridir. <\/p>\n","protected":false},"excerpt":{"rendered":"<p>Homeros&#8217;un \u00fcnl\u00fc destanlar\u0131ndan ikincisi olan Odysseia ilk destan \u0130lyada&#8217;n\u0131n devam\u0131 niteli\u011findedir. M\u00d6 800 ila 600 y\u0131llar\u0131 aras\u0131nda manzum olarak kaleme al\u0131nd\u0131\u011f\u0131 d\u00fc\u015f\u00fcn\u00fclen eserin ana kahraman\u0131 Odysseus&#8217;tur.<span class=\"excerpt-hellip\"> [\u2026]<\/span><\/p>\n","protected":false},"featured_media":0,"template":"","meta":{"_monsterinsights_skip_tracking":false,"_monsterinsights_sitenote_active":false,"_monsterinsights_sitenote_note":"","_monsterinsights_sitenote_category":0},"product_brand":[],"product_cat":[12291,13706],"product_tag":[],"class_list":{"0":"post-700779","1":"product","2":"type-product","3":"status-publish","5":"product_cat-edebiyat","6":"product_cat-efsane-destan-masal","7":"pa_cilt-ciltsiz","8":"pa_tur-kitap","9":"pa_yayinevi-parola-yayinlari","10":"pa_yazar-homeros","12":"first","13":"instock","14":"sale","15":"shipping-taxable","16":"purchasable","17":"product-type-simple"},"_links":{"self":[{"href":"https:\/\/roveyayinevi.com.tr\/index.php\/wp-json\/wp\/v2\/product\/700779","targetHints":{"allow":["GET"]}}],"collection":[{"href":"https:\/\/roveyayinevi.com.tr\/index.php\/wp-json\/wp\/v2\/product"}],"about":[{"href":"https:\/\/roveyayinevi.com.tr\/index.php\/wp-json\/wp\/v2\/types\/product"}],"wp:attachment":[{"href":"https:\/\/roveyayinevi.com.tr\/index.php\/wp-json\/wp\/v2\/media?parent=700779"}],"wp:term":[{"taxonomy":"product_brand","embeddable":true,"href":"https:\/\/roveyayinevi.com.tr\/index.php\/wp-json\/wp\/v2\/product_brand?post=700779"},{"taxonomy":"product_cat","embeddable":true,"href":"https:\/\/roveyayinevi.com.tr\/index.php\/wp-json\/wp\/v2\/product_cat?post=700779"},{"taxonomy":"product_tag","embeddable":true,"href":"https:\/\/roveyayinevi.com.tr\/index.php\/wp-json\/wp\/v2\/product_tag?post=700779"}],"curies":[{"name":"wp","href":"https:\/\/api.w.org\/{rel}","templated":true}]}}