{"id":700776,"date":"2025-08-27T15:02:08","date_gmt":"2025-08-27T12:02:08","guid":{"rendered":"https:\/\/roveyayinevi.com.tr\/index.php\/urun\/marksist-deger-teorisi\/"},"modified":"2026-04-16T02:10:03","modified_gmt":"2026-04-15T23:10:03","slug":"marksist-deger-teorisi","status":"publish","type":"product","link":"https:\/\/roveyayinevi.com.tr\/index.php\/urun\/marksist-deger-teorisi\/","title":{"rendered":"Marksist De\u011fer Teorisi"},"content":{"rendered":"<p>Tan\u0131nm\u0131\u015f marksist iktisat\u00e7\u0131 Paul M. Sweezy\u2019nin ifadesiyle \u201cGenel bir toplum ve tarih teorisinin bir par\u00e7as\u0131\u201d olan marksist politik iktisad\u0131n odak noktas\u0131n\u0131 de\u011fer teorisi te\u015fkil eder. Bu bak\u0131mdan marksist iktisada giri\u015f de\u011fer teorisiyle ba\u015flar ve bu teori bizi politik iktisad\u0131n \u00f6z\u00fcne n\u00fcfuz ettirir. Do\u00e7. Dr. Mehmet Selik\u2019in marksist de\u011fer teorisini inceleyen bu \u00e7al\u0131\u015fmas\u0131 bir anlamda Marksist \u0130ktisada Giri\u015f say\u0131labilir. Ancak yazar\u0131n de\u011fer teorisini ele al\u0131\u015f tarz\u0131, okuyucuyu bir \u201cgiri\u015f\u201d kitab\u0131n\u0131n ula\u015ft\u0131raca\u011f\u0131ndan \u00e7ok daha ilerilere g\u00f6t\u00fcrmektedir. \u201cDe\u011fer kanunu\u201d, \u201cde\u011fer teorisi\u201d ve \u201cart\u0131k de\u011fer teorisi\u201d derinli\u011fine tahlil edildikten sonra, T\u00fcrk\u00e7e\u2019de yay\u0131nlanm\u0131\u015f marksist politik iktisat \u00e7evirilerinin hi\u00e7birisinde ele al\u0131nmam\u0131\u015f bir konu \u201c\u00fcretim fiatlar\u0131 teorisi\u201d incelenmektedir. Kapital\u2019in \u00fc\u00e7\u00fcnc\u00fc cildinde geli\u015ftirilen bu teori marksist iktisad\u0131n kavranmas\u0131nda ve dolay\u0131s\u0131yla da marksist de\u011fer teorisinin ele\u015ftirilerinin \u00e7\u00fcr\u00fct\u00fclmesinde asli bir \u00f6nem ta\u015f\u0131r. Dr. Selik son olarak Marx\u2019\u0131n de\u011fer teorisine burjuva iktisat\u00e7\u0131lar\u0131 taraf\u0131ndan y\u00f6neltilen ele\u015ftirilerin en \u00f6nemlilerini ele al\u0131yor ve de\u011ferlendiriyor. \ufffcTan\u0131t\u0131m Metni<\/p>\n","protected":false},"excerpt":{"rendered":"<p>Tan\u0131nm\u0131\u015f marksist iktisat\u00e7\u0131 Paul M. Sweezy\u2019nin ifadesiyle \u201cGenel bir toplum ve tarih teorisinin bir par\u00e7as\u0131\u201d olan marksist politik iktisad\u0131n odak noktas\u0131n\u0131 de\u011fer teorisi te\u015fkil eder. Bu<span class=\"excerpt-hellip\"> [\u2026]<\/span><\/p>\n","protected":false},"featured_media":0,"template":"","meta":{"_monsterinsights_skip_tracking":false,"_monsterinsights_sitenote_active":false,"_monsterinsights_sitenote_note":"","_monsterinsights_sitenote_category":0},"product_brand":[],"product_cat":[12351,12324],"product_tag":[],"class_list":{"0":"post-700776","1":"product","2":"type-product","3":"status-publish","5":"product_cat-siyaset-sosyolojisi","6":"product_cat-sosyoloji","7":"pa_cilt-ciltsiz","8":"pa_tur-kitap","9":"pa_yayinevi-efil-yayinevi","10":"pa_yazar-mehmet-selik","12":"first","13":"instock","14":"sale","15":"shipping-taxable","16":"purchasable","17":"product-type-simple"},"_links":{"self":[{"href":"https:\/\/roveyayinevi.com.tr\/index.php\/wp-json\/wp\/v2\/product\/700776","targetHints":{"allow":["GET"]}}],"collection":[{"href":"https:\/\/roveyayinevi.com.tr\/index.php\/wp-json\/wp\/v2\/product"}],"about":[{"href":"https:\/\/roveyayinevi.com.tr\/index.php\/wp-json\/wp\/v2\/types\/product"}],"wp:attachment":[{"href":"https:\/\/roveyayinevi.com.tr\/index.php\/wp-json\/wp\/v2\/media?parent=700776"}],"wp:term":[{"taxonomy":"product_brand","embeddable":true,"href":"https:\/\/roveyayinevi.com.tr\/index.php\/wp-json\/wp\/v2\/product_brand?post=700776"},{"taxonomy":"product_cat","embeddable":true,"href":"https:\/\/roveyayinevi.com.tr\/index.php\/wp-json\/wp\/v2\/product_cat?post=700776"},{"taxonomy":"product_tag","embeddable":true,"href":"https:\/\/roveyayinevi.com.tr\/index.php\/wp-json\/wp\/v2\/product_tag?post=700776"}],"curies":[{"name":"wp","href":"https:\/\/api.w.org\/{rel}","templated":true}]}}