{"id":700771,"date":"2025-08-27T15:02:07","date_gmt":"2025-08-27T12:02:07","guid":{"rendered":"https:\/\/roveyayinevi.com.tr\/index.php\/urun\/kazim-taskent-yapi-kredi-ve-kultur-sanat\/"},"modified":"2026-04-16T02:10:03","modified_gmt":"2026-04-15T23:10:03","slug":"kazim-taskent-yapi-kredi-ve-kultur-sanat","status":"publish","type":"product","link":"https:\/\/roveyayinevi.com.tr\/index.php\/urun\/kazim-taskent-yapi-kredi-ve-kultur-sanat\/","title":{"rendered":"Kaz\u0131m Ta\u015fkent, Yap\u0131 Kredi ve K\u00fclt\u00fcr Sanat"},"content":{"rendered":"<p>\u2019Bizim gibi b\u00fcy\u00fck kurulu\u015flar\u0131n iki g\u00f6revi vard\u0131r. Birincisi, kendi i\u015ftigal konular\u0131 ile ilgili g\u00f6revleri, ikincisi ise, topluma kar\u015f\u0131 olan g\u00f6revleridir. Biz, k\u00fclt\u00fcr ve sanat\u0131 se\u00e7tik. O y\u00fczden biz, k\u00fclt\u00fcr ve sanat bankas\u0131y\u0131z.\u2019\u2019 <\/p>\n","protected":false},"excerpt":{"rendered":"<p>\u2019Bizim gibi b\u00fcy\u00fck kurulu\u015flar\u0131n iki g\u00f6revi vard\u0131r. Birincisi, kendi i\u015ftigal konular\u0131 ile ilgili g\u00f6revleri, ikincisi ise, topluma kar\u015f\u0131 olan g\u00f6revleridir. Biz, k\u00fclt\u00fcr ve sanat\u0131 se\u00e7tik. O<span class=\"excerpt-hellip\"> [\u2026]<\/span><\/p>\n","protected":false},"featured_media":0,"template":"","meta":{"_monsterinsights_skip_tracking":false,"_monsterinsights_sitenote_active":false,"_monsterinsights_sitenote_note":"","_monsterinsights_sitenote_category":0},"product_brand":[],"product_cat":[18545,12291],"product_tag":[],"class_list":{"0":"post-700771","1":"product","2":"type-product","3":"status-publish","5":"product_cat-anlati","6":"product_cat-edebiyat","7":"pa_cilt-ciltsiz","8":"pa_tur-kitap","9":"pa_yayinevi-yapi-kredi-yayinlari","10":"pa_yazar-hasan-ersel","12":"first","13":"instock","14":"sale","15":"shipping-taxable","16":"purchasable","17":"product-type-simple"},"_links":{"self":[{"href":"https:\/\/roveyayinevi.com.tr\/index.php\/wp-json\/wp\/v2\/product\/700771","targetHints":{"allow":["GET"]}}],"collection":[{"href":"https:\/\/roveyayinevi.com.tr\/index.php\/wp-json\/wp\/v2\/product"}],"about":[{"href":"https:\/\/roveyayinevi.com.tr\/index.php\/wp-json\/wp\/v2\/types\/product"}],"wp:attachment":[{"href":"https:\/\/roveyayinevi.com.tr\/index.php\/wp-json\/wp\/v2\/media?parent=700771"}],"wp:term":[{"taxonomy":"product_brand","embeddable":true,"href":"https:\/\/roveyayinevi.com.tr\/index.php\/wp-json\/wp\/v2\/product_brand?post=700771"},{"taxonomy":"product_cat","embeddable":true,"href":"https:\/\/roveyayinevi.com.tr\/index.php\/wp-json\/wp\/v2\/product_cat?post=700771"},{"taxonomy":"product_tag","embeddable":true,"href":"https:\/\/roveyayinevi.com.tr\/index.php\/wp-json\/wp\/v2\/product_tag?post=700771"}],"curies":[{"name":"wp","href":"https:\/\/api.w.org\/{rel}","templated":true}]}}