{"id":700769,"date":"2025-08-27T15:02:06","date_gmt":"2025-08-27T12:02:06","guid":{"rendered":"https:\/\/roveyayinevi.com.tr\/index.php\/urun\/10-kasim-gunlugu\/"},"modified":"2026-04-16T02:10:03","modified_gmt":"2026-04-15T23:10:03","slug":"10-kasim-gunlugu","status":"publish","type":"product","link":"https:\/\/roveyayinevi.com.tr\/index.php\/urun\/10-kasim-gunlugu\/","title":{"rendered":"10 Kas\u0131m G\u00fcnl\u00fc\u011f\u00fc"},"content":{"rendered":"<p>\u00d6l\u00fcm\u00fc \u00fczerine t\u00fcm d\u00fcnyan\u0131n aya\u011fa kalkt\u0131\u011f\u0131 insan\u2026 Atat\u00fcrk&#8217;\u00fcn Hastal\u0131\u011f\u0131 ve \u00d6l\u00fcm\u00fc S\u00fcrecinin Belgesel Kronolojisi&#8230; <\/p>\n","protected":false},"excerpt":{"rendered":"<p>\u00d6l\u00fcm\u00fc \u00fczerine t\u00fcm d\u00fcnyan\u0131n aya\u011fa kalkt\u0131\u011f\u0131 insan\u2026 Atat\u00fcrk&#8217;\u00fcn Hastal\u0131\u011f\u0131 ve \u00d6l\u00fcm\u00fc S\u00fcrecinin Belgesel Kronolojisi&#8230;<\/p>\n","protected":false},"featured_media":0,"template":"","meta":{"_monsterinsights_skip_tracking":false,"_monsterinsights_sitenote_active":false,"_monsterinsights_sitenote_note":"","_monsterinsights_sitenote_category":0},"product_brand":[],"product_cat":[12370,12304],"product_tag":[],"class_list":{"0":"post-700769","1":"product","2":"type-product","3":"status-publish","5":"product_cat-arastirma-inceleme","6":"product_cat-tarih","7":"pa_tur-kitap","8":"pa_yayinevi-bilgi-yayinevi","9":"pa_yazar-bilal-n-simsir","11":"first","12":"instock","13":"sale","14":"shipping-taxable","15":"purchasable","16":"product-type-simple"},"_links":{"self":[{"href":"https:\/\/roveyayinevi.com.tr\/index.php\/wp-json\/wp\/v2\/product\/700769","targetHints":{"allow":["GET"]}}],"collection":[{"href":"https:\/\/roveyayinevi.com.tr\/index.php\/wp-json\/wp\/v2\/product"}],"about":[{"href":"https:\/\/roveyayinevi.com.tr\/index.php\/wp-json\/wp\/v2\/types\/product"}],"wp:attachment":[{"href":"https:\/\/roveyayinevi.com.tr\/index.php\/wp-json\/wp\/v2\/media?parent=700769"}],"wp:term":[{"taxonomy":"product_brand","embeddable":true,"href":"https:\/\/roveyayinevi.com.tr\/index.php\/wp-json\/wp\/v2\/product_brand?post=700769"},{"taxonomy":"product_cat","embeddable":true,"href":"https:\/\/roveyayinevi.com.tr\/index.php\/wp-json\/wp\/v2\/product_cat?post=700769"},{"taxonomy":"product_tag","embeddable":true,"href":"https:\/\/roveyayinevi.com.tr\/index.php\/wp-json\/wp\/v2\/product_tag?post=700769"}],"curies":[{"name":"wp","href":"https:\/\/api.w.org\/{rel}","templated":true}]}}