{"id":700761,"date":"2025-08-27T15:02:04","date_gmt":"2025-08-27T12:02:04","guid":{"rendered":"https:\/\/roveyayinevi.com.tr\/index.php\/urun\/geveze-cizgiler\/"},"modified":"2026-04-16T02:10:02","modified_gmt":"2026-04-15T23:10:02","slug":"geveze-cizgiler","status":"publish","type":"product","link":"https:\/\/roveyayinevi.com.tr\/index.php\/urun\/geveze-cizgiler\/","title":{"rendered":"Geveze \u00c7izgiler"},"content":{"rendered":"<p>Y\u0131ld\u0131zlarla bilmece bulmaca oynayan, d\u00fc\u015f d\u00fcnyas\u0131 s\u0131n\u0131rs\u0131z R\u00fcya&#8230; Evin her k\u00f6\u015fesinde tiyatro repli\u011fi arayan ele avuca s\u0131\u011fmaz iki karde\u015fin ser\u00fcveni&#8230; Kedisi Yar\u0131m K\u00f6fte\u2019nin ilgisizli\u011finden ve evdeki yaln\u0131zl\u0131\u011f\u0131ndan yak\u0131nan Neco&#8230; Anne ve babas\u0131n\u0131n incir \u00e7ekirde\u011fini doldurmayan kavgalar\u0131n\u0131 duymamak i\u00e7in sevimli bal\u0131\u011f\u0131 Su Cini ile masals\u0131 bir yolculu\u011fa \u00e7\u0131kan \u0130nci&#8230; Tek \u00e7ocuk olman\u0131n zorlu\u011funu ya\u015fayan ve soka\u011fa \u00e7\u0131kmas\u0131na izin verilmeyen Merve\u2019nin d\u0131sar\u0131da arkada\u015flar\u0131yla oyun oynayabilmek i\u00e7in yapt\u0131\u011f\u0131 zekice planlar&#8230; Birbirlerine h\u00e2l\u00e2 \u00e2s\u0131k olan dede ve ninesinin \u00e7ocuksu maceralar\u0131yla ne\u015feli g\u00fcnler ge\u00e7iren Melis&#8230; Babas\u0131yla oynad\u0131\u011f\u0131 her oyunda misketleri yutulan Ozan&#8230; Grip ve bilgisayar vir\u00fcsleriyle ba\u015f\u0131 dertte olan Emre&#8230; Arkada\u015flar\u0131n\u0131n Anime Perisi dedi\u011fi, zeki, yetenekli ve yarat\u0131c\u0131 bir k\u0131z \u00e7ocu\u011funun ressam olma hayalleri&#8230; Geveze \u00c7izgiler kitab\u0131n\u0131n k\u00fc\u00e7\u00fck kahramanlar\u0131, dokuz \u00f6yk\u00fcden sesleniyorlar bize&#8230; Sat\u0131rlar\u0131nda cin gibi \u00e7ocuklar\u0131n cirit att\u0131\u011f\u0131 \u00f6yk\u00fcleri okurken g\u00fcl\u00fcmsememek elde de\u011fil&#8230; \ufffcTan\u0131t\u0131m Metni<\/p>\n","protected":false},"excerpt":{"rendered":"<p>Y\u0131ld\u0131zlarla bilmece bulmaca oynayan, d\u00fc\u015f d\u00fcnyas\u0131 s\u0131n\u0131rs\u0131z R\u00fcya&#8230; Evin her k\u00f6\u015fesinde tiyatro repli\u011fi arayan ele avuca s\u0131\u011fmaz iki karde\u015fin ser\u00fcveni&#8230; Kedisi Yar\u0131m K\u00f6fte\u2019nin ilgisizli\u011finden ve evdeki<span class=\"excerpt-hellip\"> [\u2026]<\/span><\/p>\n","protected":false},"featured_media":0,"template":"","meta":{"_monsterinsights_skip_tracking":false,"_monsterinsights_sitenote_active":false,"_monsterinsights_sitenote_note":"","_monsterinsights_sitenote_category":0},"product_brand":[],"product_cat":[12274,12284],"product_tag":[],"class_list":{"0":"post-700761","1":"product","2":"type-product","3":"status-publish","5":"product_cat-cocuk-ve-genclik-kitaplari","6":"product_cat-hikayeler","7":"pa_cilt-ciltsiz","8":"pa_tur-kitap","9":"pa_yayinevi-altin-kitaplar-ozel-urun","10":"pa_yazar-asuman-portakal","12":"first","13":"instock","14":"sale","15":"shipping-taxable","16":"purchasable","17":"product-type-simple"},"_links":{"self":[{"href":"https:\/\/roveyayinevi.com.tr\/index.php\/wp-json\/wp\/v2\/product\/700761","targetHints":{"allow":["GET"]}}],"collection":[{"href":"https:\/\/roveyayinevi.com.tr\/index.php\/wp-json\/wp\/v2\/product"}],"about":[{"href":"https:\/\/roveyayinevi.com.tr\/index.php\/wp-json\/wp\/v2\/types\/product"}],"wp:attachment":[{"href":"https:\/\/roveyayinevi.com.tr\/index.php\/wp-json\/wp\/v2\/media?parent=700761"}],"wp:term":[{"taxonomy":"product_brand","embeddable":true,"href":"https:\/\/roveyayinevi.com.tr\/index.php\/wp-json\/wp\/v2\/product_brand?post=700761"},{"taxonomy":"product_cat","embeddable":true,"href":"https:\/\/roveyayinevi.com.tr\/index.php\/wp-json\/wp\/v2\/product_cat?post=700761"},{"taxonomy":"product_tag","embeddable":true,"href":"https:\/\/roveyayinevi.com.tr\/index.php\/wp-json\/wp\/v2\/product_tag?post=700761"}],"curies":[{"name":"wp","href":"https:\/\/api.w.org\/{rel}","templated":true}]}}