{"id":700759,"date":"2025-08-27T15:02:03","date_gmt":"2025-08-27T12:02:03","guid":{"rendered":"https:\/\/roveyayinevi.com.tr\/index.php\/urun\/benim-adim-kristof-kolomb\/"},"modified":"2026-04-16T02:10:02","modified_gmt":"2026-04-15T23:10:02","slug":"benim-adim-kristof-kolomb","status":"publish","type":"product","link":"https:\/\/roveyayinevi.com.tr\/index.php\/urun\/benim-adim-kristof-kolomb\/","title":{"rendered":"Benim Ad\u0131m&#8230; Kristof Kolomb"},"content":{"rendered":"<p>Benim ad\u0131m&#8230; Kristof Kolomb Benim, Yeni D\u00fcnya\u2019y\u0131 ke\u015ffimle birlikte b\u00fcy\u00fck Okyanus \u0130mparatorluklar\u0131 d\u00f6nemi ba\u015flad\u0131. Yeni D\u00fcnya ile yap\u0131lan ticaretlere ba\u011fl\u0131 olarak, \u0130spanya ve \u0130ngiltere gibi baz\u0131 Avrupa \u00fclkeleri ekonomik a\u00e7\u0131dan b\u00fcy\u00fck bir geli\u015fme g\u00f6sterdi ve uluslararas\u0131 g\u00fc\u00e7 h\u00e2line geldi. O zamandan beri, d\u00fcnyan\u0131n herhangi bir yerinde ger\u00e7ekle\u015fen bir olay di\u011fer t\u00fcm b\u00f6lgeleri etkiliyor. Benim seyahatlerim olmasayd\u0131, ya\u015fad\u0131\u011f\u0131n\u0131z d\u00fcnyaya ili\u015fkin bilgileriniz bug\u00fcn bildiklerinizden \u00e7ok farkl\u0131 olacakt\u0131. <\/p>\n","protected":false},"excerpt":{"rendered":"<p>Benim ad\u0131m&#8230; Kristof Kolomb Benim, Yeni D\u00fcnya\u2019y\u0131 ke\u015ffimle birlikte b\u00fcy\u00fck Okyanus \u0130mparatorluklar\u0131 d\u00f6nemi ba\u015flad\u0131. Yeni D\u00fcnya ile yap\u0131lan ticaretlere ba\u011fl\u0131 olarak, \u0130spanya ve \u0130ngiltere gibi baz\u0131<span class=\"excerpt-hellip\"> [\u2026]<\/span><\/p>\n","protected":false},"featured_media":0,"template":"","meta":{"_monsterinsights_skip_tracking":false,"_monsterinsights_sitenote_active":false,"_monsterinsights_sitenote_note":"","_monsterinsights_sitenote_category":0},"product_brand":[],"product_cat":[12274,12284],"product_tag":[],"class_list":{"0":"post-700759","1":"product","2":"type-product","3":"status-publish","5":"product_cat-cocuk-ve-genclik-kitaplari","6":"product_cat-hikayeler","7":"pa_cilt-ciltsiz","8":"pa_tur-kitap","9":"pa_yayinevi-altin-kitaplar-ozel-urun","10":"pa_yazar-fernando-garces-oscar-julve","12":"first","13":"instock","14":"sale","15":"shipping-taxable","16":"purchasable","17":"product-type-simple"},"_links":{"self":[{"href":"https:\/\/roveyayinevi.com.tr\/index.php\/wp-json\/wp\/v2\/product\/700759","targetHints":{"allow":["GET"]}}],"collection":[{"href":"https:\/\/roveyayinevi.com.tr\/index.php\/wp-json\/wp\/v2\/product"}],"about":[{"href":"https:\/\/roveyayinevi.com.tr\/index.php\/wp-json\/wp\/v2\/types\/product"}],"wp:attachment":[{"href":"https:\/\/roveyayinevi.com.tr\/index.php\/wp-json\/wp\/v2\/media?parent=700759"}],"wp:term":[{"taxonomy":"product_brand","embeddable":true,"href":"https:\/\/roveyayinevi.com.tr\/index.php\/wp-json\/wp\/v2\/product_brand?post=700759"},{"taxonomy":"product_cat","embeddable":true,"href":"https:\/\/roveyayinevi.com.tr\/index.php\/wp-json\/wp\/v2\/product_cat?post=700759"},{"taxonomy":"product_tag","embeddable":true,"href":"https:\/\/roveyayinevi.com.tr\/index.php\/wp-json\/wp\/v2\/product_tag?post=700759"}],"curies":[{"name":"wp","href":"https:\/\/api.w.org\/{rel}","templated":true}]}}