{"id":700755,"date":"2025-08-27T15:02:02","date_gmt":"2025-08-27T12:02:02","guid":{"rendered":"https:\/\/roveyayinevi.com.tr\/index.php\/urun\/her-deney-bir-eglence-isik\/"},"modified":"2026-04-16T02:10:02","modified_gmt":"2026-04-15T23:10:02","slug":"her-deney-bir-eglence-isik","status":"publish","type":"product","link":"https:\/\/roveyayinevi.com.tr\/index.php\/urun\/her-deney-bir-eglence-isik\/","title":{"rendered":"Her Deney Bir E\u011flence &#8211; I\u015f\u0131k"},"content":{"rendered":"<p>Her Deney Bir E\u011flence serisi, \u00e7ok ilgin\u00e7 deneylerle dolu bir kitap koleksiyonu sunuyor. Bu seride, evinizin etraf\u0131nda bulunan basit malzemelerle yapabilece\u011finiz kolay, g\u00fcvenli ve \u00e7ocuklar i\u00e7in m\u00fckemmel olan pek \u00e7ok deney bulacaks\u0131n\u0131z. <\/p>\n","protected":false},"excerpt":{"rendered":"<p>Her Deney Bir E\u011flence serisi, \u00e7ok ilgin\u00e7 deneylerle dolu bir kitap koleksiyonu sunuyor. Bu seride, evinizin etraf\u0131nda bulunan basit malzemelerle yapabilece\u011finiz kolay, g\u00fcvenli ve \u00e7ocuklar i\u00e7in<span class=\"excerpt-hellip\"> [\u2026]<\/span><\/p>\n","protected":false},"featured_media":0,"template":"","meta":{"_monsterinsights_skip_tracking":false,"_monsterinsights_sitenote_active":false,"_monsterinsights_sitenote_note":"","_monsterinsights_sitenote_category":0},"product_brand":[],"product_cat":[13829,12274],"product_tag":[],"class_list":{"0":"post-700755","1":"product","2":"type-product","3":"status-publish","5":"product_cat-bilimsel-kitaplar","6":"product_cat-cocuk-ve-genclik-kitaplari","7":"pa_tur-kitap","8":"pa_yayinevi-marti-yayinlari","9":"pa_yazar-kolektif","11":"first","12":"instock","13":"sale","14":"shipping-taxable","15":"purchasable","16":"product-type-simple"},"_links":{"self":[{"href":"https:\/\/roveyayinevi.com.tr\/index.php\/wp-json\/wp\/v2\/product\/700755","targetHints":{"allow":["GET"]}}],"collection":[{"href":"https:\/\/roveyayinevi.com.tr\/index.php\/wp-json\/wp\/v2\/product"}],"about":[{"href":"https:\/\/roveyayinevi.com.tr\/index.php\/wp-json\/wp\/v2\/types\/product"}],"wp:attachment":[{"href":"https:\/\/roveyayinevi.com.tr\/index.php\/wp-json\/wp\/v2\/media?parent=700755"}],"wp:term":[{"taxonomy":"product_brand","embeddable":true,"href":"https:\/\/roveyayinevi.com.tr\/index.php\/wp-json\/wp\/v2\/product_brand?post=700755"},{"taxonomy":"product_cat","embeddable":true,"href":"https:\/\/roveyayinevi.com.tr\/index.php\/wp-json\/wp\/v2\/product_cat?post=700755"},{"taxonomy":"product_tag","embeddable":true,"href":"https:\/\/roveyayinevi.com.tr\/index.php\/wp-json\/wp\/v2\/product_tag?post=700755"}],"curies":[{"name":"wp","href":"https:\/\/api.w.org\/{rel}","templated":true}]}}