{"id":700754,"date":"2025-08-27T15:02:02","date_gmt":"2025-08-27T12:02:02","guid":{"rendered":"https:\/\/roveyayinevi.com.tr\/index.php\/urun\/20-yuzyilda-osmanli-devleti\/"},"modified":"2026-04-16T02:10:02","modified_gmt":"2026-04-15T23:10:02","slug":"20-yuzyilda-osmanli-devleti","status":"publish","type":"product","link":"https:\/\/roveyayinevi.com.tr\/index.php\/urun\/20-yuzyilda-osmanli-devleti\/","title":{"rendered":"20. Y\u00fczy\u0131lda Osmanl\u0131 Devleti"},"content":{"rendered":"<p>1897 y\u0131l\u0131ndan 1922 y\u0131l\u0131 sonuna kadar T\u00fcrk milleti, uzun bir sava\u015f d\u00f6nemi ya\u015fad\u0131. Bu sava\u015flar\u0131n tarihimizde \u00f6nemli yeri vard\u0131r. Bu bak\u0131mdan, \u201c20. Y\u00fczy\u0131lda Osmanl\u0131 Devleti\u201d ad\u0131 alt\u0131nda yay\u0131nlad\u0131\u011f\u0131m\u0131z kitab\u0131m\u0131zda sava\u015flara \u00f6n planda yer vermi\u015f bulunuyoruz. Bunun bir nedeni; siyasi tarih kitaplar\u0131nda k\u0131saca yer alan sava\u015f konular\u0131 yetersiz olduklar\u0131 gibi, geni\u015f kaynaklara dayanmad\u0131klar\u0131 i\u00e7in birbirinden farkl\u0131 bilgiler vermemeleridir. Bir di\u011fer nedeni ise yenilgiye u\u011frayan devlet adamlar\u0131n\u0131n ve komutanlar\u0131n, \u00f6zel savunma niteli\u011finde olan eserleri ve hat\u0131ralar\u0131n\u0131n tarafs\u0131z olmamalar\u0131d\u0131r. Dolay\u0131s\u0131yla bunlardan yararlanan tarih yazarlar\u0131n\u0131n ger\u00e7ekleri yans\u0131tamad\u0131klar\u0131 g\u00f6r\u00fcl\u00fcyor. <\/p>\n","protected":false},"excerpt":{"rendered":"<p>1897 y\u0131l\u0131ndan 1922 y\u0131l\u0131 sonuna kadar T\u00fcrk milleti, uzun bir sava\u015f d\u00f6nemi ya\u015fad\u0131. Bu sava\u015flar\u0131n tarihimizde \u00f6nemli yeri vard\u0131r. Bu bak\u0131mdan, \u201c20. Y\u00fczy\u0131lda Osmanl\u0131 Devleti\u201d ad\u0131<span class=\"excerpt-hellip\"> [\u2026]<\/span><\/p>\n","protected":false},"featured_media":0,"template":"","meta":{"_monsterinsights_skip_tracking":false,"_monsterinsights_sitenote_active":false,"_monsterinsights_sitenote_note":"","_monsterinsights_sitenote_category":0},"product_brand":[],"product_cat":[12370,12304],"product_tag":[],"class_list":{"0":"post-700754","1":"product","2":"type-product","3":"status-publish","5":"product_cat-arastirma-inceleme","6":"product_cat-tarih","7":"pa_tur-kitap","8":"pa_yayinevi-yeditepe-yayinevi","9":"pa_yazar-fahri-belen","11":"first","12":"instock","13":"sale","14":"shipping-taxable","15":"purchasable","16":"product-type-simple"},"_links":{"self":[{"href":"https:\/\/roveyayinevi.com.tr\/index.php\/wp-json\/wp\/v2\/product\/700754","targetHints":{"allow":["GET"]}}],"collection":[{"href":"https:\/\/roveyayinevi.com.tr\/index.php\/wp-json\/wp\/v2\/product"}],"about":[{"href":"https:\/\/roveyayinevi.com.tr\/index.php\/wp-json\/wp\/v2\/types\/product"}],"wp:attachment":[{"href":"https:\/\/roveyayinevi.com.tr\/index.php\/wp-json\/wp\/v2\/media?parent=700754"}],"wp:term":[{"taxonomy":"product_brand","embeddable":true,"href":"https:\/\/roveyayinevi.com.tr\/index.php\/wp-json\/wp\/v2\/product_brand?post=700754"},{"taxonomy":"product_cat","embeddable":true,"href":"https:\/\/roveyayinevi.com.tr\/index.php\/wp-json\/wp\/v2\/product_cat?post=700754"},{"taxonomy":"product_tag","embeddable":true,"href":"https:\/\/roveyayinevi.com.tr\/index.php\/wp-json\/wp\/v2\/product_tag?post=700754"}],"curies":[{"name":"wp","href":"https:\/\/api.w.org\/{rel}","templated":true}]}}