{"id":700753,"date":"2025-08-27T15:02:02","date_gmt":"2025-08-27T12:02:02","guid":{"rendered":"https:\/\/roveyayinevi.com.tr\/index.php\/urun\/mutsuz-palyacolar-orgutu\/"},"modified":"2026-04-16T02:10:02","modified_gmt":"2026-04-15T23:10:02","slug":"mutsuz-palyacolar-orgutu","status":"publish","type":"product","link":"https:\/\/roveyayinevi.com.tr\/index.php\/urun\/mutsuz-palyacolar-orgutu\/","title":{"rendered":"Mutsuz Palya\u00e7olar \u00d6rg\u00fct\u00fc"},"content":{"rendered":"<p>Haldun Taner \u00d6yk\u00fc \u00d6d\u00fcl\u00fc sahibi, \u00e7a\u011fda\u015f \u00f6yk\u00fcc\u00fcl\u00fc\u011f\u00fcm\u00fcz\u00fcn \u00f6nemli isimlerinden Neslihan \u00d6ndero\u011flu, incelikli hikayelerini bu kez gen\u00e7ler i\u00e7in kaleme ald\u0131. K\u00f6pr\u00fc Kitaplar koleksiyonu i\u00e7in yazd\u0131\u011f\u0131 roman\u0131 Bana Sesini B\u0131rak ile gen\u00e7lik edebiyat\u0131na g\u00fc\u00e7l\u00fc bir giri\u015f yapan yazar, Mutsuz Palya\u00e7olar \u00d6rg\u00fct\u00fc adl\u0131 son \u00f6yk\u00fc kitab\u0131nda yal\u0131n ama bir o kadar da g\u00fc\u00e7l\u00fc diliyle dikkat \u00e7ekiyor. G\u00fcndelik ya\u015fam\u0131n k\u0131r\u0131lgan ayr\u0131nt\u0131lar\u0131na \u00f6zenle dokunan 15 \u00f6yk\u00fc, arkada\u015fl\u0131k, mahalle ya\u015fam\u0131, aile ili\u015fkileri ve gen\u00e7lik duygular\u0131yla okuru sar\u0131p sarmal\u0131yor. S\u00f6ylediklerinin yan\u0131 s\u0131ra, s\u00f6ylemedikleriyle de y\u00fcreklere seslenen \u00d6ndero\u011flu, \u00f6yk\u00fclerinde sahicilikten taviz vermiyor; gen\u00e7lerin, g\u00f6rmezden gelinenlerin, her \u015feye ra\u011fmen hayal kurmaktan vazge\u00e7meyenlerin yan\u0131nda duruyor.Okul yolunda yenen dondurman\u0131n unutulmaz tad\u0131, pencere \u00f6n\u00fcnde bekleyen iki karde\u015fin ortak co\u015fkusu, masmavi g\u00f6ky\u00fcz\u00fcndeki bir u\u00e7a\u011f\u0131n kanad\u0131na tak\u0131lan hayaller, a\u015f\u0131k kalplerin cesareti, baba yolunu g\u00f6zleyen y\u00fcrekler, r\u00fczgarla ha\u015f\u0131r ne\u015fir h\u00fcz\u00fcnler&#8230; \u0130lkgen\u00e7lik y\u0131llar\u0131n\u0131n rengini, sesini ve duygular\u0131n\u0131 yans\u0131tan \u00f6yk\u00fclerde, h\u00fcz\u00fcn ve ne\u015fe, umut ve hayal k\u0131r\u0131kl\u0131\u011f\u0131, \u00e7ocuksu merak ve naif kabulleni\u015fler birbirine dolan\u0131yor&#8230; <\/p>\n","protected":false},"excerpt":{"rendered":"<p>Haldun Taner \u00d6yk\u00fc \u00d6d\u00fcl\u00fc sahibi, \u00e7a\u011fda\u015f \u00f6yk\u00fcc\u00fcl\u00fc\u011f\u00fcm\u00fcz\u00fcn \u00f6nemli isimlerinden Neslihan \u00d6ndero\u011flu, incelikli hikayelerini bu kez gen\u00e7ler i\u00e7in kaleme ald\u0131. K\u00f6pr\u00fc Kitaplar koleksiyonu i\u00e7in yazd\u0131\u011f\u0131 roman\u0131 Bana<span class=\"excerpt-hellip\"> [\u2026]<\/span><\/p>\n","protected":false},"featured_media":0,"template":"","meta":{"_monsterinsights_skip_tracking":false,"_monsterinsights_sitenote_active":false,"_monsterinsights_sitenote_note":"","_monsterinsights_sitenote_category":0},"product_brand":[],"product_cat":[12291,12711],"product_tag":[],"class_list":{"0":"post-700753","1":"product","2":"type-product","3":"status-publish","5":"product_cat-edebiyat","6":"product_cat-roman-oyku","7":"pa_cilt-ciltsiz","8":"pa_tur-kitap","9":"pa_yayinevi-gunisigi-kitapligi","10":"pa_yazar-neslihan-onderoglu","12":"first","13":"instock","14":"sale","15":"shipping-taxable","16":"purchasable","17":"product-type-simple"},"_links":{"self":[{"href":"https:\/\/roveyayinevi.com.tr\/index.php\/wp-json\/wp\/v2\/product\/700753","targetHints":{"allow":["GET"]}}],"collection":[{"href":"https:\/\/roveyayinevi.com.tr\/index.php\/wp-json\/wp\/v2\/product"}],"about":[{"href":"https:\/\/roveyayinevi.com.tr\/index.php\/wp-json\/wp\/v2\/types\/product"}],"wp:attachment":[{"href":"https:\/\/roveyayinevi.com.tr\/index.php\/wp-json\/wp\/v2\/media?parent=700753"}],"wp:term":[{"taxonomy":"product_brand","embeddable":true,"href":"https:\/\/roveyayinevi.com.tr\/index.php\/wp-json\/wp\/v2\/product_brand?post=700753"},{"taxonomy":"product_cat","embeddable":true,"href":"https:\/\/roveyayinevi.com.tr\/index.php\/wp-json\/wp\/v2\/product_cat?post=700753"},{"taxonomy":"product_tag","embeddable":true,"href":"https:\/\/roveyayinevi.com.tr\/index.php\/wp-json\/wp\/v2\/product_tag?post=700753"}],"curies":[{"name":"wp","href":"https:\/\/api.w.org\/{rel}","templated":true}]}}