{"id":700749,"date":"2025-08-27T15:02:01","date_gmt":"2025-08-27T12:02:01","guid":{"rendered":"https:\/\/roveyayinevi.com.tr\/index.php\/urun\/yabancilara-toprak-satisi-ve-yasalasma-surecleri\/"},"modified":"2026-04-16T02:10:02","modified_gmt":"2026-04-15T23:10:02","slug":"yabancilara-toprak-satisi-ve-yasalasma-surecleri","status":"publish","type":"product","link":"https:\/\/roveyayinevi.com.tr\/index.php\/urun\/yabancilara-toprak-satisi-ve-yasalasma-surecleri\/","title":{"rendered":"Yabanc\u0131lara Toprak Sat\u0131\u015f\u0131 ve Yasala\u015fma S\u00fcre\u00e7leri"},"content":{"rendered":"<p>Sivil \u0130\u015fgale Ak Tezkere 2006Osmanl\u0131dan Cumhuriyete Cumhuriyetten G\u00fcn\u00fcm\u00fcze Yabanc\u0131lara Ta\u015f\u0131nmaz Sat\u0131\u015f\u0131 Yasala\u015fma S\u00fcre\u00e7leri Sonu\u00e7lar\u0131 2006Yabanc\u0131lara Toprak Sat\u0131\u015f\u0131 Yasala\u015fma S\u00fcre\u00e7leri 2008Yabanc\u0131lara Toprak Sat\u0131\u015f\u0131 Yasala\u015fma S\u00fcre\u00e7leri 2009\u0130mparatorlukta D\u0131\u015f Bor\u00e7lanma ve Yabanc\u0131lara Toprak Sat\u0131\u015f\u0131 Yasala\u015fma S\u00fcreci <\/p>\n","protected":false},"excerpt":{"rendered":"<p>Sivil \u0130\u015fgale Ak Tezkere 2006Osmanl\u0131dan Cumhuriyete Cumhuriyetten G\u00fcn\u00fcm\u00fcze Yabanc\u0131lara Ta\u015f\u0131nmaz Sat\u0131\u015f\u0131 Yasala\u015fma S\u00fcre\u00e7leri Sonu\u00e7lar\u0131 2006Yabanc\u0131lara Toprak Sat\u0131\u015f\u0131 Yasala\u015fma S\u00fcre\u00e7leri 2008Yabanc\u0131lara Toprak Sat\u0131\u015f\u0131 Yasala\u015fma S\u00fcre\u00e7leri 2009\u0130mparatorlukta D\u0131\u015f<span class=\"excerpt-hellip\"> [\u2026]<\/span><\/p>\n","protected":false},"featured_media":0,"template":"","meta":{"_monsterinsights_skip_tracking":false,"_monsterinsights_sitenote_active":false,"_monsterinsights_sitenote_note":"","_monsterinsights_sitenote_category":0},"product_brand":[],"product_cat":[12304,13650],"product_tag":[],"class_list":{"0":"post-700749","1":"product","2":"type-product","3":"status-publish","5":"product_cat-tarih","6":"product_cat-turk-tarihi-arastirmalari","7":"pa_cilt-ciltsiz","8":"pa_tur-kitap","9":"pa_yayinevi-onur-yayinlari","10":"pa_yazar-muzaffer-ilhan-erdost","12":"first","13":"instock","14":"sale","15":"shipping-taxable","16":"purchasable","17":"product-type-simple"},"_links":{"self":[{"href":"https:\/\/roveyayinevi.com.tr\/index.php\/wp-json\/wp\/v2\/product\/700749","targetHints":{"allow":["GET"]}}],"collection":[{"href":"https:\/\/roveyayinevi.com.tr\/index.php\/wp-json\/wp\/v2\/product"}],"about":[{"href":"https:\/\/roveyayinevi.com.tr\/index.php\/wp-json\/wp\/v2\/types\/product"}],"wp:attachment":[{"href":"https:\/\/roveyayinevi.com.tr\/index.php\/wp-json\/wp\/v2\/media?parent=700749"}],"wp:term":[{"taxonomy":"product_brand","embeddable":true,"href":"https:\/\/roveyayinevi.com.tr\/index.php\/wp-json\/wp\/v2\/product_brand?post=700749"},{"taxonomy":"product_cat","embeddable":true,"href":"https:\/\/roveyayinevi.com.tr\/index.php\/wp-json\/wp\/v2\/product_cat?post=700749"},{"taxonomy":"product_tag","embeddable":true,"href":"https:\/\/roveyayinevi.com.tr\/index.php\/wp-json\/wp\/v2\/product_tag?post=700749"}],"curies":[{"name":"wp","href":"https:\/\/api.w.org\/{rel}","templated":true}]}}