{"id":700746,"date":"2025-08-27T15:02:00","date_gmt":"2025-08-27T12:02:00","guid":{"rendered":"https:\/\/roveyayinevi.com.tr\/index.php\/urun\/gizemli-dag\/"},"modified":"2026-04-16T02:10:02","modified_gmt":"2026-04-15T23:10:02","slug":"gizemli-dag","status":"publish","type":"product","link":"https:\/\/roveyayinevi.com.tr\/index.php\/urun\/gizemli-dag\/","title":{"rendered":"Gizemli Da\u011f"},"content":{"rendered":"<p>Ne oldu, nas\u0131l oldu bilmiyorum. Parlak bir \u0131\u015f\u0131k g\u00f6zlerimi kama\u015ft\u0131rmakla kalmad\u0131, beni i\u00e7ine ald\u0131! Birden \u00e7ok ama \u00e7ok h\u0131zl\u0131 ve bir o kadar da yumu\u015fak bir koridordan a\u015fa\u011f\u0131 d\u00fc\u015fmeye ba\u015flad\u0131m. Sanki bu koridor sadece \u0131\u015f\u0131ktan dokunmu\u015ftu; ama insan \u0131\u015f\u0131\u011f\u0131 teninde b\u00f6yle pamuk gibi hissedebilir miydi? D\u00fc\u015ft\u00fcm, d\u00fc\u015ft\u00fcm ve \u015fa\u015fk\u0131nl\u0131ktan ba\u011f\u0131ramad\u0131m bile&#8230; Cihangir, C\u00fcneyt ve \u0130klimya&#8217;n\u0131n k\u0131sa bir zaman \u00f6nce Kapadokya&#8217;da ya\u015fad\u0131klar\u0131 maceradan sonra ba\u015flar\u0131 yine belada. K\u0131z\u0131l\u0131rmak k\u0131y\u0131s\u0131nda geziye \u00e7\u0131kan bu \u00fc\u00e7 karde\u015fin ba\u015f\u0131na gelen gizemli maceray\u0131 heyecanla okuyacaks\u0131n! <\/p>\n","protected":false},"excerpt":{"rendered":"<p>Ne oldu, nas\u0131l oldu bilmiyorum. Parlak bir \u0131\u015f\u0131k g\u00f6zlerimi kama\u015ft\u0131rmakla kalmad\u0131, beni i\u00e7ine ald\u0131! Birden \u00e7ok ama \u00e7ok h\u0131zl\u0131 ve bir o kadar da yumu\u015fak bir<span class=\"excerpt-hellip\"> [\u2026]<\/span><\/p>\n","protected":false},"featured_media":0,"template":"","meta":{"_monsterinsights_skip_tracking":false,"_monsterinsights_sitenote_active":false,"_monsterinsights_sitenote_note":"","_monsterinsights_sitenote_category":0},"product_brand":[],"product_cat":[12291,15117],"product_tag":[],"class_list":{"0":"post-700746","1":"product","2":"type-product","3":"status-publish","5":"product_cat-edebiyat","6":"product_cat-genclik-edebiyati","7":"pa_cilt-ciltsiz","8":"pa_tur-kitap","9":"pa_yayinevi-timas-yayinlari","10":"pa_yazar-ozlem-gurhan","12":"first","13":"instock","14":"sale","15":"shipping-taxable","16":"purchasable","17":"product-type-simple"},"_links":{"self":[{"href":"https:\/\/roveyayinevi.com.tr\/index.php\/wp-json\/wp\/v2\/product\/700746","targetHints":{"allow":["GET"]}}],"collection":[{"href":"https:\/\/roveyayinevi.com.tr\/index.php\/wp-json\/wp\/v2\/product"}],"about":[{"href":"https:\/\/roveyayinevi.com.tr\/index.php\/wp-json\/wp\/v2\/types\/product"}],"wp:attachment":[{"href":"https:\/\/roveyayinevi.com.tr\/index.php\/wp-json\/wp\/v2\/media?parent=700746"}],"wp:term":[{"taxonomy":"product_brand","embeddable":true,"href":"https:\/\/roveyayinevi.com.tr\/index.php\/wp-json\/wp\/v2\/product_brand?post=700746"},{"taxonomy":"product_cat","embeddable":true,"href":"https:\/\/roveyayinevi.com.tr\/index.php\/wp-json\/wp\/v2\/product_cat?post=700746"},{"taxonomy":"product_tag","embeddable":true,"href":"https:\/\/roveyayinevi.com.tr\/index.php\/wp-json\/wp\/v2\/product_tag?post=700746"}],"curies":[{"name":"wp","href":"https:\/\/api.w.org\/{rel}","templated":true}]}}