{"id":700739,"date":"2025-08-27T15:01:58","date_gmt":"2025-08-27T12:01:58","guid":{"rendered":"https:\/\/roveyayinevi.com.tr\/index.php\/urun\/aci-su\/"},"modified":"2026-04-16T02:10:02","modified_gmt":"2026-04-15T23:10:02","slug":"aci-su","status":"publish","type":"product","link":"https:\/\/roveyayinevi.com.tr\/index.php\/urun\/aci-su\/","title":{"rendered":"Ac\u0131 Su"},"content":{"rendered":"<p>Sevmek, her \u015feye ra\u011fmen sevmek, y\u00fcce bir duygudur; Elif ve T\u00f6rehan\u2019\u0131nki gibi, Leyla ve Nurullah\u2019\u0131nki gibi&#8230;Bazen de daha y\u00fcce bir de\u011fer i\u00e7in anadan, y\u00e2rdan, candan vazge\u00e7ebilmektir, sevmek;Karakorganl\u0131 Ko\u00e7ibeg gibi, S\u00f6\u011f\u00fctl\u00fc Muhammed \u0130shak, Kazanl\u0131 M\u0131sr\u00ee gibi&#8230; <\/p>\n","protected":false},"excerpt":{"rendered":"<p>Sevmek, her \u015feye ra\u011fmen sevmek, y\u00fcce bir duygudur; Elif ve T\u00f6rehan\u2019\u0131nki gibi, Leyla ve Nurullah\u2019\u0131nki gibi&#8230;Bazen de daha y\u00fcce bir de\u011fer i\u00e7in anadan, y\u00e2rdan, candan vazge\u00e7ebilmektir,<span class=\"excerpt-hellip\"> [\u2026]<\/span><\/p>\n","protected":false},"featured_media":0,"template":"","meta":{"_monsterinsights_skip_tracking":false,"_monsterinsights_sitenote_active":false,"_monsterinsights_sitenote_note":"","_monsterinsights_sitenote_category":0},"product_brand":[],"product_cat":[12291,12292],"product_tag":[],"class_list":{"0":"post-700739","1":"product","2":"type-product","3":"status-publish","5":"product_cat-edebiyat","6":"product_cat-turk-edebiyati","7":"pa_tur-kitap","8":"pa_yayinevi-bilge-kultur-sanat","9":"pa_yazar-hasan-kayihan","11":"first","12":"instock","13":"sale","14":"shipping-taxable","15":"purchasable","16":"product-type-simple"},"_links":{"self":[{"href":"https:\/\/roveyayinevi.com.tr\/index.php\/wp-json\/wp\/v2\/product\/700739","targetHints":{"allow":["GET"]}}],"collection":[{"href":"https:\/\/roveyayinevi.com.tr\/index.php\/wp-json\/wp\/v2\/product"}],"about":[{"href":"https:\/\/roveyayinevi.com.tr\/index.php\/wp-json\/wp\/v2\/types\/product"}],"wp:attachment":[{"href":"https:\/\/roveyayinevi.com.tr\/index.php\/wp-json\/wp\/v2\/media?parent=700739"}],"wp:term":[{"taxonomy":"product_brand","embeddable":true,"href":"https:\/\/roveyayinevi.com.tr\/index.php\/wp-json\/wp\/v2\/product_brand?post=700739"},{"taxonomy":"product_cat","embeddable":true,"href":"https:\/\/roveyayinevi.com.tr\/index.php\/wp-json\/wp\/v2\/product_cat?post=700739"},{"taxonomy":"product_tag","embeddable":true,"href":"https:\/\/roveyayinevi.com.tr\/index.php\/wp-json\/wp\/v2\/product_tag?post=700739"}],"curies":[{"name":"wp","href":"https:\/\/api.w.org\/{rel}","templated":true}]}}