{"id":700735,"date":"2025-08-27T15:01:56","date_gmt":"2025-08-27T12:01:56","guid":{"rendered":"https:\/\/roveyayinevi.com.tr\/index.php\/urun\/100dunya-3-abislerin-cagrisi\/"},"modified":"2026-04-16T02:10:02","modified_gmt":"2026-04-15T23:10:02","slug":"100dunya-3-abislerin-cagrisi","status":"publish","type":"product","link":"https:\/\/roveyayinevi.com.tr\/index.php\/urun\/100dunya-3-abislerin-cagrisi\/","title":{"rendered":"100D\u00fcnya 3: Abisler&#8217;in \u00c7a\u011fr\u0131s\u0131"},"content":{"rendered":"<p>Sana benzemeyen her \u015fey d\u00fc\u015fman\u0131n m\u0131d\u0131r?  \u201c100D\u00fcnya\u201d \u00fc\u00e7\u00fcnc\u00fc kitapla sona eriyor! <\/p>\n","protected":false},"excerpt":{"rendered":"<p>Sana benzemeyen her \u015fey d\u00fc\u015fman\u0131n m\u0131d\u0131r? \u201c100D\u00fcnya\u201d \u00fc\u00e7\u00fcnc\u00fc kitapla sona eriyor!<\/p>\n","protected":false},"featured_media":0,"template":"","meta":{"_monsterinsights_skip_tracking":false,"_monsterinsights_sitenote_active":false,"_monsterinsights_sitenote_note":"","_monsterinsights_sitenote_category":0},"product_brand":[],"product_cat":[12540,12291],"product_tag":[],"class_list":{"0":"post-700735","1":"product","2":"type-product","3":"status-publish","5":"product_cat-bilim-kurgu","6":"product_cat-edebiyat","7":"pa_cilt-ciltsiz","8":"pa_tur-kitap","9":"pa_yayinevi-on8-kitap","10":"pa_yazar-danielle-martinigol","12":"first","13":"instock","14":"sale","15":"shipping-taxable","16":"purchasable","17":"product-type-simple"},"_links":{"self":[{"href":"https:\/\/roveyayinevi.com.tr\/index.php\/wp-json\/wp\/v2\/product\/700735","targetHints":{"allow":["GET"]}}],"collection":[{"href":"https:\/\/roveyayinevi.com.tr\/index.php\/wp-json\/wp\/v2\/product"}],"about":[{"href":"https:\/\/roveyayinevi.com.tr\/index.php\/wp-json\/wp\/v2\/types\/product"}],"wp:attachment":[{"href":"https:\/\/roveyayinevi.com.tr\/index.php\/wp-json\/wp\/v2\/media?parent=700735"}],"wp:term":[{"taxonomy":"product_brand","embeddable":true,"href":"https:\/\/roveyayinevi.com.tr\/index.php\/wp-json\/wp\/v2\/product_brand?post=700735"},{"taxonomy":"product_cat","embeddable":true,"href":"https:\/\/roveyayinevi.com.tr\/index.php\/wp-json\/wp\/v2\/product_cat?post=700735"},{"taxonomy":"product_tag","embeddable":true,"href":"https:\/\/roveyayinevi.com.tr\/index.php\/wp-json\/wp\/v2\/product_tag?post=700735"}],"curies":[{"name":"wp","href":"https:\/\/api.w.org\/{rel}","templated":true}]}}