{"id":700731,"date":"2025-08-27T15:01:55","date_gmt":"2025-08-27T12:01:55","guid":{"rendered":"https:\/\/roveyayinevi.com.tr\/index.php\/urun\/afganistan-ve-hindistanda-bir-turk-devleti-gazneliler\/"},"modified":"2026-04-16T02:10:02","modified_gmt":"2026-04-15T23:10:02","slug":"afganistan-ve-hindistanda-bir-turk-devleti-gazneliler","status":"publish","type":"product","link":"https:\/\/roveyayinevi.com.tr\/index.php\/urun\/afganistan-ve-hindistanda-bir-turk-devleti-gazneliler\/","title":{"rendered":"Afganistan ve Hindistan&#8217;da bir T\u00fcrk Devleti: Gazneliler"},"content":{"rendered":"<p>Bu eserde Orta \u00c7a\u011f T\u00fcrk devletlerinden biri olan Gazneliler (963-1186) hakk\u0131nda bilgi verilmi\u015ftir. Ayr\u0131ca Gazneliler Devleti\u2019nin kurulu\u015f d\u00f6neminde \u00e7evrede bulunan devlet ve em\u00eerlikler de g\u00f6zden ge\u00e7irilmi\u015ftir. <\/p>\n","protected":false},"excerpt":{"rendered":"<p>Bu eserde Orta \u00c7a\u011f T\u00fcrk devletlerinden biri olan Gazneliler (963-1186) hakk\u0131nda bilgi verilmi\u015ftir. Ayr\u0131ca Gazneliler Devleti\u2019nin kurulu\u015f d\u00f6neminde \u00e7evrede bulunan devlet ve em\u00eerlikler de g\u00f6zden ge\u00e7irilmi\u015ftir.<\/p>\n","protected":false},"featured_media":0,"template":"","meta":{"_monsterinsights_skip_tracking":false,"_monsterinsights_sitenote_active":false,"_monsterinsights_sitenote_note":"","_monsterinsights_sitenote_category":0},"product_brand":[],"product_cat":[12370,12304],"product_tag":[],"class_list":{"0":"post-700731","1":"product","2":"type-product","3":"status-publish","5":"product_cat-arastirma-inceleme","6":"product_cat-tarih","7":"pa_tur-kitap","8":"pa_yayinevi-bilge-kultur-sanat","9":"pa_yazar-erdogan-mercil","11":"first","12":"instock","13":"sale","14":"shipping-taxable","15":"purchasable","16":"product-type-simple"},"_links":{"self":[{"href":"https:\/\/roveyayinevi.com.tr\/index.php\/wp-json\/wp\/v2\/product\/700731","targetHints":{"allow":["GET"]}}],"collection":[{"href":"https:\/\/roveyayinevi.com.tr\/index.php\/wp-json\/wp\/v2\/product"}],"about":[{"href":"https:\/\/roveyayinevi.com.tr\/index.php\/wp-json\/wp\/v2\/types\/product"}],"wp:attachment":[{"href":"https:\/\/roveyayinevi.com.tr\/index.php\/wp-json\/wp\/v2\/media?parent=700731"}],"wp:term":[{"taxonomy":"product_brand","embeddable":true,"href":"https:\/\/roveyayinevi.com.tr\/index.php\/wp-json\/wp\/v2\/product_brand?post=700731"},{"taxonomy":"product_cat","embeddable":true,"href":"https:\/\/roveyayinevi.com.tr\/index.php\/wp-json\/wp\/v2\/product_cat?post=700731"},{"taxonomy":"product_tag","embeddable":true,"href":"https:\/\/roveyayinevi.com.tr\/index.php\/wp-json\/wp\/v2\/product_tag?post=700731"}],"curies":[{"name":"wp","href":"https:\/\/api.w.org\/{rel}","templated":true}]}}