{"id":700722,"date":"2025-08-27T15:01:53","date_gmt":"2025-08-27T12:01:53","guid":{"rendered":"https:\/\/roveyayinevi.com.tr\/index.php\/urun\/oteki-din\/"},"modified":"2026-04-16T02:10:02","modified_gmt":"2026-04-15T23:10:02","slug":"oteki-din","status":"publish","type":"product","link":"https:\/\/roveyayinevi.com.tr\/index.php\/urun\/oteki-din\/","title":{"rendered":"\u00d6teki Din"},"content":{"rendered":"<p>\u00d6teki Din; d\u00fc\u015f\u00fcncenin ve anlam aray\u0131\u015f\u0131n\u0131n de\u011fil al\u0131nt\u0131lama ve kopyalaman\u0131n; \u0130slam\u2019\u0131 yeniden anlaman\u0131n de\u011fil egemen g\u00fc\u00e7lerin politik ve stratejik hedeflerine uydurman\u0131n; birle\u015fmenin ve bir arada ya\u015faman\u0131n de\u011fil \u0131rk\u00e7\u0131l\u0131\u011f\u0131n, ayr\u0131mc\u0131l\u0131\u011f\u0131n ve b\u00f6l\u00fcc\u00fcl\u00fc\u011f\u00fcn; g\u00fcvenin ve do\u011frulu\u011fun de\u011fil aldatman\u0131n ve d\u00fczenbazl\u0131\u011f\u0131n; hak\u00e7a payla\u015fman\u0131n ve ekonomik u\u00e7urumu a\u015fman\u0131n de\u011fil mal biriktirmenin, tefecili\u011fin ve tekelcili\u011fin; terbiyenin ve vakar\u0131n de\u011fil ihtiras\u0131n ve \u015fehvetin; m\u00fctevaz\u0131l\u0131\u011fin ve onurun de\u011fil kibrin d\u00fc\u015fk\u00fcnl\u00fc\u011f\u00fcn; merhametin ve ba\u015far\u0131n\u0131n de\u011fil kabal\u0131\u011f\u0131n ve \u00e7at\u0131\u015fman\u0131n; hakk\u0131n ve hukukun de\u011fil sorumsuzlu\u011fun ve pusu kurman\u0131n; adaletin ve g\u00fcvenin zulm\u00fcn, \u015f\u00fcphenin ve korkunun; g\u00f6n\u00fcl insan\u0131 olman\u0131n de\u011fil bask\u0131n\u0131n ve fi\u015flemenin, \u015fiddetin ve istismar\u0131n; adanm\u0131\u015fl\u0131\u011f\u0131n ve Allah\u2019a ba\u011fl\u0131l\u0131\u011f\u0131n de\u011fil riyak\u00e2rl\u0131\u011f\u0131n ve kahirli\u011fin; aidiyetin, hamiyetin ve vefan\u0131n de\u011fil egemen g\u00fc\u00e7lere yaslanman\u0131n, aldatman\u0131n, kendi milletine ve tarihi tecr\u00fcbesine sald\u0131rman\u0131n arac\u0131d\u0131r. <\/p>\n","protected":false},"excerpt":{"rendered":"<p>\u00d6teki Din; d\u00fc\u015f\u00fcncenin ve anlam aray\u0131\u015f\u0131n\u0131n de\u011fil al\u0131nt\u0131lama ve kopyalaman\u0131n; \u0130slam\u2019\u0131 yeniden anlaman\u0131n de\u011fil egemen g\u00fc\u00e7lerin politik ve stratejik hedeflerine uydurman\u0131n; birle\u015fmenin ve bir arada ya\u015faman\u0131n<span class=\"excerpt-hellip\"> [\u2026]<\/span><\/p>\n","protected":false},"featured_media":0,"template":"","meta":{"_monsterinsights_skip_tracking":false,"_monsterinsights_sitenote_active":false,"_monsterinsights_sitenote_note":"","_monsterinsights_sitenote_category":0},"product_brand":[],"product_cat":[16382,12718],"product_tag":[],"class_list":{"0":"post-700722","1":"product","2":"type-product","3":"status-publish","5":"product_cat-diger-inanclar","6":"product_cat-din","7":"pa_tur-kitap","8":"pa_yayinevi-berikan-yayinlari","9":"pa_yazar-nadim-macit","11":"first","12":"instock","13":"sale","14":"shipping-taxable","15":"purchasable","16":"product-type-simple"},"_links":{"self":[{"href":"https:\/\/roveyayinevi.com.tr\/index.php\/wp-json\/wp\/v2\/product\/700722","targetHints":{"allow":["GET"]}}],"collection":[{"href":"https:\/\/roveyayinevi.com.tr\/index.php\/wp-json\/wp\/v2\/product"}],"about":[{"href":"https:\/\/roveyayinevi.com.tr\/index.php\/wp-json\/wp\/v2\/types\/product"}],"wp:attachment":[{"href":"https:\/\/roveyayinevi.com.tr\/index.php\/wp-json\/wp\/v2\/media?parent=700722"}],"wp:term":[{"taxonomy":"product_brand","embeddable":true,"href":"https:\/\/roveyayinevi.com.tr\/index.php\/wp-json\/wp\/v2\/product_brand?post=700722"},{"taxonomy":"product_cat","embeddable":true,"href":"https:\/\/roveyayinevi.com.tr\/index.php\/wp-json\/wp\/v2\/product_cat?post=700722"},{"taxonomy":"product_tag","embeddable":true,"href":"https:\/\/roveyayinevi.com.tr\/index.php\/wp-json\/wp\/v2\/product_tag?post=700722"}],"curies":[{"name":"wp","href":"https:\/\/api.w.org\/{rel}","templated":true}]}}