{"id":700721,"date":"2025-08-27T15:01:53","date_gmt":"2025-08-27T12:01:53","guid":{"rendered":"https:\/\/roveyayinevi.com.tr\/index.php\/urun\/ganga\/"},"modified":"2026-04-16T02:10:02","modified_gmt":"2026-04-15T23:10:02","slug":"ganga","status":"publish","type":"product","link":"https:\/\/roveyayinevi.com.tr\/index.php\/urun\/ganga\/","title":{"rendered":"Ganga"},"content":{"rendered":"<p>Ganj nehrinin yata\u011f\u0131nda, insan k\u00fcllerinden olu\u015fma, ola\u011fan\u00fcst\u00fc nitelikler i\u00e7eren, gizemli bir ya\u015fam ortam\u0131 vard\u0131r. Burada ya\u015fayan bal\u0131klarda zamanla hem insanca, hem de insan\u00fcst\u00fc \u00f6zellikler belirir. Binlerce y\u0131l s\u00fcren evrim sonunda, giderek insano\u011flunun beyin g\u00fcc\u00fcn\u00fc a\u015fan bal\u0131k t\u00fcrleri olu\u015fur. Bu yarat\u0131klar, yery\u00fcz\u00fcndeki canl\u0131lar\u0131n en geli\u015fmi\u015f ve en yeni t\u00fcr\u00fc olman\u0131n onuruyla kendilerini &#8220;Ganj\u2019l\u0131lar&#8221; olarak adland\u0131r\u0131rlar. Bu \u00fcst\u00fcn beyinli yarat\u0131klar, de\u011fi\u015fim tutkusuna kap\u0131l\u0131rlar. Tek ama\u00e7lar\u0131 insana d\u00f6n\u00fc\u015f\u00fcp yery\u00fcz\u00fcne \u00e7\u0131kmak, yok olman\u0131n e\u015fi\u011finde bulunan d\u00fcnyay\u0131 kurtar\u0131p insanlara, akl\u0131n boyutlar\u0131n\u0131 a\u015fan g\u00f6zkama\u015ft\u0131r\u0131c\u0131 ya\u015fam olanaklar\u0131 sunmakt\u0131r. &#8220;Ganga&#8221;, bu gizemli canl\u0131 t\u00fcr\u00fcn\u00fcn, insana d\u00f6n\u00fc\u015fmeyi ba\u015farm\u0131\u015f tek temsilcisi olarak insanlar\u0131n aras\u0131na kar\u0131\u015f\u0131r. Ganj\u2019l\u0131lar ad\u0131na, yery\u00fcz\u00fcn\u00fc ve insanlar\u0131 tan\u0131y\u0131p ya\u015fam deneyimi edinmek i\u00e7in d\u00fcnyay\u0131 dola\u015fmaya ba\u015flar. Bu s\u00fcre\u00e7te, \u00f6ylesine g\u00fcl\u00fcn\u00e7, korkun\u00e7, ac\u0131kl\u0131 ve \u015fa\u015f\u0131rt\u0131c\u0131 olaylarla kar\u015f\u0131la\u015f\u0131p soluk kesici ser\u00fcvenler ya\u015far ki!.. Ganga ile bir g\u00fcn siz de kar\u015f\u0131la\u015fabilirsiniz. G\u00f6rkemli beyninize yo\u011funla\u015f\u0131p d\u00fc\u015f\u00fcnerek, yarat\u0131c\u0131 g\u00fcc\u00fcn\u00fcz\u00fc uyararak, onu alg\u0131layabilirsiniz. Bunu ba\u015far\u0131rsan\u0131z, yepyeni bir ya\u015fama ad\u0131m atman\u0131n sevin\u00e7 ve co\u015fkusuyla ku\u015fat\u0131lacaks\u0131n\u0131z.<\/p>\n","protected":false},"excerpt":{"rendered":"<p>Ganj nehrinin yata\u011f\u0131nda, insan k\u00fcllerinden olu\u015fma, ola\u011fan\u00fcst\u00fc nitelikler i\u00e7eren, gizemli bir ya\u015fam ortam\u0131 vard\u0131r. Burada ya\u015fayan bal\u0131klarda zamanla hem insanca, hem de insan\u00fcst\u00fc \u00f6zellikler belirir. Binlerce<span class=\"excerpt-hellip\"> [\u2026]<\/span><\/p>\n","protected":false},"featured_media":0,"template":"","meta":{"_monsterinsights_skip_tracking":false,"_monsterinsights_sitenote_active":false,"_monsterinsights_sitenote_note":"","_monsterinsights_sitenote_category":0},"product_brand":[],"product_cat":[12275,12274],"product_tag":[],"class_list":{"0":"post-700721","1":"product","2":"type-product","3":"status-publish","5":"product_cat-6-12-yas-kitaplari","6":"product_cat-cocuk-ve-genclik-kitaplari","7":"pa_cilt-ciltsiz","8":"pa_tur-kitap","9":"pa_yayinevi-altin-kitaplar-cocuk-kitaplari","10":"pa_yazar-gulten-dayioglu","12":"first","13":"instock","14":"sale","15":"shipping-taxable","16":"purchasable","17":"product-type-simple"},"_links":{"self":[{"href":"https:\/\/roveyayinevi.com.tr\/index.php\/wp-json\/wp\/v2\/product\/700721","targetHints":{"allow":["GET"]}}],"collection":[{"href":"https:\/\/roveyayinevi.com.tr\/index.php\/wp-json\/wp\/v2\/product"}],"about":[{"href":"https:\/\/roveyayinevi.com.tr\/index.php\/wp-json\/wp\/v2\/types\/product"}],"wp:attachment":[{"href":"https:\/\/roveyayinevi.com.tr\/index.php\/wp-json\/wp\/v2\/media?parent=700721"}],"wp:term":[{"taxonomy":"product_brand","embeddable":true,"href":"https:\/\/roveyayinevi.com.tr\/index.php\/wp-json\/wp\/v2\/product_brand?post=700721"},{"taxonomy":"product_cat","embeddable":true,"href":"https:\/\/roveyayinevi.com.tr\/index.php\/wp-json\/wp\/v2\/product_cat?post=700721"},{"taxonomy":"product_tag","embeddable":true,"href":"https:\/\/roveyayinevi.com.tr\/index.php\/wp-json\/wp\/v2\/product_tag?post=700721"}],"curies":[{"name":"wp","href":"https:\/\/api.w.org\/{rel}","templated":true}]}}