{"id":700720,"date":"2025-08-27T15:01:52","date_gmt":"2025-08-27T12:01:52","guid":{"rendered":"https:\/\/roveyayinevi.com.tr\/index.php\/urun\/bes-kilitli-sandik\/"},"modified":"2026-04-16T02:10:02","modified_gmt":"2026-04-15T23:10:02","slug":"bes-kilitli-sandik","status":"publish","type":"product","link":"https:\/\/roveyayinevi.com.tr\/index.php\/urun\/bes-kilitli-sandik\/","title":{"rendered":"Be\u015f Kilitli Sand\u0131k"},"content":{"rendered":"<p>Lort Filibooster k\u00f6t\u00fc bir \u00f6nseziye kap\u0131larak vasiyetini yazmaya karar verir. B\u00fct\u00fcn servetini Hide Park\u2019\u0131n \u00f6rdeklerine, \u00e7ok \u00e7ocuklu taksi \u015fof\u00f6rlerine ve ad\u0131n\u0131 telefon rehberinden rastgele se\u00e7ti\u011fi Timothy\u2019ye b\u0131rak\u0131r. Hindistan\u2019a kaplan avlamaya giden lort esrarengiz bir bi\u00e7imde kaybolur. Kendi h\u00e2linde bir piyano akort\u00e7usu olan Timothy, bu beklenmedik miras kar\u015f\u0131s\u0131nda \u00e7ok \u015fa\u015f\u0131r\u0131r. Ancak paha bi\u00e7ilmez definesine kavu\u015fmak i\u00e7in Ege\u2019deki Sisam Adas\u0131\u2019na gitmesi gerekmektedir. Orada Timothy\u2019den d\u00fcnyan\u0131n d\u00f6rt bir yan\u0131n\u0131 dola\u015farak be\u015f anahtar bulmas\u0131 istenir. Gen\u00e7 piyano akort\u00e7usu, Brezilya, Macaristan, Nijerya ve Avustralya\u2019da ak\u0131l almaz maceralar ya\u015far. Esrarengiz bir d\u00fc\u015fman\u0131 her ad\u0131m\u0131n\u0131 takip etmekte, ona tuzaklar kurmaktad\u0131r. \u00c7e\u015fitli tehlikelerle burun buruna gelen Timothy, sonunda g\u00fczel bir gen\u00e7 k\u0131za \u00e2\u015f\u0131k olur. Timothy, bin bir zorlukla buldu\u011fu anahtarlarla define sand\u0131\u011f\u0131n\u0131 a\u00e7\u0131nca bir s\u00fcrprizle kar\u015f\u0131la\u015f\u0131r. Bekledi\u011fini bulamasa da art\u0131k d\u00fcnyan\u0131n en mutlu insan\u0131 olmu\u015ftur.<\/p>\n","protected":false},"excerpt":{"rendered":"<p>Lort Filibooster k\u00f6t\u00fc bir \u00f6nseziye kap\u0131larak vasiyetini yazmaya karar verir. B\u00fct\u00fcn servetini Hide Park\u2019\u0131n \u00f6rdeklerine, \u00e7ok \u00e7ocuklu taksi \u015fof\u00f6rlerine ve ad\u0131n\u0131 telefon rehberinden rastgele se\u00e7ti\u011fi Timothy\u2019ye<span class=\"excerpt-hellip\"> [\u2026]<\/span><\/p>\n","protected":false},"featured_media":0,"template":"","meta":{"_monsterinsights_skip_tracking":false,"_monsterinsights_sitenote_active":false,"_monsterinsights_sitenote_note":"","_monsterinsights_sitenote_category":0},"product_brand":[],"product_cat":[12274,12523],"product_tag":[],"class_list":{"0":"post-700720","1":"product","2":"type-product","3":"status-publish","5":"product_cat-cocuk-ve-genclik-kitaplari","6":"product_cat-masallar","7":"pa_cilt-ciltsiz","8":"pa_tur-kitap","9":"pa_yayinevi-altin-kitaplar-cocuk-kitaplari","10":"pa_yazar-evgene-trivizas","12":"first","13":"instock","14":"sale","15":"shipping-taxable","16":"purchasable","17":"product-type-simple"},"_links":{"self":[{"href":"https:\/\/roveyayinevi.com.tr\/index.php\/wp-json\/wp\/v2\/product\/700720","targetHints":{"allow":["GET"]}}],"collection":[{"href":"https:\/\/roveyayinevi.com.tr\/index.php\/wp-json\/wp\/v2\/product"}],"about":[{"href":"https:\/\/roveyayinevi.com.tr\/index.php\/wp-json\/wp\/v2\/types\/product"}],"wp:attachment":[{"href":"https:\/\/roveyayinevi.com.tr\/index.php\/wp-json\/wp\/v2\/media?parent=700720"}],"wp:term":[{"taxonomy":"product_brand","embeddable":true,"href":"https:\/\/roveyayinevi.com.tr\/index.php\/wp-json\/wp\/v2\/product_brand?post=700720"},{"taxonomy":"product_cat","embeddable":true,"href":"https:\/\/roveyayinevi.com.tr\/index.php\/wp-json\/wp\/v2\/product_cat?post=700720"},{"taxonomy":"product_tag","embeddable":true,"href":"https:\/\/roveyayinevi.com.tr\/index.php\/wp-json\/wp\/v2\/product_tag?post=700720"}],"curies":[{"name":"wp","href":"https:\/\/api.w.org\/{rel}","templated":true}]}}