{"id":700719,"date":"2025-08-27T15:01:52","date_gmt":"2025-08-27T12:01:52","guid":{"rendered":"https:\/\/roveyayinevi.com.tr\/index.php\/urun\/benim-adim-marie-curie\/"},"modified":"2026-04-16T02:10:01","modified_gmt":"2026-04-15T23:10:01","slug":"benim-adim-marie-curie","status":"publish","type":"product","link":"https:\/\/roveyayinevi.com.tr\/index.php\/urun\/benim-adim-marie-curie\/","title":{"rendered":"Benim Ad\u0131m&#8230; Marie Curie"},"content":{"rendered":"<p>Benim Ad\u0131m\u2026 Marie CurieE\u015fim Pierre ile saatlerce laboratuvarda \u00e7al\u0131\u015f\u0131yor ve o \u015fa\u015f\u0131rt\u0131c\u0131 radyasyon \u0131\u015f\u0131nlar\u0131n\u0131n kayna\u011f\u0131 olan maddeyi bulmaya \u00e7al\u0131\u015f\u0131yorduk. Buldu\u011fumuz bu maddeye &#8220;polonyum&#8221; ad\u0131n\u0131 verdik, ama daha sonra radyumu da ke\u015ffettik. Ve bu fenomenin radyoaktivite oldu\u011funu s\u00f6yledik.<\/p>\n","protected":false},"excerpt":{"rendered":"<p>Benim Ad\u0131m\u2026 Marie CurieE\u015fim Pierre ile saatlerce laboratuvarda \u00e7al\u0131\u015f\u0131yor ve o \u015fa\u015f\u0131rt\u0131c\u0131 radyasyon \u0131\u015f\u0131nlar\u0131n\u0131n kayna\u011f\u0131 olan maddeyi bulmaya \u00e7al\u0131\u015f\u0131yorduk. Buldu\u011fumuz bu maddeye &#8220;polonyum&#8221; ad\u0131n\u0131 verdik, ama<span class=\"excerpt-hellip\"> [\u2026]<\/span><\/p>\n","protected":false},"featured_media":0,"template":"","meta":{"_monsterinsights_skip_tracking":false,"_monsterinsights_sitenote_active":false,"_monsterinsights_sitenote_note":"","_monsterinsights_sitenote_category":0},"product_brand":[],"product_cat":[12274,14573],"product_tag":[],"class_list":{"0":"post-700719","1":"product","2":"type-product","3":"status-publish","5":"product_cat-cocuk-ve-genclik-kitaplari","6":"product_cat-referans-kitaplar-cocuk-ve-genclik-kitaplari","7":"pa_cilt-ciltsiz","8":"pa_tur-kitap","9":"pa_yayinevi-altin-kitaplar-cocuk-kitaplari","10":"pa_yazar-lluis-cugota","12":"first","13":"instock","14":"sale","15":"shipping-taxable","16":"purchasable","17":"product-type-simple"},"_links":{"self":[{"href":"https:\/\/roveyayinevi.com.tr\/index.php\/wp-json\/wp\/v2\/product\/700719","targetHints":{"allow":["GET"]}}],"collection":[{"href":"https:\/\/roveyayinevi.com.tr\/index.php\/wp-json\/wp\/v2\/product"}],"about":[{"href":"https:\/\/roveyayinevi.com.tr\/index.php\/wp-json\/wp\/v2\/types\/product"}],"wp:attachment":[{"href":"https:\/\/roveyayinevi.com.tr\/index.php\/wp-json\/wp\/v2\/media?parent=700719"}],"wp:term":[{"taxonomy":"product_brand","embeddable":true,"href":"https:\/\/roveyayinevi.com.tr\/index.php\/wp-json\/wp\/v2\/product_brand?post=700719"},{"taxonomy":"product_cat","embeddable":true,"href":"https:\/\/roveyayinevi.com.tr\/index.php\/wp-json\/wp\/v2\/product_cat?post=700719"},{"taxonomy":"product_tag","embeddable":true,"href":"https:\/\/roveyayinevi.com.tr\/index.php\/wp-json\/wp\/v2\/product_tag?post=700719"}],"curies":[{"name":"wp","href":"https:\/\/api.w.org\/{rel}","templated":true}]}}