{"id":700718,"date":"2025-08-27T15:01:52","date_gmt":"2025-08-27T12:01:52","guid":{"rendered":"https:\/\/roveyayinevi.com.tr\/index.php\/urun\/benim-adim-marco-polo\/"},"modified":"2026-04-16T02:10:01","modified_gmt":"2026-04-15T23:10:01","slug":"benim-adim-marco-polo","status":"publish","type":"product","link":"https:\/\/roveyayinevi.com.tr\/index.php\/urun\/benim-adim-marco-polo\/","title":{"rendered":"Benim Ad\u0131m&#8230; Marco Polo"},"content":{"rendered":"<p>Benim Ad\u0131m&#8230; Marco Polo&#8221;Eminim size de b\u00f6yle bir yolculuk imk\u00e2n\u0131 verilse mutlaka giderdiniz. Ama \u00e7ok fazla ki\u015finin benim g\u00f6rd\u00fcklerimi g\u00f6rme \u015fans\u0131 oldu\u011funu sanm\u0131yorum, bu y\u00fczden ya\u015fad\u0131klar\u0131m\u0131 sizlerle payla\u015fmak istiyorum. B\u00f6ylece d\u00fcnyadaki insanlar\u0131n, k\u00fclt\u00fcr ve dinlerin ne kadar \u00e7e\u015fitli ve zengin oldu\u011funu \u00f6\u011freneceksiniz. Ve eminim ki hepsine hayran kalacaks\u0131n\u0131z.&#8221;<\/p>\n","protected":false},"excerpt":{"rendered":"<p>Benim Ad\u0131m&#8230; Marco Polo&#8221;Eminim size de b\u00f6yle bir yolculuk imk\u00e2n\u0131 verilse mutlaka giderdiniz. Ama \u00e7ok fazla ki\u015finin benim g\u00f6rd\u00fcklerimi g\u00f6rme \u015fans\u0131 oldu\u011funu sanm\u0131yorum, bu y\u00fczden ya\u015fad\u0131klar\u0131m\u0131<span class=\"excerpt-hellip\"> [\u2026]<\/span><\/p>\n","protected":false},"featured_media":0,"template":"","meta":{"_monsterinsights_skip_tracking":false,"_monsterinsights_sitenote_active":false,"_monsterinsights_sitenote_note":"","_monsterinsights_sitenote_category":0},"product_brand":[],"product_cat":[12274,14573],"product_tag":[],"class_list":{"0":"post-700718","1":"product","2":"type-product","3":"status-publish","5":"product_cat-cocuk-ve-genclik-kitaplari","6":"product_cat-referans-kitaplar-cocuk-ve-genclik-kitaplari","7":"pa_cilt-ciltsiz","8":"pa_tur-kitap","9":"pa_yayinevi-altin-kitaplar-cocuk-kitaplari","10":"pa_yazar-nuria-barba","12":"first","13":"instock","14":"sale","15":"shipping-taxable","16":"purchasable","17":"product-type-simple"},"_links":{"self":[{"href":"https:\/\/roveyayinevi.com.tr\/index.php\/wp-json\/wp\/v2\/product\/700718","targetHints":{"allow":["GET"]}}],"collection":[{"href":"https:\/\/roveyayinevi.com.tr\/index.php\/wp-json\/wp\/v2\/product"}],"about":[{"href":"https:\/\/roveyayinevi.com.tr\/index.php\/wp-json\/wp\/v2\/types\/product"}],"wp:attachment":[{"href":"https:\/\/roveyayinevi.com.tr\/index.php\/wp-json\/wp\/v2\/media?parent=700718"}],"wp:term":[{"taxonomy":"product_brand","embeddable":true,"href":"https:\/\/roveyayinevi.com.tr\/index.php\/wp-json\/wp\/v2\/product_brand?post=700718"},{"taxonomy":"product_cat","embeddable":true,"href":"https:\/\/roveyayinevi.com.tr\/index.php\/wp-json\/wp\/v2\/product_cat?post=700718"},{"taxonomy":"product_tag","embeddable":true,"href":"https:\/\/roveyayinevi.com.tr\/index.php\/wp-json\/wp\/v2\/product_tag?post=700718"}],"curies":[{"name":"wp","href":"https:\/\/api.w.org\/{rel}","templated":true}]}}