{"id":700716,"date":"2025-08-27T15:01:51","date_gmt":"2025-08-27T12:01:51","guid":{"rendered":"https:\/\/roveyayinevi.com.tr\/index.php\/urun\/gezgin-dedektifler-eski-evin-kiracilari\/"},"modified":"2026-04-16T02:10:01","modified_gmt":"2026-04-15T23:10:01","slug":"gezgin-dedektifler-eski-evin-kiracilari","status":"publish","type":"product","link":"https:\/\/roveyayinevi.com.tr\/index.php\/urun\/gezgin-dedektifler-eski-evin-kiracilari\/","title":{"rendered":"Gezgin Dedektifler Eski Evin Kirac\u0131lar\u0131"},"content":{"rendered":"<p>Aylin ve Asl\u0131 hava alan\u0131nda birbirlerine sar\u0131l\u0131rken yine \u00e7ok e\u011flenceli bir yaz ge\u00e7ireceklerini biliyorlard\u0131. Hele Marco ve Silvia ile ya\u015fayacaklar\u0131 yaz okulu etkinliklerini d\u00fc\u015f\u00fcn\u00fcnce heyecanlar\u0131 daha da art\u0131yordu. Okulda tan\u0131\u015ft\u0131klar\u0131 Ale de gruplar\u0131na \u00e7ar\u00e7abuk uyum g\u00f6stermi\u015fti. Ama bu yaz, ge\u00e7en senelerdeki gibi pek sakin ge\u00e7ece\u011fe benzemiyordu. \u00c7\u00fcnk\u00fc Aylinlerin evlerinin yak\u0131n\u0131ndaki o eski eve ta\u015f\u0131nan birileri vard\u0131 ve \u00e7ocuklar bu kirac\u0131lar\u0131n kim olduklar\u0131n\u0131, nereden geldiklerini, ne i\u015f yapt\u0131klar\u0131n\u0131, \u00e7ocuklar\u0131 olup olmad\u0131\u011f\u0131n\u0131 ve o eve niye ta\u015f\u0131nd\u0131klar\u0131n\u0131 merak ediyorlard\u0131. O eski eve ta\u015f\u0131nan kirac\u0131lar ise s\u0131radan bir aile gibi g\u00f6r\u00fcnceler de hi\u00e7bir \u015feyi merakl\u0131o be\u015f \u00e7ocuktan saklayamazlard\u0131. Her \u015fey bo\u015f zennedilen evdeki o k\u00fc\u00e7\u00fck par\u0131lt\u0131yla ba\u015flayacakt\u0131. \ufffcTan\u0131t\u0131m Metni<\/p>\n","protected":false},"excerpt":{"rendered":"<p>Aylin ve Asl\u0131 hava alan\u0131nda birbirlerine sar\u0131l\u0131rken yine \u00e7ok e\u011flenceli bir yaz ge\u00e7ireceklerini biliyorlard\u0131. Hele Marco ve Silvia ile ya\u015fayacaklar\u0131 yaz okulu etkinliklerini d\u00fc\u015f\u00fcn\u00fcnce heyecanlar\u0131 daha<span class=\"excerpt-hellip\"> [\u2026]<\/span><\/p>\n","protected":false},"featured_media":0,"template":"","meta":{"_monsterinsights_skip_tracking":false,"_monsterinsights_sitenote_active":false,"_monsterinsights_sitenote_note":"","_monsterinsights_sitenote_category":0},"product_brand":[],"product_cat":[12274,12284],"product_tag":[],"class_list":{"0":"post-700716","1":"product","2":"type-product","3":"status-publish","5":"product_cat-cocuk-ve-genclik-kitaplari","6":"product_cat-hikayeler","7":"pa_cilt-ciltsiz","8":"pa_tur-kitap","9":"pa_yayinevi-altin-kitaplar-ozel-urun","10":"pa_yazar-almila-aydin","12":"first","13":"instock","14":"sale","15":"shipping-taxable","16":"purchasable","17":"product-type-simple"},"_links":{"self":[{"href":"https:\/\/roveyayinevi.com.tr\/index.php\/wp-json\/wp\/v2\/product\/700716","targetHints":{"allow":["GET"]}}],"collection":[{"href":"https:\/\/roveyayinevi.com.tr\/index.php\/wp-json\/wp\/v2\/product"}],"about":[{"href":"https:\/\/roveyayinevi.com.tr\/index.php\/wp-json\/wp\/v2\/types\/product"}],"wp:attachment":[{"href":"https:\/\/roveyayinevi.com.tr\/index.php\/wp-json\/wp\/v2\/media?parent=700716"}],"wp:term":[{"taxonomy":"product_brand","embeddable":true,"href":"https:\/\/roveyayinevi.com.tr\/index.php\/wp-json\/wp\/v2\/product_brand?post=700716"},{"taxonomy":"product_cat","embeddable":true,"href":"https:\/\/roveyayinevi.com.tr\/index.php\/wp-json\/wp\/v2\/product_cat?post=700716"},{"taxonomy":"product_tag","embeddable":true,"href":"https:\/\/roveyayinevi.com.tr\/index.php\/wp-json\/wp\/v2\/product_tag?post=700716"}],"curies":[{"name":"wp","href":"https:\/\/api.w.org\/{rel}","templated":true}]}}