{"id":700715,"date":"2025-08-27T15:01:51","date_gmt":"2025-08-27T12:01:51","guid":{"rendered":"https:\/\/roveyayinevi.com.tr\/index.php\/urun\/emperyalizm-ve-turkiye\/"},"modified":"2026-04-16T02:10:01","modified_gmt":"2026-04-15T23:10:01","slug":"emperyalizm-ve-turkiye","status":"publish","type":"product","link":"https:\/\/roveyayinevi.com.tr\/index.php\/urun\/emperyalizm-ve-turkiye\/","title":{"rendered":"Emperyalizm ve T\u00fcrkiye"},"content":{"rendered":"<p>Emperyalizm nedir, kapitalizmin hangi a\u015famas\u0131nda ortaya \u00e7\u0131km\u0131\u015ft\u0131r? S\u00f6m\u00fcrgecilikle emperyalizm aras\u0131ndaki farklar nelerdir? Ulusal devlet, emperyalizmle m\u00fccadelenin neresinde? Ulusal devletin \u201cmodas\u0131\u201d ge\u00e7ti mi? Lenin\u2019in emperyalizm teorisi bug\u00fcne de \u0131\u015f\u0131k tutuyor mu?  Kapitalizmin \u201cserbest rekabet\u201d ilkesine ne oldu?  Demokrasi, emperyalizmin vah\u015fili\u011fini perdelemek amac\u0131yla kulland\u0131\u011f\u0131 bir \u201cs\u00f6ylem\u201d mi? 20. y\u00fczy\u0131lda devrimler neden kapitalizmin geli\u015fti\u011fi Bat\u0131 \u00fclkelerinde de\u011fil de Do\u011fu \u00fclkelerinde ger\u00e7ekle\u015fti? D\u00fcnyay\u0131 k\u00fcresel \u015firketler mi y\u00f6netiyor? \u201cSermaye\u2019nin Avrupa\u2019s\u0131na\u201d kar\u015f\u0131 \u201cEme\u011fin Avrupa\u201ds\u0131? Atat\u00fcrk, emperyalizm i\u00e7in ne ifade ediyor? T\u00fcrkiye\u2019nin 200 y\u0131ll\u0131k emperyalizmle m\u00fccadele tarihi hangi a\u015famalardan ge\u00e7ti? Laiklik ve ayd\u0131nlanma emperyalizme kar\u015f\u0131 m\u00fccadelede neden gerekli? T\u00fcrkiye ekonomide ni\u00e7in devlet\u00e7ilik yolunu se\u00e7ti? Bu bir se\u00e7im miydi yoksa zorunluluk muydu? Atat\u00fcrk\u2019\u00fcn Sovyet dostlu\u011fu politikas\u0131 ni\u00e7in terk edildi? Atat\u00fcrk\u2019ten sonra Bat\u0131 ittifak\u0131na y\u00f6nelen T\u00fcrkiye bu s\u00fcre\u00e7te neler kazand\u0131 ve neler kaybetti? Prof. Dr. Alpaslan I\u015f\u0131kl\u0131\u2019n\u0131n an\u0131s\u0131na ithaf edilen bu kitapta yukar\u0131daki sorulara her biri alanlar\u0131nda uzmanlar taraf\u0131ndan bilimsel bir bak\u0131\u015f a\u00e7\u0131s\u0131yla verilmi\u015f cevaplar bulacaks\u0131n\u0131z. <\/p>\n","protected":false},"excerpt":{"rendered":"<p>Emperyalizm nedir, kapitalizmin hangi a\u015famas\u0131nda ortaya \u00e7\u0131km\u0131\u015ft\u0131r? S\u00f6m\u00fcrgecilikle emperyalizm aras\u0131ndaki farklar nelerdir? Ulusal devlet, emperyalizmle m\u00fccadelenin neresinde? Ulusal devletin \u201cmodas\u0131\u201d ge\u00e7ti mi? Lenin\u2019in emperyalizm teorisi bug\u00fcne<span class=\"excerpt-hellip\"> [\u2026]<\/span><\/p>\n","protected":false},"featured_media":0,"template":"","meta":{"_monsterinsights_skip_tracking":false,"_monsterinsights_sitenote_active":false,"_monsterinsights_sitenote_note":"","_monsterinsights_sitenote_category":0},"product_brand":[],"product_cat":[12337,14543],"product_tag":[],"class_list":{"0":"post-700715","1":"product","2":"type-product","3":"status-publish","5":"product_cat-politika-siyaset","6":"product_cat-turkiye-siyaseti-ve-politikasi","7":"pa_cilt-ciltsiz","8":"pa_tur-kitap","9":"pa_yayinevi-kaynak-yayinlari","10":"pa_yazar-kolektif","12":"first","13":"instock","14":"sale","15":"shipping-taxable","16":"purchasable","17":"product-type-simple"},"_links":{"self":[{"href":"https:\/\/roveyayinevi.com.tr\/index.php\/wp-json\/wp\/v2\/product\/700715","targetHints":{"allow":["GET"]}}],"collection":[{"href":"https:\/\/roveyayinevi.com.tr\/index.php\/wp-json\/wp\/v2\/product"}],"about":[{"href":"https:\/\/roveyayinevi.com.tr\/index.php\/wp-json\/wp\/v2\/types\/product"}],"wp:attachment":[{"href":"https:\/\/roveyayinevi.com.tr\/index.php\/wp-json\/wp\/v2\/media?parent=700715"}],"wp:term":[{"taxonomy":"product_brand","embeddable":true,"href":"https:\/\/roveyayinevi.com.tr\/index.php\/wp-json\/wp\/v2\/product_brand?post=700715"},{"taxonomy":"product_cat","embeddable":true,"href":"https:\/\/roveyayinevi.com.tr\/index.php\/wp-json\/wp\/v2\/product_cat?post=700715"},{"taxonomy":"product_tag","embeddable":true,"href":"https:\/\/roveyayinevi.com.tr\/index.php\/wp-json\/wp\/v2\/product_tag?post=700715"}],"curies":[{"name":"wp","href":"https:\/\/api.w.org\/{rel}","templated":true}]}}