{"id":700712,"date":"2025-08-27T15:01:50","date_gmt":"2025-08-27T12:01:50","guid":{"rendered":"https:\/\/roveyayinevi.com.tr\/index.php\/urun\/ahi-evran\/"},"modified":"2026-04-16T02:10:01","modified_gmt":"2026-04-15T23:10:01","slug":"ahi-evran","status":"publish","type":"product","link":"https:\/\/roveyayinevi.com.tr\/index.php\/urun\/ahi-evran\/","title":{"rendered":"Ahi Evran"},"content":{"rendered":"<p>Anadolu Sel\u00e7uklu Devleti y\u0131k\u0131lmak \u00fczere\u2026 Mo\u011follar, Anadolu\u2019nun \u00fcst\u00fcnden adeta bir kara bulut gibi ge\u00e7iyorlar; ge\u00e7tikleri yerleri yak\u0131p, y\u0131k\u0131p, arkalar\u0131nda kan ve g\u00f6z ya\u015f\u0131 b\u0131rakarak\u2026 Her \u015fey bitti denilen anda ise, T\u00fcrkl\u00fc\u011f\u00fcn y\u0131lg\u0131nl\u0131\u011fa ve korkakl\u0131\u011fa meydan okuyan g\u00fc\u00e7leri sahne al\u0131yor. G\u00f6khan Mara\u015f\u2019\u0131n ak\u0131c\u0131 ve duru bir \u00fcsl\u00fbpla kaleme ald\u0131\u011f\u0131 romanda, Ahi Evran ve onun etraf\u0131nda toplanan T\u00fcrklerin, T\u00fcrkl\u00fc\u011f\u00fcn bat\u0131 ucundaki Anadolu kalesini ayakta tutmak i\u00e7in verdikleri m\u00fccadeleye \u015fahit olacaks\u0131n\u0131z. Romanda kimler yok ki? Ahi Evran, Hac\u0131 Bekta\u015f Veli, \u015eeyh Edebali, \u015eeyh S\u00fcleyman T\u00fcrkman\u00ee, Ertu\u011frul Bey ve daha nice kahraman \u015fahsiyetler\u2026 <\/p>\n","protected":false},"excerpt":{"rendered":"<p>Anadolu Sel\u00e7uklu Devleti y\u0131k\u0131lmak \u00fczere\u2026 Mo\u011follar, Anadolu\u2019nun \u00fcst\u00fcnden adeta bir kara bulut gibi ge\u00e7iyorlar; ge\u00e7tikleri yerleri yak\u0131p, y\u0131k\u0131p, arkalar\u0131nda kan ve g\u00f6z ya\u015f\u0131 b\u0131rakarak\u2026 Her \u015fey<span class=\"excerpt-hellip\"> [\u2026]<\/span><\/p>\n","protected":false},"featured_media":0,"template":"","meta":{"_monsterinsights_skip_tracking":false,"_monsterinsights_sitenote_active":false,"_monsterinsights_sitenote_note":"","_monsterinsights_sitenote_category":0},"product_brand":[],"product_cat":[12291,12745],"product_tag":[],"class_list":{"0":"post-700712","1":"product","2":"type-product","3":"status-publish","5":"product_cat-edebiyat","6":"product_cat-tarihi-roman","7":"pa_cilt-ciltsiz","8":"pa_tur-kitap","9":"pa_yayinevi-otuken-nesriyat","10":"pa_yazar-gokhan-maras","12":"first","13":"instock","14":"sale","15":"shipping-taxable","16":"purchasable","17":"product-type-simple"},"_links":{"self":[{"href":"https:\/\/roveyayinevi.com.tr\/index.php\/wp-json\/wp\/v2\/product\/700712","targetHints":{"allow":["GET"]}}],"collection":[{"href":"https:\/\/roveyayinevi.com.tr\/index.php\/wp-json\/wp\/v2\/product"}],"about":[{"href":"https:\/\/roveyayinevi.com.tr\/index.php\/wp-json\/wp\/v2\/types\/product"}],"wp:attachment":[{"href":"https:\/\/roveyayinevi.com.tr\/index.php\/wp-json\/wp\/v2\/media?parent=700712"}],"wp:term":[{"taxonomy":"product_brand","embeddable":true,"href":"https:\/\/roveyayinevi.com.tr\/index.php\/wp-json\/wp\/v2\/product_brand?post=700712"},{"taxonomy":"product_cat","embeddable":true,"href":"https:\/\/roveyayinevi.com.tr\/index.php\/wp-json\/wp\/v2\/product_cat?post=700712"},{"taxonomy":"product_tag","embeddable":true,"href":"https:\/\/roveyayinevi.com.tr\/index.php\/wp-json\/wp\/v2\/product_tag?post=700712"}],"curies":[{"name":"wp","href":"https:\/\/api.w.org\/{rel}","templated":true}]}}