{"id":700704,"date":"2025-08-27T15:01:47","date_gmt":"2025-08-27T12:01:47","guid":{"rendered":"https:\/\/roveyayinevi.com.tr\/index.php\/urun\/benim-adim-charles-chaplin\/"},"modified":"2026-04-16T02:10:01","modified_gmt":"2026-04-15T23:10:01","slug":"benim-adim-charles-chaplin","status":"publish","type":"product","link":"https:\/\/roveyayinevi.com.tr\/index.php\/urun\/benim-adim-charles-chaplin\/","title":{"rendered":"Benim Ad\u0131m&#8230; Charles Chaplin"},"content":{"rendered":"<p>Yedinci sanat olarak kabul edilen sinemada; beceriksiz polislerin kurnaz h\u0131rs\u0131zlar\u0131n ka\u00e7mas\u0131na g\u00f6z yumduklar\u0131, a\u00e7l\u0131k \u00e7eken yetimlerin g\u00fclebildi\u011fi ve imk\u00e2ns\u0131z a\u015fklar\u0131n mutlu sonla bitti\u011fi unutulmaz filmler yapt\u0131m. Filmlerimin b\u00fcy\u00fck b\u00f6l\u00fcm\u00fcnde kendi hayat\u0131mdan esinlendim. Bu filmlerde sinemada b\u00fct\u00fcn zamanlar\u0131n en sevgi dolu, en cesur ve harika karakteri olan \u015earlo\u2019yu yaratt\u0131m. <\/p>\n","protected":false},"excerpt":{"rendered":"<p>Yedinci sanat olarak kabul edilen sinemada; beceriksiz polislerin kurnaz h\u0131rs\u0131zlar\u0131n ka\u00e7mas\u0131na g\u00f6z yumduklar\u0131, a\u00e7l\u0131k \u00e7eken yetimlerin g\u00fclebildi\u011fi ve imk\u00e2ns\u0131z a\u015fklar\u0131n mutlu sonla bitti\u011fi unutulmaz filmler yapt\u0131m.<span class=\"excerpt-hellip\"> [\u2026]<\/span><\/p>\n","protected":false},"featured_media":0,"template":"","meta":{"_monsterinsights_skip_tracking":false,"_monsterinsights_sitenote_active":false,"_monsterinsights_sitenote_note":"","_monsterinsights_sitenote_category":0},"product_brand":[],"product_cat":[12274,12649],"product_tag":[],"class_list":{"0":"post-700704","1":"product","2":"type-product","3":"status-publish","5":"product_cat-cocuk-ve-genclik-kitaplari","6":"product_cat-hobi-muzik","7":"pa_cilt-ciltsiz","8":"pa_tur-kitap","9":"pa_yayinevi-altin-kitaplar-cocuk-kitaplari","10":"pa_yazar-carles-arbat","12":"first","13":"instock","14":"sale","15":"shipping-taxable","16":"purchasable","17":"product-type-simple"},"_links":{"self":[{"href":"https:\/\/roveyayinevi.com.tr\/index.php\/wp-json\/wp\/v2\/product\/700704","targetHints":{"allow":["GET"]}}],"collection":[{"href":"https:\/\/roveyayinevi.com.tr\/index.php\/wp-json\/wp\/v2\/product"}],"about":[{"href":"https:\/\/roveyayinevi.com.tr\/index.php\/wp-json\/wp\/v2\/types\/product"}],"wp:attachment":[{"href":"https:\/\/roveyayinevi.com.tr\/index.php\/wp-json\/wp\/v2\/media?parent=700704"}],"wp:term":[{"taxonomy":"product_brand","embeddable":true,"href":"https:\/\/roveyayinevi.com.tr\/index.php\/wp-json\/wp\/v2\/product_brand?post=700704"},{"taxonomy":"product_cat","embeddable":true,"href":"https:\/\/roveyayinevi.com.tr\/index.php\/wp-json\/wp\/v2\/product_cat?post=700704"},{"taxonomy":"product_tag","embeddable":true,"href":"https:\/\/roveyayinevi.com.tr\/index.php\/wp-json\/wp\/v2\/product_tag?post=700704"}],"curies":[{"name":"wp","href":"https:\/\/api.w.org\/{rel}","templated":true}]}}