{"id":700703,"date":"2025-08-27T15:01:47","date_gmt":"2025-08-27T12:01:47","guid":{"rendered":"https:\/\/roveyayinevi.com.tr\/index.php\/urun\/edebiyattaki-iktisat\/"},"modified":"2026-04-16T02:10:01","modified_gmt":"2026-04-15T23:10:01","slug":"edebiyattaki-iktisat","status":"publish","type":"product","link":"https:\/\/roveyayinevi.com.tr\/index.php\/urun\/edebiyattaki-iktisat\/","title":{"rendered":"Edebiyattaki \u0130ktisat"},"content":{"rendered":"<p>Robinson Crusoe bir roman kahraman\u0131 olarak Daniel Defoe\u2019nun eserinde g\u00f6r\u00fcnd\u00fckten sonra, sadece insan\u0131n do\u011fayla ba\u015fa \u00e7\u0131kmas\u0131n\u0131n edebi \u00f6rne\u011fi olarak kalmad\u0131, ihtiya\u00e7lar\u0131n\u0131, kaynaklar\u0131n\u0131, t\u00fcketimini kayda ge\u00e7iren ilk \u201cmuhasebeci\u201d kahraman oldu! \ufffcTan\u0131t\u0131m Metni<\/p>\n","protected":false},"excerpt":{"rendered":"<p>Robinson Crusoe bir roman kahraman\u0131 olarak Daniel Defoe\u2019nun eserinde g\u00f6r\u00fcnd\u00fckten sonra, sadece insan\u0131n do\u011fayla ba\u015fa \u00e7\u0131kmas\u0131n\u0131n edebi \u00f6rne\u011fi olarak kalmad\u0131, ihtiya\u00e7lar\u0131n\u0131, kaynaklar\u0131n\u0131, t\u00fcketimini kayda ge\u00e7iren ilk<span class=\"excerpt-hellip\"> [\u2026]<\/span><\/p>\n","protected":false},"featured_media":0,"template":"","meta":{"_monsterinsights_skip_tracking":false,"_monsterinsights_sitenote_active":false,"_monsterinsights_sitenote_note":"","_monsterinsights_sitenote_category":0},"product_brand":[],"product_cat":[13590,12337],"product_tag":[],"class_list":{"0":"post-700703","1":"product","2":"type-product","3":"status-publish","5":"product_cat-arastirma-inceleme-politika-siyaset","6":"product_cat-politika-siyaset","7":"pa_cilt-ciltsiz","8":"pa_tur-kitap","9":"pa_yayinevi-iletisim-yayinlari","10":"pa_yazar-cinla-akdere-der","11":"pa_yazar-derya-guler-aydin","13":"first","14":"instock","15":"sale","16":"shipping-taxable","17":"purchasable","18":"product-type-simple"},"_links":{"self":[{"href":"https:\/\/roveyayinevi.com.tr\/index.php\/wp-json\/wp\/v2\/product\/700703","targetHints":{"allow":["GET"]}}],"collection":[{"href":"https:\/\/roveyayinevi.com.tr\/index.php\/wp-json\/wp\/v2\/product"}],"about":[{"href":"https:\/\/roveyayinevi.com.tr\/index.php\/wp-json\/wp\/v2\/types\/product"}],"wp:attachment":[{"href":"https:\/\/roveyayinevi.com.tr\/index.php\/wp-json\/wp\/v2\/media?parent=700703"}],"wp:term":[{"taxonomy":"product_brand","embeddable":true,"href":"https:\/\/roveyayinevi.com.tr\/index.php\/wp-json\/wp\/v2\/product_brand?post=700703"},{"taxonomy":"product_cat","embeddable":true,"href":"https:\/\/roveyayinevi.com.tr\/index.php\/wp-json\/wp\/v2\/product_cat?post=700703"},{"taxonomy":"product_tag","embeddable":true,"href":"https:\/\/roveyayinevi.com.tr\/index.php\/wp-json\/wp\/v2\/product_tag?post=700703"}],"curies":[{"name":"wp","href":"https:\/\/api.w.org\/{rel}","templated":true}]}}