{"id":700695,"date":"2025-08-27T15:01:45","date_gmt":"2025-08-27T12:01:45","guid":{"rendered":"https:\/\/roveyayinevi.com.tr\/index.php\/urun\/baskasinin-gunahina-aglayan-adam\/"},"modified":"2026-04-16T02:10:01","modified_gmt":"2026-04-15T23:10:01","slug":"baskasinin-gunahina-aglayan-adam","status":"publish","type":"product","link":"https:\/\/roveyayinevi.com.tr\/index.php\/urun\/baskasinin-gunahina-aglayan-adam\/","title":{"rendered":"Ba\u015fkas\u0131n\u0131n G\u00fcnah\u0131na A\u011flayan Adam"},"content":{"rendered":"<p>Onun kayg\u0131s\u0131, sevdas\u0131, derdi, davas\u0131 hep Allah\u2019\u0131 kullar\u0131na tan\u0131tmak ve sevdirmekten ibaretti. B\u00fct\u00fcn engellere, ac\u0131lara, i\u015fkencelere, hapislere, s\u00fcrg\u00fcnlere, zehirlemelere ra\u011fmen Kur\u2019an\u2019a, imana, \u0130sl\u00e2m\u2019a hizmet duygusundan hi\u00e7 ayr\u0131lmad\u0131. En zor \u015fartlarda bile hi\u00e7 \u00fcmitsiz olmad\u0131. En olumsuz \u015fartlardan, daima en olumlu sonu\u00e7lar \u00e7\u0131kard\u0131. Kendisini bat\u0131rmaya, bitirmeye \u00e7al\u0131\u015fanlar\u0131 da huzura ve mutlulu\u011fa, yani kullu\u011fa \u00e7a\u011f\u0131rd\u0131. \u00c7\u00fcnk\u00fc ona g\u00f6re, kul olmak,  kurtulmak  demekti. Kendisine en ac\u0131mas\u0131z hakareti ve dayan\u0131lmaz i\u015fkenceyi l\u00e2y\u0131k g\u00f6renleri bile iman hakikatleriyle tan\u0131\u015ft\u0131rmak ve kurtarmak tel\u00e2\u015f\u0131ndayd\u0131. G\u00fcle oynaya g\u00fcnah batakl\u0131klar\u0131na batanlara da merhametle bakt\u0131. G\u00fcnah\u0131na a\u011flayamayanlar\u0131n g\u00fcnah\u0131na da a\u011flad\u0131. \u00c7\u00fcnk\u00fc onun insana ve olaylara bak\u0131\u015f\u0131, veli bak\u0131\u015f\u0131yd\u0131. Ge\u00e7itlerde, k\u00f6pr\u00fclerde, u\u00e7urum ba\u015flar\u0131nda titreyenlere,  \u0130n\u015faallah ge\u00e7er.  duas\u0131ndayd\u0131.  Ha ge\u00e7ti, ha ge\u00e7ecek!  \u015fevkiyle, dertlerini dert edinirdi. Her d\u00fc\u015fenin ac\u0131s\u0131, \u00f6nce onun y\u00fcre\u011fine yans\u0131rd\u0131. Her ezilenle, evvel\u00e2 onun i\u00e7i ezilirdi. \u00c7\u00fcnk\u00fc o, \u015fefkatten ibaretti. Sevgiyle sar\u0131p sarmalad\u0131 yaral\u0131 y\u00fcrekleri. Manev\u00ee kiri, pas\u0131, yaray\u0131 ac\u0131s\u0131z ameliyatlarla tedavi etti. G\u00f6n\u00fclleri \u00e7elen, ruhlar\u0131 \u00e7eken bir muhabbet merkeziydi. Benim sevdaland\u0131\u011f\u0131m y\u00fcrek, bu y\u00fcrekti. Benim ve neslimin kendine geli\u015fiydi. Uyanmam\u0131zd\u0131 heyecanla ve gafletten silkinmemizdi. Uyanal\u0131m diye uyan\u0131kt\u0131. Ebediyen g\u00fclelim diye a\u011fl\u0131yordu. <\/p>\n","protected":false},"excerpt":{"rendered":"<p>Onun kayg\u0131s\u0131, sevdas\u0131, derdi, davas\u0131 hep Allah\u2019\u0131 kullar\u0131na tan\u0131tmak ve sevdirmekten ibaretti. B\u00fct\u00fcn engellere, ac\u0131lara, i\u015fkencelere, hapislere, s\u00fcrg\u00fcnlere, zehirlemelere ra\u011fmen Kur\u2019an\u2019a, imana, \u0130sl\u00e2m\u2019a hizmet duygusundan hi\u00e7<span class=\"excerpt-hellip\"> [\u2026]<\/span><\/p>\n","protected":false},"featured_media":0,"template":"","meta":{"_monsterinsights_skip_tracking":false,"_monsterinsights_sitenote_active":false,"_monsterinsights_sitenote_note":"","_monsterinsights_sitenote_category":0},"product_brand":[],"product_cat":[18094,12718,12719],"product_tag":[],"class_list":{"0":"post-700695","1":"product","2":"type-product","3":"status-publish","5":"product_cat-biyografi-otobiyografi-islam","6":"product_cat-din","7":"product_cat-islam","8":"pa_cilt-ciltsiz","9":"pa_tur-kitap","10":"pa_yayinevi-nesil-yayinlari","11":"pa_yazar-vehbi-vakkasoglu","13":"first","14":"instock","15":"sale","16":"shipping-taxable","17":"purchasable","18":"product-type-simple"},"_links":{"self":[{"href":"https:\/\/roveyayinevi.com.tr\/index.php\/wp-json\/wp\/v2\/product\/700695","targetHints":{"allow":["GET"]}}],"collection":[{"href":"https:\/\/roveyayinevi.com.tr\/index.php\/wp-json\/wp\/v2\/product"}],"about":[{"href":"https:\/\/roveyayinevi.com.tr\/index.php\/wp-json\/wp\/v2\/types\/product"}],"wp:attachment":[{"href":"https:\/\/roveyayinevi.com.tr\/index.php\/wp-json\/wp\/v2\/media?parent=700695"}],"wp:term":[{"taxonomy":"product_brand","embeddable":true,"href":"https:\/\/roveyayinevi.com.tr\/index.php\/wp-json\/wp\/v2\/product_brand?post=700695"},{"taxonomy":"product_cat","embeddable":true,"href":"https:\/\/roveyayinevi.com.tr\/index.php\/wp-json\/wp\/v2\/product_cat?post=700695"},{"taxonomy":"product_tag","embeddable":true,"href":"https:\/\/roveyayinevi.com.tr\/index.php\/wp-json\/wp\/v2\/product_tag?post=700695"}],"curies":[{"name":"wp","href":"https:\/\/api.w.org\/{rel}","templated":true}]}}