{"id":700694,"date":"2025-08-27T15:01:44","date_gmt":"2025-08-27T12:01:44","guid":{"rendered":"https:\/\/roveyayinevi.com.tr\/index.php\/urun\/dosegimde-olurken\/"},"modified":"2026-04-12T02:11:46","modified_gmt":"2026-04-11T23:11:46","slug":"dosegimde-olurken","status":"publish","type":"product","link":"https:\/\/roveyayinevi.com.tr\/index.php\/urun\/dosegimde-olurken\/","title":{"rendered":"D\u00f6\u015fe\u011fimde \u00d6l\u00fcrken"},"content":{"rendered":"<p>20. y\u00fczy\u0131l\u0131n b\u00fcy\u00fck modernist romanc\u0131lar\u0131ndan William Faulkner\u2019\u0131n yaz\u0131m tekni\u011finde radikal bir yenili\u011fi temsil eden, benzersiz bir yap\u0131t. \u00d6l\u00fcm d\u00f6\u015fe\u011finde olan Addie, k\u0131rk mil uzakl\u0131ktaki Jefferson mezarl\u0131\u011f\u0131na, ailesinin yan\u0131na g\u00f6m\u00fclmeyi vasiyet eder. Addie\u2019nin tabutunu bir kat\u0131r arabas\u0131na y\u00fckleyen Bundren ailesi, s\u0131cakla ve sellerle bo\u011fu\u015facaklar\u0131 uzun bir yolculu\u011fa \u00e7\u0131kar. D\u00f6\u015fe\u011fimde \u00d6l\u00fcrken, on be\u015f farkl\u0131 anlat\u0131c\u0131n\u0131n a\u011fz\u0131ndan anlat\u0131lan elli dokuz b\u00f6l\u00fcmden olu\u015fur. Ailenin \u00f6fke, \u00fcz\u00fcnt\u00fc, endi\u015fe ve tutku dolu ser\u00fcveni karakterlerin zihninden ge\u00e7en ak\u0131\u015f\u0131n ritmiyle birle\u015fir. Bilin\u00e7lilik ak\u0131\u015f\u0131 tekni\u011fini \u00e7arp\u0131c\u0131 bir yetkinlikle kullanan Faulkner\u2019\u0131n karakterlerinin \u201cg\u00f6zleriyle sesi kendi i\u00e7ine d\u00f6n\u00fcp a\u011flay\u0131\u015f\u0131n\u0131 dinlemeye koyulmu\u015f gibidir\u201d. D\u00fczyaz\u0131y\u0131 \u015fiirselle\u015ftirmekte s\u0131rad\u0131\u015f\u0131 bir yetene\u011fi olan Faulkner\u2019\u0131n bu roman\u0131, sezgilerin, duyarl\u0131klar\u0131n, i\u00e7 seslerin, bo\u015fluklar\u0131n destan\u0131d\u0131r. \u201cD\u00f6\u015fe\u011fimde \u00d6l\u00fcrken\u2019in bir Amerikal\u0131 taraf\u0131ndan yaz\u0131lm\u0131\u015f en \u00f6zg\u00fcn roman oldu\u011fu s\u00f6ylenebilir. Faulkner, 20. y\u00fczy\u0131l\u0131n en b\u00fcy\u00fck romanc\u0131lar\u0131 aras\u0131nda.\u201d Harold Bloom<\/p>\n","protected":false},"excerpt":{"rendered":"<p>20. y\u00fczy\u0131l\u0131n b\u00fcy\u00fck modernist romanc\u0131lar\u0131ndan William Faulkner\u2019\u0131n yaz\u0131m tekni\u011finde radikal bir yenili\u011fi temsil eden, benzersiz bir yap\u0131t. \u00d6l\u00fcm d\u00f6\u015fe\u011finde olan Addie, k\u0131rk mil uzakl\u0131ktaki Jefferson mezarl\u0131\u011f\u0131na,<span class=\"excerpt-hellip\"> [\u2026]<\/span><\/p>\n","protected":false},"featured_media":0,"template":"","meta":{"_monsterinsights_skip_tracking":false,"_monsterinsights_sitenote_active":false,"_monsterinsights_sitenote_note":"","_monsterinsights_sitenote_category":0},"product_brand":[],"product_cat":[12291,12711],"product_tag":[],"class_list":{"0":"post-700694","1":"product","2":"type-product","3":"status-publish","5":"product_cat-edebiyat","6":"product_cat-roman-oyku","7":"pa_cilt-ciltsiz","8":"pa_tur-kitap","9":"pa_yayinevi-iletisim-yayinlari","10":"pa_yazar-william-faulkner","12":"first","13":"instock","14":"sale","15":"shipping-taxable","16":"purchasable","17":"product-type-simple"},"_links":{"self":[{"href":"https:\/\/roveyayinevi.com.tr\/index.php\/wp-json\/wp\/v2\/product\/700694","targetHints":{"allow":["GET"]}}],"collection":[{"href":"https:\/\/roveyayinevi.com.tr\/index.php\/wp-json\/wp\/v2\/product"}],"about":[{"href":"https:\/\/roveyayinevi.com.tr\/index.php\/wp-json\/wp\/v2\/types\/product"}],"wp:attachment":[{"href":"https:\/\/roveyayinevi.com.tr\/index.php\/wp-json\/wp\/v2\/media?parent=700694"}],"wp:term":[{"taxonomy":"product_brand","embeddable":true,"href":"https:\/\/roveyayinevi.com.tr\/index.php\/wp-json\/wp\/v2\/product_brand?post=700694"},{"taxonomy":"product_cat","embeddable":true,"href":"https:\/\/roveyayinevi.com.tr\/index.php\/wp-json\/wp\/v2\/product_cat?post=700694"},{"taxonomy":"product_tag","embeddable":true,"href":"https:\/\/roveyayinevi.com.tr\/index.php\/wp-json\/wp\/v2\/product_tag?post=700694"}],"curies":[{"name":"wp","href":"https:\/\/api.w.org\/{rel}","templated":true}]}}