{"id":700689,"date":"2025-08-27T15:01:43","date_gmt":"2025-08-27T12:01:43","guid":{"rendered":"https:\/\/roveyayinevi.com.tr\/index.php\/urun\/ay-yildiz-ve-ben\/"},"modified":"2026-04-16T02:10:00","modified_gmt":"2026-04-15T23:10:00","slug":"ay-yildiz-ve-ben","status":"publish","type":"product","link":"https:\/\/roveyayinevi.com.tr\/index.php\/urun\/ay-yildiz-ve-ben\/","title":{"rendered":"Ay Y\u0131ld\u0131z ve Ben"},"content":{"rendered":"<p>Bologna \u00c7ocuk Kitaplar\u0131 Fuar\u0131, 2004 Y\u0131l\u0131 New Harizons Avrupa En \u0130yi \u00c7ocuk Kitaplar\u0131 \u00d6d\u00fcl\u00fc Temalar: \u00c7evre ve do\u011fa sevgisi, g\u00f6zlem, hayal g\u00fcc\u00fc, payla\u015f\u0131m, ileti\u015fim. Konu: Ay dedi ki G\u00fcne\u015f i\u00e7in \u00e7i\u00e7ekler toplayal\u0131m. Y\u0131ld\u0131z dedi ki \u00c7i\u00e7ekler onun bir bak\u0131\u015f\u0131yla eriyecek. Ben dedim ki G\u00fcne\u015fe hediyesiz gidemeyiz. Hediye olarak \u00e7i\u00e7ekler toplad\u0131k. \ufffcTan\u0131t\u0131m Metni<\/p>\n","protected":false},"excerpt":{"rendered":"<p>Bologna \u00c7ocuk Kitaplar\u0131 Fuar\u0131, 2004 Y\u0131l\u0131 New Harizons Avrupa En \u0130yi \u00c7ocuk Kitaplar\u0131 \u00d6d\u00fcl\u00fc Temalar: \u00c7evre ve do\u011fa sevgisi, g\u00f6zlem, hayal g\u00fcc\u00fc, payla\u015f\u0131m, ileti\u015fim. Konu: Ay<span class=\"excerpt-hellip\"> [\u2026]<\/span><\/p>\n","protected":false},"featured_media":0,"template":"","meta":{"_monsterinsights_skip_tracking":false,"_monsterinsights_sitenote_active":false,"_monsterinsights_sitenote_note":"","_monsterinsights_sitenote_category":0},"product_brand":[],"product_cat":[12274,12284],"product_tag":[],"class_list":{"0":"post-700689","1":"product","2":"type-product","3":"status-publish","5":"product_cat-cocuk-ve-genclik-kitaplari","6":"product_cat-hikayeler","7":"pa_tur-kitap","8":"pa_yayinevi-odtu-gelistirme-vakfi-yayincilik","9":"pa_yazar-mohammad-reza-yousefi","11":"first","12":"instock","13":"sale","14":"shipping-taxable","15":"purchasable","16":"product-type-simple"},"_links":{"self":[{"href":"https:\/\/roveyayinevi.com.tr\/index.php\/wp-json\/wp\/v2\/product\/700689","targetHints":{"allow":["GET"]}}],"collection":[{"href":"https:\/\/roveyayinevi.com.tr\/index.php\/wp-json\/wp\/v2\/product"}],"about":[{"href":"https:\/\/roveyayinevi.com.tr\/index.php\/wp-json\/wp\/v2\/types\/product"}],"wp:attachment":[{"href":"https:\/\/roveyayinevi.com.tr\/index.php\/wp-json\/wp\/v2\/media?parent=700689"}],"wp:term":[{"taxonomy":"product_brand","embeddable":true,"href":"https:\/\/roveyayinevi.com.tr\/index.php\/wp-json\/wp\/v2\/product_brand?post=700689"},{"taxonomy":"product_cat","embeddable":true,"href":"https:\/\/roveyayinevi.com.tr\/index.php\/wp-json\/wp\/v2\/product_cat?post=700689"},{"taxonomy":"product_tag","embeddable":true,"href":"https:\/\/roveyayinevi.com.tr\/index.php\/wp-json\/wp\/v2\/product_tag?post=700689"}],"curies":[{"name":"wp","href":"https:\/\/api.w.org\/{rel}","templated":true}]}}