{"id":700688,"date":"2025-08-27T15:01:43","date_gmt":"2025-08-27T12:01:43","guid":{"rendered":"https:\/\/roveyayinevi.com.tr\/index.php\/urun\/tasnak-partisinin-yapacagi-bir-sey-yok\/"},"modified":"2026-04-16T02:10:00","modified_gmt":"2026-04-15T23:10:00","slug":"tasnak-partisinin-yapacagi-bir-sey-yok","status":"publish","type":"product","link":"https:\/\/roveyayinevi.com.tr\/index.php\/urun\/tasnak-partisinin-yapacagi-bir-sey-yok\/","title":{"rendered":"Ta\u015fnak Partisi\u2019nin Yapaca\u011f\u0131 Bir \u015eey Yok"},"content":{"rendered":"<p>Ermeni Belgeriyle Ermeni Soyk\u0131r\u0131m\u0131 Yalan\u0131 dizisine, Ermenistan h\u00fck\u00fcmetinin ilk ba\u015fbakan\u0131 ve Ta\u015fnaksutyun Partisi liderinin imzas\u0131n\u0131 ta\u015f\u0131yan bir resmi belgeyle ba\u015fl\u0131yoruz. 1923 y\u0131l\u0131 Nisan ay\u0131nda Ta\u015fkaynaksutyum Partisi&#8217;nin B\u00fckre\u015f&#8217;te yap\u0131lan Yurtd\u0131\u015f\u0131 Konferas\u0131&#8217;na sunulmu\u015f olan bu tarihi rapor, Ermenistan&#8217;da yasaklanm\u0131\u015ft\u0131r. Kitab\u0131n \u00e7e\u015fitli dillerden yay\u0131nlanan bas\u0131mlar\u0131, Avrupa k\u00fct\u00fcphanelerinden toplat\u0131lm\u0131\u015ft\u0131r. Roporu, okuyucumuza \u0130stanbul \u00dcniversitesi Ara\u015ft\u0131rma G\u00f6revlisi Mehmet Perin\u00e7ek&#8217;in \u00f6ns\u00f6z\u00fcyle sunuyoruz. Kendisinin Moskova&#8217;daki Lenin K\u00fct\u00fcphanesi&#8217;nde buldu\u011fu Rus\u00e7a bas\u0131m\u0131, T\u00fcrkolog Arif Acao\u011flu her zamanki titiz \u00e7evirisiyle T\u00fcrk\u00e7emize kazand\u0131rd\u0131. Soyk\u0131r\u0131ma u\u011frad\u0131klar\u0131 iddia edilen Ermenilerin ba\u015fbakan\u0131, olay\u0131 bir sava\u015f olarak de\u011ferlendirmekte ve daha \u00f6nemlisi, emperyalistere alet olduklar\u0131n\u0131 a\u00e7\u0131k y\u00fcreklilikle ortaya koymaktad\u0131r. Ka\u00e7azuni&#8217;nin raporu, emperyalizmin b\u00fcy\u00fck yalan\u0131na son vermektedir. \ufffcTan\u0131t\u0131m Metni<\/p>\n","protected":false},"excerpt":{"rendered":"<p>Ermeni Belgeriyle Ermeni Soyk\u0131r\u0131m\u0131 Yalan\u0131 dizisine, Ermenistan h\u00fck\u00fcmetinin ilk ba\u015fbakan\u0131 ve Ta\u015fnaksutyun Partisi liderinin imzas\u0131n\u0131 ta\u015f\u0131yan bir resmi belgeyle ba\u015fl\u0131yoruz. 1923 y\u0131l\u0131 Nisan ay\u0131nda Ta\u015fkaynaksutyum Partisi&#8217;nin<span class=\"excerpt-hellip\"> [\u2026]<\/span><\/p>\n","protected":false},"featured_media":0,"template":"","meta":{"_monsterinsights_skip_tracking":false,"_monsterinsights_sitenote_active":false,"_monsterinsights_sitenote_note":"","_monsterinsights_sitenote_category":0},"product_brand":[],"product_cat":[13656,12337],"product_tag":[],"class_list":{"0":"post-700688","1":"product","2":"type-product","3":"status-publish","5":"product_cat-azinliklar-etnik-sorunlar","6":"product_cat-politika-siyaset","7":"pa_tur-kitap","8":"pa_yayinevi-kaynak-yayinlari","9":"pa_yazar-ovanes-kacaznuni","11":"first","12":"instock","13":"sale","14":"shipping-taxable","15":"purchasable","16":"product-type-simple"},"_links":{"self":[{"href":"https:\/\/roveyayinevi.com.tr\/index.php\/wp-json\/wp\/v2\/product\/700688","targetHints":{"allow":["GET"]}}],"collection":[{"href":"https:\/\/roveyayinevi.com.tr\/index.php\/wp-json\/wp\/v2\/product"}],"about":[{"href":"https:\/\/roveyayinevi.com.tr\/index.php\/wp-json\/wp\/v2\/types\/product"}],"wp:attachment":[{"href":"https:\/\/roveyayinevi.com.tr\/index.php\/wp-json\/wp\/v2\/media?parent=700688"}],"wp:term":[{"taxonomy":"product_brand","embeddable":true,"href":"https:\/\/roveyayinevi.com.tr\/index.php\/wp-json\/wp\/v2\/product_brand?post=700688"},{"taxonomy":"product_cat","embeddable":true,"href":"https:\/\/roveyayinevi.com.tr\/index.php\/wp-json\/wp\/v2\/product_cat?post=700688"},{"taxonomy":"product_tag","embeddable":true,"href":"https:\/\/roveyayinevi.com.tr\/index.php\/wp-json\/wp\/v2\/product_tag?post=700688"}],"curies":[{"name":"wp","href":"https:\/\/api.w.org\/{rel}","templated":true}]}}