{"id":700686,"date":"2025-08-27T15:01:42","date_gmt":"2025-08-27T12:01:42","guid":{"rendered":"https:\/\/roveyayinevi.com.tr\/index.php\/urun\/kurban\/"},"modified":"2026-04-16T02:10:00","modified_gmt":"2026-04-15T23:10:00","slug":"kurban","status":"publish","type":"product","link":"https:\/\/roveyayinevi.com.tr\/index.php\/urun\/kurban\/","title":{"rendered":"Kurban"},"content":{"rendered":"<p>\u00dc\u00e7 hafta i\u00e7inde hayat\u0131n\u0131n erke\u011fiyle tan\u0131\u015f\u0131p evlenen Kayla \u00e2deta mutluluk sarho\u015fudur. Kocas\u0131 Nick Granville her bak\u0131mdan m\u00fckemmel bir erkektir ve \u00f6nlerinde t\u0131pk\u0131 masallardaki gibi upuzun, mutlu bir hayat vard\u0131r. Ne var ki bu peri masal\u0131 Nick\u2019in d\u00fc\u011f\u00fcn gecesi ortadan kaybolmas\u0131yla son bulur ve Kayla tatl\u0131 uykusundan uyanmak zorunda kal\u0131r. Ama yetkilileri kocas\u0131n\u0131n ba\u015f\u0131na bir \u015fey gelmi\u015f olabilece\u011fine inand\u0131ramaz, \u00e7\u00fcnk\u00fc bu y\u00fczlerce kez tan\u0131k olduklar\u0131 bir hik\u00e2yedir: Kumarhanenin \u015fapelinde ger\u00e7ekle\u015ftirilen h\u0131zl\u0131 bir evlilik ve bir kez daha sakin kafayla d\u00fc\u015f\u00fcn\u00fcnce pi\u015fman olup ka\u00e7an bir damat&#8230; Aradan haftalar ge\u00e7ince art\u0131k aldat\u0131ld\u0131\u011f\u0131na ikna olan Kayla olay\u0131n pe\u015fini b\u0131rakmamaya kararl\u0131d\u0131r, Nick ona en az\u0131ndan bir a\u00e7\u0131klama bor\u00e7ludur. Ama a\u00e7\u0131klama bekleyen biri daha vard\u0131r: Onun gibi bir Kurban olan Nick Granville. <\/p>\n","protected":false},"excerpt":{"rendered":"<p>\u00dc\u00e7 hafta i\u00e7inde hayat\u0131n\u0131n erke\u011fiyle tan\u0131\u015f\u0131p evlenen Kayla \u00e2deta mutluluk sarho\u015fudur. Kocas\u0131 Nick Granville her bak\u0131mdan m\u00fckemmel bir erkektir ve \u00f6nlerinde t\u0131pk\u0131 masallardaki gibi upuzun, mutlu<span class=\"excerpt-hellip\"> [\u2026]<\/span><\/p>\n","protected":false},"featured_media":0,"template":"","meta":{"_monsterinsights_skip_tracking":false,"_monsterinsights_sitenote_active":false,"_monsterinsights_sitenote_note":"","_monsterinsights_sitenote_category":0},"product_brand":[],"product_cat":[12291,12866],"product_tag":[],"class_list":{"0":"post-700686","1":"product","2":"type-product","3":"status-publish","5":"product_cat-edebiyat","6":"product_cat-ingiliz-edebiyati","7":"pa_tur-kitap","8":"pa_yayinevi-bilge-kultur-sanat","9":"pa_yazar-barbara-freethy","11":"first","12":"instock","13":"sale","14":"shipping-taxable","15":"purchasable","16":"product-type-simple"},"_links":{"self":[{"href":"https:\/\/roveyayinevi.com.tr\/index.php\/wp-json\/wp\/v2\/product\/700686","targetHints":{"allow":["GET"]}}],"collection":[{"href":"https:\/\/roveyayinevi.com.tr\/index.php\/wp-json\/wp\/v2\/product"}],"about":[{"href":"https:\/\/roveyayinevi.com.tr\/index.php\/wp-json\/wp\/v2\/types\/product"}],"wp:attachment":[{"href":"https:\/\/roveyayinevi.com.tr\/index.php\/wp-json\/wp\/v2\/media?parent=700686"}],"wp:term":[{"taxonomy":"product_brand","embeddable":true,"href":"https:\/\/roveyayinevi.com.tr\/index.php\/wp-json\/wp\/v2\/product_brand?post=700686"},{"taxonomy":"product_cat","embeddable":true,"href":"https:\/\/roveyayinevi.com.tr\/index.php\/wp-json\/wp\/v2\/product_cat?post=700686"},{"taxonomy":"product_tag","embeddable":true,"href":"https:\/\/roveyayinevi.com.tr\/index.php\/wp-json\/wp\/v2\/product_tag?post=700686"}],"curies":[{"name":"wp","href":"https:\/\/api.w.org\/{rel}","templated":true}]}}