{"id":700680,"date":"2025-08-27T15:01:41","date_gmt":"2025-08-27T12:01:41","guid":{"rendered":"https:\/\/roveyayinevi.com.tr\/index.php\/urun\/sosyolojik-sorusturmalar\/"},"modified":"2026-04-16T02:10:00","modified_gmt":"2026-04-15T23:10:00","slug":"sosyolojik-sorusturmalar","status":"publish","type":"product","link":"https:\/\/roveyayinevi.com.tr\/index.php\/urun\/sosyolojik-sorusturmalar\/","title":{"rendered":"Sosyolojik Soru\u015fturmalar"},"content":{"rendered":"<p>Toplumsal d\u00fcnyada bireyler, g\u00fcndelik ya\u015famdaki \u00f6znel deneyimlerinin, ya\u015fam alg\u0131lar\u0131n\u0131n ve bireysel g\u00f6zlemlerinin sonucu olarak geli\u015fen fikirlerinin do\u011fru oldu\u011fu varsay\u0131m\u0131yla ya\u015farlar. Oysa Marx&#8217;\u0131n ifade etti\u011fi gibi,   her \u015fey g\u00f6r\u00fcnd\u00fc\u011f\u00fc gibi olsayd\u0131, bilime ihtiya\u00e7 kalmazd\u0131. <\/p>\n","protected":false},"excerpt":{"rendered":"<p>Toplumsal d\u00fcnyada bireyler, g\u00fcndelik ya\u015famdaki \u00f6znel deneyimlerinin, ya\u015fam alg\u0131lar\u0131n\u0131n ve bireysel g\u00f6zlemlerinin sonucu olarak geli\u015fen fikirlerinin do\u011fru oldu\u011fu varsay\u0131m\u0131yla ya\u015farlar. Oysa Marx&#8217;\u0131n ifade etti\u011fi gibi, her<span class=\"excerpt-hellip\"> [\u2026]<\/span><\/p>\n","protected":false},"featured_media":0,"template":"","meta":{"_monsterinsights_skip_tracking":false,"_monsterinsights_sitenote_active":false,"_monsterinsights_sitenote_note":"","_monsterinsights_sitenote_category":0},"product_brand":[],"product_cat":[12325,12324],"product_tag":[],"class_list":{"0":"post-700680","1":"product","2":"type-product","3":"status-publish","5":"product_cat-diger-sosyoloji","6":"product_cat-sosyoloji","7":"pa_tur-kitap","8":"pa_yayinevi-siyasal-kitabevi-akademik-kitaplar","9":"pa_yazar-ali-esgin-guney-cegin","11":"first","12":"instock","13":"sale","14":"shipping-taxable","15":"purchasable","16":"product-type-simple"},"_links":{"self":[{"href":"https:\/\/roveyayinevi.com.tr\/index.php\/wp-json\/wp\/v2\/product\/700680","targetHints":{"allow":["GET"]}}],"collection":[{"href":"https:\/\/roveyayinevi.com.tr\/index.php\/wp-json\/wp\/v2\/product"}],"about":[{"href":"https:\/\/roveyayinevi.com.tr\/index.php\/wp-json\/wp\/v2\/types\/product"}],"wp:attachment":[{"href":"https:\/\/roveyayinevi.com.tr\/index.php\/wp-json\/wp\/v2\/media?parent=700680"}],"wp:term":[{"taxonomy":"product_brand","embeddable":true,"href":"https:\/\/roveyayinevi.com.tr\/index.php\/wp-json\/wp\/v2\/product_brand?post=700680"},{"taxonomy":"product_cat","embeddable":true,"href":"https:\/\/roveyayinevi.com.tr\/index.php\/wp-json\/wp\/v2\/product_cat?post=700680"},{"taxonomy":"product_tag","embeddable":true,"href":"https:\/\/roveyayinevi.com.tr\/index.php\/wp-json\/wp\/v2\/product_tag?post=700680"}],"curies":[{"name":"wp","href":"https:\/\/api.w.org\/{rel}","templated":true}]}}