{"id":700678,"date":"2025-08-27T15:01:40","date_gmt":"2025-08-27T12:01:40","guid":{"rendered":"https:\/\/roveyayinevi.com.tr\/index.php\/urun\/muzelerde-bilgi-yonetimi\/"},"modified":"2026-04-16T02:10:00","modified_gmt":"2026-04-15T23:10:00","slug":"muzelerde-bilgi-yonetimi","status":"publish","type":"product","link":"https:\/\/roveyayinevi.com.tr\/index.php\/urun\/muzelerde-bilgi-yonetimi\/","title":{"rendered":"M\u00fczelerde Bilgi Y\u00f6netimi"},"content":{"rendered":"<p>Kitapta, m\u00fczelerdeki bilgi y\u00f6netimi ele al\u0131narak, bir bilgi kayna\u011f\u0131 olarak m\u00fcze nesnesinin ya\u015fam d\u00f6ng\u00fcs\u00fcn\u00fcn incelenmesi gibi \u00e7ok yeni bir konu i\u015flenmektedir. D\u00fcnyada kabul g\u00f6rm\u00fc\u015f olan, m\u00fczelerin de birer bilgi merkezi oldu\u011fu, bunun i\u00e7in bilgi y\u00f6netiminin ilke, y\u00f6ntem ve tekniklerinin bu kurulu\u015flara da uygulanmas\u0131 gerekti\u011fi yakla\u015f\u0131m\u0131 son y\u0131llarda T\u00fcrkiye\u2019de de tart\u0131\u015f\u0131lmaktad\u0131r. <\/p>\n","protected":false},"excerpt":{"rendered":"<p>Kitapta, m\u00fczelerdeki bilgi y\u00f6netimi ele al\u0131narak, bir bilgi kayna\u011f\u0131 olarak m\u00fcze nesnesinin ya\u015fam d\u00f6ng\u00fcs\u00fcn\u00fcn incelenmesi gibi \u00e7ok yeni bir konu i\u015flenmektedir. D\u00fcnyada kabul g\u00f6rm\u00fc\u015f olan, m\u00fczelerin<span class=\"excerpt-hellip\"> [\u2026]<\/span><\/p>\n","protected":false},"featured_media":0,"template":"","meta":{"_monsterinsights_skip_tracking":false,"_monsterinsights_sitenote_active":false,"_monsterinsights_sitenote_note":"","_monsterinsights_sitenote_category":0},"product_brand":[],"product_cat":[12408],"product_tag":[],"class_list":{"0":"post-700678","1":"product","2":"type-product","3":"status-publish","5":"product_cat-sanat","6":"pa_tur-kitap","7":"pa_yayinevi-vekam-koc-universitesi-vehbi-koc-ankara-arastirmalari-uygulama-ve-arastirma-merkezi","8":"pa_yazar-alev-ayokur","10":"first","11":"instock","12":"sale","13":"shipping-taxable","14":"purchasable","15":"product-type-simple"},"_links":{"self":[{"href":"https:\/\/roveyayinevi.com.tr\/index.php\/wp-json\/wp\/v2\/product\/700678","targetHints":{"allow":["GET"]}}],"collection":[{"href":"https:\/\/roveyayinevi.com.tr\/index.php\/wp-json\/wp\/v2\/product"}],"about":[{"href":"https:\/\/roveyayinevi.com.tr\/index.php\/wp-json\/wp\/v2\/types\/product"}],"wp:attachment":[{"href":"https:\/\/roveyayinevi.com.tr\/index.php\/wp-json\/wp\/v2\/media?parent=700678"}],"wp:term":[{"taxonomy":"product_brand","embeddable":true,"href":"https:\/\/roveyayinevi.com.tr\/index.php\/wp-json\/wp\/v2\/product_brand?post=700678"},{"taxonomy":"product_cat","embeddable":true,"href":"https:\/\/roveyayinevi.com.tr\/index.php\/wp-json\/wp\/v2\/product_cat?post=700678"},{"taxonomy":"product_tag","embeddable":true,"href":"https:\/\/roveyayinevi.com.tr\/index.php\/wp-json\/wp\/v2\/product_tag?post=700678"}],"curies":[{"name":"wp","href":"https:\/\/api.w.org\/{rel}","templated":true}]}}