{"id":700677,"date":"2025-08-27T15:01:40","date_gmt":"2025-08-27T12:01:40","guid":{"rendered":"https:\/\/roveyayinevi.com.tr\/index.php\/urun\/odpnin-kimligi\/"},"modified":"2026-04-12T02:11:46","modified_gmt":"2026-04-11T23:11:46","slug":"odpnin-kimligi","status":"publish","type":"product","link":"https:\/\/roveyayinevi.com.tr\/index.php\/urun\/odpnin-kimligi\/","title":{"rendered":"\u00d6DP\u2019nin Kimli\u011fi"},"content":{"rendered":"<p>Bu kitap, \u00d6DP ele\u015ftirisiyle s\u0131n\u0131rl\u0131 de\u011fildir; Neoliberalizmin ve soldaki yans\u0131mas\u0131 olan   Yeni Solculu\u011fun   ele\u015ftirisidir. <\/p>\n","protected":false},"excerpt":{"rendered":"<p>Bu kitap, \u00d6DP ele\u015ftirisiyle s\u0131n\u0131rl\u0131 de\u011fildir; Neoliberalizmin ve soldaki yans\u0131mas\u0131 olan Yeni Solculu\u011fun ele\u015ftirisidir.<\/p>\n","protected":false},"featured_media":0,"template":"","meta":{"_monsterinsights_skip_tracking":false,"_monsterinsights_sitenote_active":false,"_monsterinsights_sitenote_note":"","_monsterinsights_sitenote_category":0},"product_brand":[],"product_cat":[16058,12337],"product_tag":[],"class_list":{"0":"post-700677","1":"product","2":"type-product","3":"status-publish","5":"product_cat-kurumlar-orgutler","6":"product_cat-politika-siyaset","7":"pa_tur-kitap","8":"pa_yayinevi-kaynak-yayinlari","9":"pa_yazar-dogu-perincek","11":"first","12":"instock","13":"sale","14":"shipping-taxable","15":"purchasable","16":"product-type-simple"},"_links":{"self":[{"href":"https:\/\/roveyayinevi.com.tr\/index.php\/wp-json\/wp\/v2\/product\/700677","targetHints":{"allow":["GET"]}}],"collection":[{"href":"https:\/\/roveyayinevi.com.tr\/index.php\/wp-json\/wp\/v2\/product"}],"about":[{"href":"https:\/\/roveyayinevi.com.tr\/index.php\/wp-json\/wp\/v2\/types\/product"}],"wp:attachment":[{"href":"https:\/\/roveyayinevi.com.tr\/index.php\/wp-json\/wp\/v2\/media?parent=700677"}],"wp:term":[{"taxonomy":"product_brand","embeddable":true,"href":"https:\/\/roveyayinevi.com.tr\/index.php\/wp-json\/wp\/v2\/product_brand?post=700677"},{"taxonomy":"product_cat","embeddable":true,"href":"https:\/\/roveyayinevi.com.tr\/index.php\/wp-json\/wp\/v2\/product_cat?post=700677"},{"taxonomy":"product_tag","embeddable":true,"href":"https:\/\/roveyayinevi.com.tr\/index.php\/wp-json\/wp\/v2\/product_tag?post=700677"}],"curies":[{"name":"wp","href":"https:\/\/api.w.org\/{rel}","templated":true}]}}