{"id":700673,"date":"2025-08-27T15:01:39","date_gmt":"2025-08-27T12:01:39","guid":{"rendered":"https:\/\/roveyayinevi.com.tr\/index.php\/urun\/kutlu-dogum-kutlu-peygamber\/"},"modified":"2026-04-16T02:10:00","modified_gmt":"2026-04-15T23:10:00","slug":"kutlu-dogum-kutlu-peygamber","status":"publish","type":"product","link":"https:\/\/roveyayinevi.com.tr\/index.php\/urun\/kutlu-dogum-kutlu-peygamber\/","title":{"rendered":"Kutlu Do\u011fum Kutlu Peygamber"},"content":{"rendered":"<p>M\u00fcbarek hayat\u0131 en ince ayr\u0131nt\u0131s\u0131na kadar kay\u0131t alt\u0131na al\u0131nan\u2026 Getirdi\u011fi nur ile milyarlar\u0131n g\u00f6nl\u00fcne Sevgili, ak\u0131llar\u0131na Muallim ve ruhlar\u0131na Sultan olan Hz. Muhammed\u2019in(sav) hayat\u0131n\u0131, D\u00fcnya Siyer \u00f6d\u00fcl\u00fcne sahip Salih Suru\u00e7\u2019un kaleminden, bir roman ak\u0131c\u0131l\u0131\u011f\u0131 tad\u0131nda, duygu ve co\u015fku y\u00fckl\u00fc bir \u00fcslupla siz de\u011ferli okuyucularla bulu\u015fturuyoruz\u2026 Kitap, Efendiler Efendisinin (sav), bir m\u00fckemmel insan olarak hayat\u0131n\u0131 anlat\u0131yor, O\u2019nun as\u0131l g\u00fcc\u00fc ve dayana\u011f\u0131 olan manevi \u015fahsiyetine, yani risaletine de dikkatleri \u00e7eviriyor. Bu y\u00f6n\u00fcyle de, salt siyer anlat\u0131c\u0131l\u0131\u011f\u0131ndan \u00f6teye O\u2019nun cennet iklimini tasvir ederek ortaya koyan bir eser\u2026 \u0130nsani \u00f6zellikleri i\u015flenirken eserde, bize y\u00fcce Rabbimizin s\u00f6zlerini aktaran Peygamber Efendimizin (sav) ruhaniyetinin kap\u0131lar\u0131 da aralanmakta. Bu kitab\u0131 tekrar tekrar okuma ihtiyac\u0131 duyacak ve her okuyu\u015fta da En Sevgiliye yeniden kavu\u015fmu\u015f hissedeceksiniz kendinizi. O\u2019nu (sav) nas\u0131l sevebilece\u011finizi anlayacaks\u0131n\u0131z bir kez daha\u2026 Ufuk Peygamberinin t\u00fcm zaman\u0131 kucaklayan, sonsuz saadete \u00e7a\u011f\u0131ran tatl\u0131 sesinin, bu eserle yeniden y\u00fcre\u011finizde yank\u0131land\u0131\u011f\u0131n\u0131 duyacaks\u0131n\u0131z. Peygamber Efendimizin hayat\u0131, kronolojik bir disiplin i\u00e7erisinde i\u015flenirken, tarihi olaylar i\u00e7erisinde O\u2019nun ahlak\u00ee \u00f6zellikleri de ba\u015far\u0131yla vurgulan\u0131yor. T\u00fcm y\u00f6nleri ile Hz. Peygamberin hayat\u0131n\u0131 \u201cokumak\u201d i\u00e7in, \u201cAllah\u2019\u0131n El\u00e7isi Hz. Muhammed\u2019in (sav) Hayat\u2019\u0131na \u00e7a\u011f\u0131ran bu k\u00fc\u00e7\u00fck kitap\u00e7\u0131k, belki de hayat\u0131n\u0131z\u0131n yeni bir d\u00f6n\u00fcm noktas\u0131n\u0131 olu\u015fturacak! <\/p>\n","protected":false},"excerpt":{"rendered":"<p>M\u00fcbarek hayat\u0131 en ince ayr\u0131nt\u0131s\u0131na kadar kay\u0131t alt\u0131na al\u0131nan\u2026 Getirdi\u011fi nur ile milyarlar\u0131n g\u00f6nl\u00fcne Sevgili, ak\u0131llar\u0131na Muallim ve ruhlar\u0131na Sultan olan Hz. Muhammed\u2019in(sav) hayat\u0131n\u0131, D\u00fcnya Siyer<span class=\"excerpt-hellip\"> [\u2026]<\/span><\/p>\n","protected":false},"featured_media":0,"template":"","meta":{"_monsterinsights_skip_tracking":false,"_monsterinsights_sitenote_active":false,"_monsterinsights_sitenote_note":"","_monsterinsights_sitenote_category":0},"product_brand":[],"product_cat":[18094,12718,12719],"product_tag":[],"class_list":{"0":"post-700673","1":"product","2":"type-product","3":"status-publish","5":"product_cat-biyografi-otobiyografi-islam","6":"product_cat-din","7":"product_cat-islam","8":"pa_tur-kitap","9":"pa_yayinevi-timas-yayinlari","10":"pa_yazar-salih-suruc","12":"first","13":"instock","14":"sale","15":"shipping-taxable","16":"purchasable","17":"product-type-simple"},"_links":{"self":[{"href":"https:\/\/roveyayinevi.com.tr\/index.php\/wp-json\/wp\/v2\/product\/700673","targetHints":{"allow":["GET"]}}],"collection":[{"href":"https:\/\/roveyayinevi.com.tr\/index.php\/wp-json\/wp\/v2\/product"}],"about":[{"href":"https:\/\/roveyayinevi.com.tr\/index.php\/wp-json\/wp\/v2\/types\/product"}],"wp:attachment":[{"href":"https:\/\/roveyayinevi.com.tr\/index.php\/wp-json\/wp\/v2\/media?parent=700673"}],"wp:term":[{"taxonomy":"product_brand","embeddable":true,"href":"https:\/\/roveyayinevi.com.tr\/index.php\/wp-json\/wp\/v2\/product_brand?post=700673"},{"taxonomy":"product_cat","embeddable":true,"href":"https:\/\/roveyayinevi.com.tr\/index.php\/wp-json\/wp\/v2\/product_cat?post=700673"},{"taxonomy":"product_tag","embeddable":true,"href":"https:\/\/roveyayinevi.com.tr\/index.php\/wp-json\/wp\/v2\/product_tag?post=700673"}],"curies":[{"name":"wp","href":"https:\/\/api.w.org\/{rel}","templated":true}]}}