{"id":700667,"date":"2025-08-27T15:01:37","date_gmt":"2025-08-27T12:01:37","guid":{"rendered":"https:\/\/roveyayinevi.com.tr\/index.php\/urun\/hayalim-messi-2-dedemin-ciftligi\/"},"modified":"2026-04-16T02:10:00","modified_gmt":"2026-04-15T23:10:00","slug":"hayalim-messi-2-dedemin-ciftligi","status":"publish","type":"product","link":"https:\/\/roveyayinevi.com.tr\/index.php\/urun\/hayalim-messi-2-dedemin-ciftligi\/","title":{"rendered":"Hayalim Messi 2 &#8211; Dedemin \u00c7iftli\u011fi"},"content":{"rendered":"<p>Futbol konusunda \u00e7ok iyi oldu\u011funu d\u00fc\u015f\u00fcnen on bir ya\u015f\u0131ndaki kahraman\u0131m\u0131z Mete, Messi hayrad\u0131d\u0131r. En b\u00fcy\u00fck hayali ilerde hayran\u0131 oldu\u011fu Messi gibi d\u00fcnya \u00e7ap\u0131nda bir y\u0131ld\u0131z olmakt\u0131r. Bunun i\u00e7in pek bir \u00e7abas\u0131 olmasa da her gece dua etmeyi ihmal etmez.Bir g\u00fcn evde yaln\u0131z ba\u015f\u0131na Playstation&#8217;da futbol oyunu oynarken, televizyonun ekran\u0131ndan bir anda kar\u015f\u0131s\u0131na Messi \u00e7\u0131kar ve hayallerini ger\u00e7e\u011fe \u00e7evirmek i\u00e7in geldi\u011fini s\u00f6yler. O andan sonra s\u0131ra d\u0131\u015f\u0131 macera ba\u015flar.Y\u00fcrekli Robot Rowni serisinin yazar\u0131ndan&#8230;S\u0131rad\u0131\u015f\u0131 kurgu, mizah, macera kitaplar\u0131n\u0131n b\u00fcy\u00fck ustal\u0131kla kaleme alan, \u00e7ocuk ve genlik kitaplar\u0131 yazar\u0131 Erkan \u0130\u015feri&#8217;den yine m\u00fckemmel bir kitap.Hayalim Messi 2 &#8211; Dedemin \u00c7iftli\u011fiHayallerine kavu\u015fmak i\u00e7in \u00e7\u0131kt\u0131\u011f\u0131 yolda bir s\u00fcr\u00fc s\u00fcrprizlerle kar\u015f\u0131la\u015fan bir \u00e7ocu\u011fun \u00e7ok komik s\u0131ra d\u0131\u015f\u0131 maceralar\u0131.E\u011fer s\u0131k\u0131c\u0131 bir kitap istiyorsan bunu kesinlikle alma derim, ama s\u00f6z konusu manyak bir kitapsa i\u015fte o elinde.<\/p>\n","protected":false},"excerpt":{"rendered":"<p>Futbol konusunda \u00e7ok iyi oldu\u011funu d\u00fc\u015f\u00fcnen on bir ya\u015f\u0131ndaki kahraman\u0131m\u0131z Mete, Messi hayrad\u0131d\u0131r. En b\u00fcy\u00fck hayali ilerde hayran\u0131 oldu\u011fu Messi gibi d\u00fcnya \u00e7ap\u0131nda bir y\u0131ld\u0131z olmakt\u0131r.<span class=\"excerpt-hellip\"> [\u2026]<\/span><\/p>\n","protected":false},"featured_media":0,"template":"","meta":{"_monsterinsights_skip_tracking":false,"_monsterinsights_sitenote_active":false,"_monsterinsights_sitenote_note":"","_monsterinsights_sitenote_category":0},"product_brand":[],"product_cat":[12644,12274],"product_tag":[],"class_list":{"0":"post-700667","1":"product","2":"type-product","3":"status-publish","5":"product_cat-boyama-kitaplari","6":"product_cat-cocuk-ve-genclik-kitaplari","7":"pa_cilt-ciltsiz","8":"pa_tur-kitap","9":"pa_yayinevi-pinus-kitap","10":"pa_yazar-erkan-iseri","12":"first","13":"instock","14":"sale","15":"shipping-taxable","16":"purchasable","17":"product-type-simple"},"_links":{"self":[{"href":"https:\/\/roveyayinevi.com.tr\/index.php\/wp-json\/wp\/v2\/product\/700667","targetHints":{"allow":["GET"]}}],"collection":[{"href":"https:\/\/roveyayinevi.com.tr\/index.php\/wp-json\/wp\/v2\/product"}],"about":[{"href":"https:\/\/roveyayinevi.com.tr\/index.php\/wp-json\/wp\/v2\/types\/product"}],"wp:attachment":[{"href":"https:\/\/roveyayinevi.com.tr\/index.php\/wp-json\/wp\/v2\/media?parent=700667"}],"wp:term":[{"taxonomy":"product_brand","embeddable":true,"href":"https:\/\/roveyayinevi.com.tr\/index.php\/wp-json\/wp\/v2\/product_brand?post=700667"},{"taxonomy":"product_cat","embeddable":true,"href":"https:\/\/roveyayinevi.com.tr\/index.php\/wp-json\/wp\/v2\/product_cat?post=700667"},{"taxonomy":"product_tag","embeddable":true,"href":"https:\/\/roveyayinevi.com.tr\/index.php\/wp-json\/wp\/v2\/product_tag?post=700667"}],"curies":[{"name":"wp","href":"https:\/\/api.w.org\/{rel}","templated":true}]}}