{"id":700666,"date":"2025-08-27T15:01:36","date_gmt":"2025-08-27T12:01:36","guid":{"rendered":"https:\/\/roveyayinevi.com.tr\/index.php\/urun\/kibrista-turk-milli-mucadelesi-ve-1958-turkiye-mitingleri\/"},"modified":"2026-04-16T02:10:00","modified_gmt":"2026-04-15T23:10:00","slug":"kibrista-turk-milli-mucadelesi-ve-1958-turkiye-mitingleri","status":"publish","type":"product","link":"https:\/\/roveyayinevi.com.tr\/index.php\/urun\/kibrista-turk-milli-mucadelesi-ve-1958-turkiye-mitingleri\/","title":{"rendered":"K\u0131br\u0131s\u2019ta T\u00fcrk Milli M\u00fccadelesi ve 1958 T\u00fcrkiye Mitingleri"},"content":{"rendered":"<p>K\u0131br\u0131s Adas\u0131, 1571 y\u0131l\u0131nda T\u00fcrkler taraf\u0131ndan al\u0131nd\u0131ktan sonra 307 y\u0131l boyunca T\u00fcrk h\u00e2kimiyetinde, b\u00fct\u00fcn toplumlar i\u00e7in g\u00fcvenli ve d\u00fczenli bir idari y\u00f6netime kavu\u015ftu\u011fu gibi T\u00fcrkler i\u00e7in bir vatan olarak alg\u0131lanm\u0131\u015f ve sahiplenilmi\u015ftir. Ancak \u0130ngiltere taraf\u0131ndan 12 Temmuz 1878 tarihinde i\u015fgal edildikten sonra Rumlar lehine yap\u0131lan d\u00fczenlemeler nedeniyle T\u00fcrkler, Ada\u2019dan b\u00fcy\u00fck oranda g\u00f6\u00e7 etmi\u015f ve kalanlarda Rumlar\u0131n bask\u0131 ve zulm\u00fcne u\u011fram\u0131\u015ft\u0131r. Bundan dolay\u0131 K\u0131br\u0131s T\u00fcrkleri bir taraftan \u0130ngiliz emperyalizmine kar\u015f\u0131 pasif direni\u015fte bulunurken, di\u011fer yandan Rum bask\u0131 ve sald\u0131r\u0131lar\u0131na kar\u015f\u0131 durmaya \u00e7al\u0131\u015fm\u0131\u015ft\u0131r. K\u0131br\u0131s T\u00fcrklerinin bu Milli M\u00fccadelesi\u2019nde, T\u00fcrkiye T\u00fcrkleri yapm\u0131\u015f olduklar\u0131 mitingler ile destek olurken, gerek TBMM, gerekse di\u011fer bir\u00e7ok kurulu\u015f, K\u0131br\u0131s meselesini sahiplenmi\u015ftir. K\u0131br\u0131s meselesi; K\u0131br\u0131s T\u00fcrkleri i\u00e7in bir vatan m\u00fcdafaas\u0131 iken \u0130ngiltere, Yunanistan ve Rumlar i\u00e7in emperyal ideallerinin ger\u00e7ekle\u015fmesi hayalidir. G\u00fcn\u00fcm\u00fczde de devam eden bu meselenin bir boyutu da; Ada\u2019n\u0131n T\u00fcrkiye i\u00e7in jeopolitik ve jeostratejik \u00f6nemidir. <\/p>\n","protected":false},"excerpt":{"rendered":"<p>K\u0131br\u0131s Adas\u0131, 1571 y\u0131l\u0131nda T\u00fcrkler taraf\u0131ndan al\u0131nd\u0131ktan sonra 307 y\u0131l boyunca T\u00fcrk h\u00e2kimiyetinde, b\u00fct\u00fcn toplumlar i\u00e7in g\u00fcvenli ve d\u00fczenli bir idari y\u00f6netime kavu\u015ftu\u011fu gibi T\u00fcrkler i\u00e7in<span class=\"excerpt-hellip\"> [\u2026]<\/span><\/p>\n","protected":false},"featured_media":0,"template":"","meta":{"_monsterinsights_skip_tracking":false,"_monsterinsights_sitenote_active":false,"_monsterinsights_sitenote_note":"","_monsterinsights_sitenote_category":0},"product_brand":[],"product_cat":[13656,12337],"product_tag":[],"class_list":{"0":"post-700666","1":"product","2":"type-product","3":"status-publish","5":"product_cat-azinliklar-etnik-sorunlar","6":"product_cat-politika-siyaset","7":"pa_tur-kitap","8":"pa_yayinevi-berikan-yayinlari","9":"pa_yazar-selcuk-duman","11":"first","12":"instock","13":"sale","14":"shipping-taxable","15":"purchasable","16":"product-type-simple"},"_links":{"self":[{"href":"https:\/\/roveyayinevi.com.tr\/index.php\/wp-json\/wp\/v2\/product\/700666","targetHints":{"allow":["GET"]}}],"collection":[{"href":"https:\/\/roveyayinevi.com.tr\/index.php\/wp-json\/wp\/v2\/product"}],"about":[{"href":"https:\/\/roveyayinevi.com.tr\/index.php\/wp-json\/wp\/v2\/types\/product"}],"wp:attachment":[{"href":"https:\/\/roveyayinevi.com.tr\/index.php\/wp-json\/wp\/v2\/media?parent=700666"}],"wp:term":[{"taxonomy":"product_brand","embeddable":true,"href":"https:\/\/roveyayinevi.com.tr\/index.php\/wp-json\/wp\/v2\/product_brand?post=700666"},{"taxonomy":"product_cat","embeddable":true,"href":"https:\/\/roveyayinevi.com.tr\/index.php\/wp-json\/wp\/v2\/product_cat?post=700666"},{"taxonomy":"product_tag","embeddable":true,"href":"https:\/\/roveyayinevi.com.tr\/index.php\/wp-json\/wp\/v2\/product_tag?post=700666"}],"curies":[{"name":"wp","href":"https:\/\/api.w.org\/{rel}","templated":true}]}}