{"id":700665,"date":"2025-08-27T15:01:36","date_gmt":"2025-08-27T12:01:36","guid":{"rendered":"https:\/\/roveyayinevi.com.tr\/index.php\/urun\/halk-siiri-ve-divan-siirinin-musterekleri\/"},"modified":"2026-04-16T02:10:00","modified_gmt":"2026-04-15T23:10:00","slug":"halk-siiri-ve-divan-siirinin-musterekleri","status":"publish","type":"product","link":"https:\/\/roveyayinevi.com.tr\/index.php\/urun\/halk-siiri-ve-divan-siirinin-musterekleri\/","title":{"rendered":"Halk \u015eiiri ve Divan \u015eiirinin M\u00fc\u015fterekleri"},"content":{"rendered":"<p>Ben T\u00fcrk \u015fiirini g\u00fcl-i ra&#8217;n\u00e2ya benzetiyorum; yar\u0131 sar\u0131 yar\u0131 k\u0131rm\u0131z\u0131&#8230; Halk ve divan gelene\u011finden beslendi\u011fi i\u00e7in iki renkli. Rengini, kokusunu bizim havam\u0131z, suyumuz ve topra\u011f\u0131m\u0131zdan alan, bizim besleyip b\u00fcy\u00fctt\u00fc\u011f\u00fcm\u00fcz bir g\u00fcl.      Edebiyat\u0131m\u0131z\u0131 do\u011fru anlayabilmek i\u00e7in \u00f6nce zihnimizdeki ikili\u011fi kald\u0131rmam\u0131z gerekti\u011fine inan\u0131yorum. T\u00fcrk k\u00fclt\u00fcr\u00fc, tarihi ve sanat\u0131 gibi edebiyat\u0131 da bir b\u00fct\u00fcn. \u015eiir de bu b\u00fct\u00fcnl\u00fck i\u00e7inde geli\u015fimini s\u00fcrd\u00fcr\u00fcyor. Farkl\u0131 estetik \u00e7izgilere sahip olmakla birlikte, ortak bir k\u00fclt\u00fcr birikimine yaslanan halk ve divan edebiyatlar\u0131m\u0131z\u0131n m\u00fc\u015fterekleri tahmin etti\u011fimizden \u00e7ok daha fazla. \u015eimdiye kadar \u0131srarla farkl\u0131 taraflar\u0131na dikkat \u00e7ekildi\u011finden bu ikisinin biri birine z\u0131t ve tamam\u0131yla farkl\u0131 edebiyatlar oldu\u011fu san\u0131lm\u0131\u015f, arada u\u00e7urumlar yarat\u0131lm\u0131\u015ft\u0131r. Ben bunun b\u00f6yle olmad\u0131\u011f\u0131n\u0131 \u00f6rnekleriyle ortaya koymaya \u00e7al\u0131\u015ft\u0131m. Bu iki edebiyattan birini tercih veya reddetme durumunda oldu\u011fumuzu sanm\u0131yorum. \u0130kisi de bizim. \u0130kisi de m\u00fc\u015fterek ya\u015fanm\u0131\u015f bir k\u00fclt\u00fcr\u00fcn i\u00e7inden s\u00fcz\u00fcl\u00fcp geliyor.      Ben halk ve divan \u015fiirinin kap\u0131lar\u0131n\u0131 aral\u0131yarak baz\u0131 g\u00fczellikleri g\u00f6stermeye \u00e7al\u0131\u015ft\u0131m. Okuyucu bu kap\u0131dan girdikten sonra kendisi yeni yeni g\u00fczellikler ke\u015ffedebilecektir. Gelenekten faydalanma konusunda tart\u0131\u015fmalar\u0131n devam etti\u011fi g\u00fcn\u00fcm\u00fczde, bu yazd\u0131klar\u0131m\u0131z\u0131n konuya \u0131\u015f\u0131k tutmas\u0131n\u0131 diliyorum.<\/p>\n","protected":false},"excerpt":{"rendered":"<p>Ben T\u00fcrk \u015fiirini g\u00fcl-i ra&#8217;n\u00e2ya benzetiyorum; yar\u0131 sar\u0131 yar\u0131 k\u0131rm\u0131z\u0131&#8230; Halk ve divan gelene\u011finden beslendi\u011fi i\u00e7in iki renkli. Rengini, kokusunu bizim havam\u0131z, suyumuz ve topra\u011f\u0131m\u0131zdan alan,<span class=\"excerpt-hellip\"> [\u2026]<\/span><\/p>\n","protected":false},"featured_media":0,"template":"","meta":{"_monsterinsights_skip_tracking":false,"_monsterinsights_sitenote_active":false,"_monsterinsights_sitenote_note":"","_monsterinsights_sitenote_category":0},"product_brand":[],"product_cat":[12291,12711],"product_tag":[],"class_list":{"0":"post-700665","1":"product","2":"type-product","3":"status-publish","5":"product_cat-edebiyat","6":"product_cat-roman-oyku","7":"pa_cilt-ciltsiz","8":"pa_tur-kitap","9":"pa_yayinevi-berikan-yayinlari","10":"pa_yazar-cemal-kurnaz","12":"first","13":"instock","14":"sale","15":"shipping-taxable","16":"purchasable","17":"product-type-simple"},"_links":{"self":[{"href":"https:\/\/roveyayinevi.com.tr\/index.php\/wp-json\/wp\/v2\/product\/700665","targetHints":{"allow":["GET"]}}],"collection":[{"href":"https:\/\/roveyayinevi.com.tr\/index.php\/wp-json\/wp\/v2\/product"}],"about":[{"href":"https:\/\/roveyayinevi.com.tr\/index.php\/wp-json\/wp\/v2\/types\/product"}],"wp:attachment":[{"href":"https:\/\/roveyayinevi.com.tr\/index.php\/wp-json\/wp\/v2\/media?parent=700665"}],"wp:term":[{"taxonomy":"product_brand","embeddable":true,"href":"https:\/\/roveyayinevi.com.tr\/index.php\/wp-json\/wp\/v2\/product_brand?post=700665"},{"taxonomy":"product_cat","embeddable":true,"href":"https:\/\/roveyayinevi.com.tr\/index.php\/wp-json\/wp\/v2\/product_cat?post=700665"},{"taxonomy":"product_tag","embeddable":true,"href":"https:\/\/roveyayinevi.com.tr\/index.php\/wp-json\/wp\/v2\/product_tag?post=700665"}],"curies":[{"name":"wp","href":"https:\/\/api.w.org\/{rel}","templated":true}]}}