{"id":700661,"date":"2025-08-27T15:01:35","date_gmt":"2025-08-27T12:01:35","guid":{"rendered":"https:\/\/roveyayinevi.com.tr\/index.php\/urun\/teskilati-mahsusa\/"},"modified":"2026-04-16T02:10:00","modified_gmt":"2026-04-15T23:10:00","slug":"teskilati-mahsusa","status":"publish","type":"product","link":"https:\/\/roveyayinevi.com.tr\/index.php\/urun\/teskilati-mahsusa\/","title":{"rendered":"Te\u015fkilat\u0131 Mahsusa"},"content":{"rendered":"<p>Gizli servislerle ilgili \u00e7al\u0131\u015fmalar\u0131yla tan\u0131nan Ergun Hi\u00e7y\u0131lmaz Te\u015fkilat\u0131 Mahsusa&#8217;n\u0131n bilinmeyen y\u00f6nlerini a\u00e7\u0131\u011fa \u00e7\u0131kararak kafalardaki soru i\u015faretlerini gideriyor. \u00d6zel foto\u011fraflarla desteklenen kitap \u015fimdiye kadar adlar\u0131 hi\u00e7 bilinmeyen Te\u015fkilat\u0131 Mahsusa mensuplar\u0131 ve yabanc\u0131 gizli servis elemanlar\u0131 hakk\u0131nda \u00f6nemli bilgiler veriyor. Te\u015fkilat\u0131 Mahsusa&#8217;n\u0131n yemini, yap\u0131s\u0131, g\u00f6revi, kadrosu, faaliyet alan\u0131, eylemleri; ihanetler ve haks\u0131zl\u0131klar; casuslu\u011fun k\u0131sa tarihi; di\u011fer milli cemiyetlere dair \u00f6nemli bilgiler; \u0130ttihat ve Terakki&#8217;nin merkezi Fenerbah\u00e7e; Halil Pa\u015fa&#8217;n\u0131n kad\u0131n k\u0131l\u0131\u011f\u0131nda Anadolu&#8217;ya ge\u00e7i\u015f hik\u00e2yesi&#8230; <\/p>\n","protected":false},"excerpt":{"rendered":"<p>Gizli servislerle ilgili \u00e7al\u0131\u015fmalar\u0131yla tan\u0131nan Ergun Hi\u00e7y\u0131lmaz Te\u015fkilat\u0131 Mahsusa&#8217;n\u0131n bilinmeyen y\u00f6nlerini a\u00e7\u0131\u011fa \u00e7\u0131kararak kafalardaki soru i\u015faretlerini gideriyor. \u00d6zel foto\u011fraflarla desteklenen kitap \u015fimdiye kadar adlar\u0131 hi\u00e7 bilinmeyen<span class=\"excerpt-hellip\"> [\u2026]<\/span><\/p>\n","protected":false},"featured_media":0,"template":"","meta":{"_monsterinsights_skip_tracking":false,"_monsterinsights_sitenote_active":false,"_monsterinsights_sitenote_note":"","_monsterinsights_sitenote_category":0},"product_brand":[],"product_cat":[12304,13493],"product_tag":[],"class_list":{"0":"post-700661","1":"product","2":"type-product","3":"status-publish","5":"product_cat-tarih","6":"product_cat-turkiye-ve-cumhuriyet-tarihi","7":"pa_cilt-ciltsiz","8":"pa_tur-kitap","9":"pa_yayinevi-kaynak-yayinlari","10":"pa_yazar-ergun-hicyilmaz","12":"first","13":"instock","14":"sale","15":"shipping-taxable","16":"purchasable","17":"product-type-simple"},"_links":{"self":[{"href":"https:\/\/roveyayinevi.com.tr\/index.php\/wp-json\/wp\/v2\/product\/700661","targetHints":{"allow":["GET"]}}],"collection":[{"href":"https:\/\/roveyayinevi.com.tr\/index.php\/wp-json\/wp\/v2\/product"}],"about":[{"href":"https:\/\/roveyayinevi.com.tr\/index.php\/wp-json\/wp\/v2\/types\/product"}],"wp:attachment":[{"href":"https:\/\/roveyayinevi.com.tr\/index.php\/wp-json\/wp\/v2\/media?parent=700661"}],"wp:term":[{"taxonomy":"product_brand","embeddable":true,"href":"https:\/\/roveyayinevi.com.tr\/index.php\/wp-json\/wp\/v2\/product_brand?post=700661"},{"taxonomy":"product_cat","embeddable":true,"href":"https:\/\/roveyayinevi.com.tr\/index.php\/wp-json\/wp\/v2\/product_cat?post=700661"},{"taxonomy":"product_tag","embeddable":true,"href":"https:\/\/roveyayinevi.com.tr\/index.php\/wp-json\/wp\/v2\/product_tag?post=700661"}],"curies":[{"name":"wp","href":"https:\/\/api.w.org\/{rel}","templated":true}]}}